{"id":5051,"date":"2025-08-25T15:18:42","date_gmt":"2025-08-25T15:18:42","guid":{"rendered":"https:\/\/logitech.cms.com.vn\/?post_type=product&#038;p=5051"},"modified":"2025-09-18T09:41:09","modified_gmt":"2025-09-18T09:41:09","slug":"c922-pro-hd-webcam","status":"publish","type":"product","link":"https:\/\/logitech.cms.com.vn\/en\/san-pham\/c922-pro-hd-webcam\/","title":{"rendered":"C922 Pro HD Webcam"},"content":{"rendered":"\n\t<section class=\"section sec_pro_tn\" id=\"section_1135779775\">\n\t\t<div class=\"section-bg fill\" >\n\t\t\t\t\t\t\t\t\t\n\t\t\t\n\n\t\t<\/div>\n\n\t\t\n\n\t\t<div class=\"section-content relative\">\n\t\t\t\n<div class=\"row align-middle align-center row_pro_tn\"  id=\"row-713452232\">\n\n\t<div id=\"col-1371078686\" class=\"col divorder medium-6 small-12 large-8\"  >\n\t\t\t\t<div class=\"col-inner text-center\"  >\n\t\t\t\n\t\t\t\n<h3 class=\"uppercase\" style=\"text-align: center;\">\u0110\u01af\u1ee2C THI\u1ebeT K\u1ebe CHO NH\u1eeeNG NG\u01af\u1edcI TRUY\u1ec0N TR\u1ef0C TUY\u1ebeN TH\u1ef0C S\u1ef0<\/h3>\n<div style=\"text-align: center;\">\n<p>K\u1ebft n\u1ed1i v\u1edbi s\u1ef1 r\u00f5 n\u00e9t \u01b0u vi\u1ec7t m\u1ed7i l\u1ea7n b\u1ea1n ph\u00e1t tr\u1ef1c ti\u1ebfp tr\u00ean c\u00e1c k\u00eanh nh\u01b0 Twitch v\u00e0 YouTube. Truy\u1ec1n tr\u1ef1c tuy\u1ebfn m\u1ecdi th\u1ee9 b\u1ea1n mu\u1ed1n v\u1edbi l\u1ef1a ch\u1ecdn Full 1080p \u1edf 30 fps hay si\u00eau nhanh HD 720p \u1edf 60 fps. Truy\u1ec1n ph\u00e1t xu\u1ea5t s\u1eafc v\u1edbi \u00e2m thanh \u1ed5n \u0111\u1ecbnh kh\u00f4ng m\u1ea5t m\u00e1t, t\u00ednh n\u0103ng l\u1ea5y n\u00e9t t\u1ef1 \u0111\u1ed9ng v\u00e0 g\u00f3c xem ch\u00e9o 78\u00b0.<\/p>\n<\/div>\n\t\t<\/div>\n\t\t\t\t\n<style>\n#col-1371078686 > .col-inner {\n  margin: -20px 0px 0px 0px;\n}\n<\/style>\n\t<\/div>\n\n\t\n\n\t<div id=\"col-1327319092\" class=\"col small-12 large-12\"  >\n\t\t\t\t<div class=\"col-inner\"  >\n\t\t\t\n\t\t\t\n\t<div class=\"img has-hover x md-x lg-x y md-y lg-y\" id=\"image_1931914219\">\n\t\t\t\t\t\t\t\t<div class=\"img-inner dark\" style=\"margin:0px 0px 0px 0px;\">\n\t\t\t<img decoding=\"async\" width=\"1020\" height=\"574\" src=\"https:\/\/logitech.cms.com.vn\/wp-content\/uploads\/2025\/08\/c922-intro-1400x788.webp\" class=\"attachment-large size-large\" alt=\"\" srcset=\"https:\/\/logitech.cms.com.vn\/wp-content\/uploads\/2025\/08\/c922-intro-1400x788.webp 1400w, https:\/\/logitech.cms.com.vn\/wp-content\/uploads\/2025\/08\/c922-intro-711x400.webp 711w, https:\/\/logitech.cms.com.vn\/wp-content\/uploads\/2025\/08\/c922-intro-768x432.webp 768w, https:\/\/logitech.cms.com.vn\/wp-content\/uploads\/2025\/08\/c922-intro-300x169.webp 300w, https:\/\/logitech.cms.com.vn\/wp-content\/uploads\/2025\/08\/c922-intro-600x338.webp 600w, https:\/\/logitech.cms.com.vn\/wp-content\/uploads\/2025\/08\/c922-intro.webp 1440w\" sizes=\"(max-width: 1020px) 100vw, 1020px\" \/>\t\t\t\t\t\t\n\t\t\t\t\t<\/div>\n\t\t\t\t\t\t\t\t\n<style>\n#image_1931914219 {\n  width: 100%;\n}\n<\/style>\n\t<\/div>\n\t\n\t\t<\/div>\n\t\t\t\t\n<style>\n#col-1327319092 > .col-inner {\n  margin: -20px 0px 0px 0px;\n}\n<\/style>\n\t<\/div>\n\n\t\n\n<style>\n#row-713452232 > .col > .col-inner {\n  padding: 50px 0px 0px 0px;\n}\n<\/style>\n<\/div>\n\t\t<\/div>\n\n\t\t\n<style>\n#section_1135779775 {\n  padding-top: 30px;\n  padding-bottom: 30px;\n}\n<\/style>\n\t<\/section>\n\t\n\n\t<section class=\"section sec_tn_main\" id=\"section_1683688057\">\n\t\t<div class=\"section-bg fill\" >\n\t\t\t\t\t\t\t\t\t\n\t\t\t\n\n\t\t<\/div>\n\n\t\t\n\n\t\t<div class=\"section-content relative\">\n\t\t\t\n<div class=\"container section-title-container tittlehome\" ><h3 class=\"section-title section-title-center\"><b aria-hidden=\"true\"><\/b><span class=\"section-title-main\" ><i class=\"icon-star\" aria-hidden=\"true\"><\/i>Nh\u1eefng t\u00ednh n\u0103ng ch\u00ednh<\/span><b aria-hidden=\"true\"><\/b><\/h3><\/div>\n<div class=\"row align-equal align-center\"  id=\"row-1907468241\">\n\n\t<div id=\"col-128081575\" class=\"col medium-4 small-12 large-4\"  >\n\t\t\t\t<div class=\"col-inner\"  >\n\t\t\t\n\t\t\t\n\t<div class=\"box has-hover imgbox_tn  has-hover box-text-bottom\" >\n\n\t\t<div class=\"box-image\" >\n\t\t\t\t\t\t<div class=\"\" >\n\t\t\t\t<img decoding=\"async\" width=\"776\" height=\"437\" src=\"https:\/\/logitech.cms.com.vn\/wp-content\/uploads\/2025\/08\/c922-feature-1-desktop.webp\" class=\"attachment- size-\" alt=\"\" srcset=\"https:\/\/logitech.cms.com.vn\/wp-content\/uploads\/2025\/08\/c922-feature-1-desktop.webp 776w, https:\/\/logitech.cms.com.vn\/wp-content\/uploads\/2025\/08\/c922-feature-1-desktop-710x400.webp 710w, https:\/\/logitech.cms.com.vn\/wp-content\/uploads\/2025\/08\/c922-feature-1-desktop-768x432.webp 768w, https:\/\/logitech.cms.com.vn\/wp-content\/uploads\/2025\/08\/c922-feature-1-desktop-300x169.webp 300w, https:\/\/logitech.cms.com.vn\/wp-content\/uploads\/2025\/08\/c922-feature-1-desktop-600x338.webp 600w\" sizes=\"(max-width: 776px) 100vw, 776px\" \/>\t\t\t\t\t\t\t\t\t\t\t<\/div>\n\t\t\t\t\t<\/div>\n\n\t\t<div class=\"box-text text-center\" >\n\t\t\t<div class=\"box-text-inner\">\n\t\t\t\t\n\t<div id=\"text-1572994998\" class=\"text\">\n\t\t\n<h4>TRUY\u1ec0N TR\u1ef0C TUY\u1ebeN 1080P C\u00d3 \u0110\u1ed8 PH\u00c2N GI\u1ea2I CAO<\/h4>\n<div class=\"showh\"><\/div>\n<div class=\"show_content\">\n<p>Truy\u1ec1n tr\u1ef1c tuy\u1ebfn v\u00e0 quay video r\u1ef1c r\u1ee1, ch\u00e2n th\u1eadt. C922 bao g\u1ed3m th\u1ea5u k\u00ednh c\u00f3 t\u00ednh n\u0103ng l\u1ea5y n\u00e9t t\u1ef1 \u0111\u1ed9ng v\u00e0 g\u00f3c xem ch\u00e9o 78\u00b0. Kh\u1ea3 n\u0103ng truy\u1ec1n tr\u1ef1c tuy\u1ebfn Full HD thu \u0111\u01b0\u1ee3c m\u1ecdi chi ti\u1ebft, v\u1edbi m\u00e0u s\u1eafc t\u01b0\u01a1i s\u00e1ng, t\u1ef1 nhi\u00ean v\u00e0 video m\u01b0\u1ee3t m\u00e0 \u1edf 1080p\/30 fps &#8211; v\u00e0 HD \u1edf 720p\/60fps. S\u1eed d\u1ee5ng Capture \u0111\u1ec3 thu ph\u00f3ng, qu\u00e9t ngang v\u00e0 ch\u1ec9nh s\u1eeda.<\/p>\n<\/div>\n\t\t\n<style>\n#text-1572994998 {\n  text-align: left;\n}\n<\/style>\n\t<\/div>\n\t\n\t\t\t<\/div>\n\t\t<\/div>\n\t<\/div>\n\t\n\t\t<\/div>\n\t\t\t\t\t<\/div>\n\n\t\n\n\t<div id=\"col-1457343037\" class=\"col medium-4 small-12 large-4\"  >\n\t\t\t\t<div class=\"col-inner\"  >\n\t\t\t\n\t\t\t\n\t<div class=\"box has-hover imgbox_tn  has-hover box-text-bottom\" >\n\n\t\t<div class=\"box-image\" >\n\t\t\t\t\t\t<div class=\"\" >\n\t\t\t\t<img decoding=\"async\" width=\"776\" height=\"437\" src=\"https:\/\/logitech.cms.com.vn\/wp-content\/uploads\/2025\/08\/c922-feature-2.webp\" class=\"attachment- size-\" alt=\"\" srcset=\"https:\/\/logitech.cms.com.vn\/wp-content\/uploads\/2025\/08\/c922-feature-2.webp 776w, https:\/\/logitech.cms.com.vn\/wp-content\/uploads\/2025\/08\/c922-feature-2-710x400.webp 710w, https:\/\/logitech.cms.com.vn\/wp-content\/uploads\/2025\/08\/c922-feature-2-768x432.webp 768w, https:\/\/logitech.cms.com.vn\/wp-content\/uploads\/2025\/08\/c922-feature-2-300x169.webp 300w, https:\/\/logitech.cms.com.vn\/wp-content\/uploads\/2025\/08\/c922-feature-2-600x338.webp 600w\" sizes=\"(max-width: 776px) 100vw, 776px\" \/>\t\t\t\t\t\t\t\t\t\t\t<\/div>\n\t\t\t\t\t<\/div>\n\n\t\t<div class=\"box-text text-center\" >\n\t\t\t<div class=\"box-text-inner\">\n\t\t\t\t\n\t<div id=\"text-2011702166\" class=\"text\">\n\t\t\n<h4>T\u1ed0C \u0110\u1ed8 KHUNG H\u00ccNH SI\u00caU NHANH<\/h4>\n<div class=\"showh\"><\/div>\n<div class=\"show_content\">\n<p>Nh\u1eefng ng\u01b0\u1eddi truy\u1ec1n tr\u1ef1c tuy\u1ebfn th\u1ef1c s\u1ef1 c\u1ea7n t\u1ed1c \u0111\u1ed9 khung h\u00ecnh si\u00eau nhanh l\u00e0 60 fps \u1edf 720p, t\u1ea1o ra video \u0111\u1eb7c bi\u1ec7t m\u01b0\u1ee3t m\u00e0, v\u00e0 \u0111\u00f3 l\u00e0 nh\u1eefng g\u00ec C922 mang l\u1ea1i. B\u1ea1n s\u1ebd truy\u1ec1n tr\u1ef1c tuy\u1ebfn m\u00e0 kh\u00f4ng b\u1ecb tr\u1ec5 hay m\u00e9o h\u00ecnh.<\/p>\n<\/div>\n\t\t\n<style>\n#text-2011702166 {\n  text-align: left;\n}\n<\/style>\n\t<\/div>\n\t\n\t\t\t<\/div>\n\t\t<\/div>\n\t<\/div>\n\t\n\t\t<\/div>\n\t\t\t\t\t<\/div>\n\n\t\n\n\t<div id=\"col-1370955758\" class=\"col medium-4 small-12 large-4\"  >\n\t\t\t\t<div class=\"col-inner\"  >\n\t\t\t\n\t\t\t\n\t<div class=\"box has-hover imgbox_tn  has-hover box-text-bottom\" >\n\n\t\t<div class=\"box-image\" >\n\t\t\t\t\t\t<div class=\"\" >\n\t\t\t\t<img decoding=\"async\" width=\"776\" height=\"437\" src=\"https:\/\/logitech.cms.com.vn\/wp-content\/uploads\/2025\/08\/c922-feature-3.webp\" class=\"attachment- size-\" alt=\"\" srcset=\"https:\/\/logitech.cms.com.vn\/wp-content\/uploads\/2025\/08\/c922-feature-3.webp 776w, https:\/\/logitech.cms.com.vn\/wp-content\/uploads\/2025\/08\/c922-feature-3-710x400.webp 710w, https:\/\/logitech.cms.com.vn\/wp-content\/uploads\/2025\/08\/c922-feature-3-768x432.webp 768w, https:\/\/logitech.cms.com.vn\/wp-content\/uploads\/2025\/08\/c922-feature-3-300x169.webp 300w, https:\/\/logitech.cms.com.vn\/wp-content\/uploads\/2025\/08\/c922-feature-3-600x338.webp 600w\" sizes=\"(max-width: 776px) 100vw, 776px\" \/>\t\t\t\t\t\t\t\t\t\t\t<\/div>\n\t\t\t\t\t<\/div>\n\n\t\t<div class=\"box-text text-center\" >\n\t\t\t<div class=\"box-text-inner\">\n\t\t\t\t\n\t<div id=\"text-1711013661\" class=\"text\">\n\t\t\n<h4>T\u1ef0 \u0110\u1ed8NG \u0110I\u1ec0U CH\u1ec8NH \u00c1NH S\u00c1NG<\/h4>\n<div class=\"showh\"><\/div>\n<div class=\"show_content\">\n<p>T\u00ednh n\u0103ng l\u1ea5y n\u00e9t t\u1ef1 \u0111\u1ed9ng HD v\u00e0 \u0111i\u1ec1u ch\u1ec9nh \u00e1nh s\u00e1ng ho\u1ea1t \u0111\u1ed9ng \u0111\u1ec3 tinh ch\u1ec9nh \u0111i\u1ec1u ki\u1ec7n \u00e1nh s\u00e1ng, t\u1ea1o ra video s\u1eafc n\u00e9t, c\u00f3 \u0111\u1ed9 ph\u00e2n gi\u1ea3i cao \u1edf m\u1ecdi m\u1ee9c \u00e1nh s\u00e1ng, do \u0111\u00f3 b\u1ea1n lu\u00f4n c\u00f3 h\u00ecnh \u1ea3nh \u0111\u1eb9p tr\u00ean bu\u1ed5i truy\u1ec1n ph\u00e1t.<\/p>\n<\/div>\n\t\t\n<style>\n#text-1711013661 {\n  text-align: left;\n}\n<\/style>\n\t<\/div>\n\t\n\t\t\t<\/div>\n\t\t<\/div>\n\t<\/div>\n\t\n\t\t<\/div>\n\t\t\t\t\t<\/div>\n\n\t\n<\/div>\n<div class=\"row align-equal align-center\"  id=\"row-1510986745\">\n\n\t<div id=\"col-1543748730\" class=\"col medium-4 small-12 large-4\"  >\n\t\t\t\t<div class=\"col-inner\"  >\n\t\t\t\n\t\t\t\n\t<div class=\"box has-hover imgbox_tn  has-hover box-text-bottom\" >\n\n\t\t<div class=\"box-image\" >\n\t\t\t\t\t\t<div class=\"\" >\n\t\t\t\t<img decoding=\"async\" width=\"776\" height=\"437\" src=\"https:\/\/logitech.cms.com.vn\/wp-content\/uploads\/2025\/08\/c922-feature-4-desktop.webp\" class=\"attachment- size-\" alt=\"\" srcset=\"https:\/\/logitech.cms.com.vn\/wp-content\/uploads\/2025\/08\/c922-feature-4-desktop.webp 776w, https:\/\/logitech.cms.com.vn\/wp-content\/uploads\/2025\/08\/c922-feature-4-desktop-710x400.webp 710w, https:\/\/logitech.cms.com.vn\/wp-content\/uploads\/2025\/08\/c922-feature-4-desktop-768x432.webp 768w, https:\/\/logitech.cms.com.vn\/wp-content\/uploads\/2025\/08\/c922-feature-4-desktop-300x169.webp 300w, https:\/\/logitech.cms.com.vn\/wp-content\/uploads\/2025\/08\/c922-feature-4-desktop-600x338.webp 600w\" sizes=\"(max-width: 776px) 100vw, 776px\" \/>\t\t\t\t\t\t\t\t\t\t\t<\/div>\n\t\t\t\t\t<\/div>\n\n\t\t<div class=\"box-text text-center\" >\n\t\t\t<div class=\"box-text-inner\">\n\t\t\t\t\n\t<div id=\"text-2769249074\" class=\"text\">\n\t\t\n<h4>\u00c2M THANH N\u1ed4I V\u1edaI MIC K\u00c9P<\/h4>\n<div class=\"showh\"><\/div>\n<div class=\"show_content\">\n<p>\u0110\u01b0\u1ee3c trang b\u1ecb 2 micr\u00f4 thu m\u1ecdi h\u01b0\u1edbng, Webcam C922 Pro n\u1eafm b\u1eaft \u0111\u01b0\u1ee3c \u00e2m thanh ch\u00e2n th\u1eadt h\u01a1n t\u1eeb nhi\u1ec1u g\u00f3c \u0111\u1ed9 &#8211; do \u0111\u00f3 gi\u1ecdng n\u00f3i c\u1ee7a b\u1ea1n truy\u1ec1n \u0111i r\u00f5 r\u00e0ng v\u00e0 t\u1ef1 nhi\u00ean trong bu\u1ed5i truy\u1ec1n ph\u00e1t.<\/p>\n<\/div>\n\t\t\n<style>\n#text-2769249074 {\n  text-align: left;\n}\n<\/style>\n\t<\/div>\n\t\n\t\t\t<\/div>\n\t\t<\/div>\n\t<\/div>\n\t\n\t\t<\/div>\n\t\t\t\t\t<\/div>\n\n\t\n\n\t<div id=\"col-1456013302\" class=\"col medium-4 small-12 large-4\"  >\n\t\t\t\t<div class=\"col-inner\"  >\n\t\t\t\n\t\t\t\n\t<div class=\"box has-hover imgbox_tn  has-hover box-text-bottom\" >\n\n\t\t<div class=\"box-image\" >\n\t\t\t\t\t\t<div class=\"\" >\n\t\t\t\t<img decoding=\"async\" width=\"776\" height=\"437\" src=\"https:\/\/logitech.cms.com.vn\/wp-content\/uploads\/2025\/08\/logi-tune-for-video-conferencing-ui-tab.webp\" class=\"attachment- size-\" alt=\"\" srcset=\"https:\/\/logitech.cms.com.vn\/wp-content\/uploads\/2025\/08\/logi-tune-for-video-conferencing-ui-tab.webp 776w, https:\/\/logitech.cms.com.vn\/wp-content\/uploads\/2025\/08\/logi-tune-for-video-conferencing-ui-tab-710x400.webp 710w, https:\/\/logitech.cms.com.vn\/wp-content\/uploads\/2025\/08\/logi-tune-for-video-conferencing-ui-tab-768x432.webp 768w, https:\/\/logitech.cms.com.vn\/wp-content\/uploads\/2025\/08\/logi-tune-for-video-conferencing-ui-tab-300x169.webp 300w, https:\/\/logitech.cms.com.vn\/wp-content\/uploads\/2025\/08\/logi-tune-for-video-conferencing-ui-tab-600x338.webp 600w\" sizes=\"(max-width: 776px) 100vw, 776px\" \/>\t\t\t\t\t\t\t\t\t\t\t<\/div>\n\t\t\t\t\t<\/div>\n\n\t\t<div class=\"box-text text-center\" >\n\t\t\t<div class=\"box-text-inner\">\n\t\t\t\t\n\t<div id=\"text-2750694333\" class=\"text\">\n\t\t\n<h4>L\u00c0M CH\u1ee6 \u00c2M THANH CHO CU\u1ed8C H\u1eccP VIDEO<\/h4>\n<div class=\"show_content\">\n<p>Ch\u1ecdn c\u00e1ch b\u1ea1n xu\u1ea5t hi\u1ec7n trong cu\u1ed9c h\u1ecdp video. S\u1eed d\u1ee5ng ph\u1ea7n m\u1ec1m webcam Logi Tune \u0111\u1ec3 \u0111i\u1ec1u ch\u1ec9nh c\u00e1c c\u00e0i \u0111\u1eb7t nh\u01b0 thu ph\u00f3ng v\u00e0 tr\u01b0\u1eddng ng\u1eafm \u0111\u1ec3 th\u1ec3 hi\u1ec7n b\u1ea3n th\u00e2n tuy\u1ec7t v\u1eddi nh\u1ea5t. C\u1eadp nh\u1eadt webcam v\u00e0 tham gia v\u00e0o c\u00e1c cu\u1ed9c h\u1ecdp ch\u1ec9 v\u1edbi m\u1ed9t c\u00fa nh\u1ea5p chu\u1ed9t.<\/p>\n<\/div>\n\t\t\n<style>\n#text-2750694333 {\n  text-align: left;\n}\n<\/style>\n\t<\/div>\n\t\n\t\t\t<\/div>\n\t\t<\/div>\n\t<\/div>\n\t\n\t\t<\/div>\n\t\t\t\t\t<\/div>\n\n\t\n<\/div>\n\t\t<\/div>\n\n\t\t\n<style>\n#section_1683688057 {\n  padding-top: 30px;\n  padding-bottom: 30px;\n}\n<\/style>\n\t<\/section>\n\t\n","protected":false},"excerpt":{"rendered":"<p data-start=\"88\" data-end=\"153\">Webcam livestream 1080p \u1edf 30fps ho\u1eb7c 720p si\u00eau m\u01b0\u1ee3t \u1edf 60fps<\/p>\n<ul>\n<li data-start=\"225\" data-end=\"301\">M\u00e0u s\u1eafc trung th\u1ef1c cho Twitch, YouTube v\u00e0 nhi\u1ec1u n\u1ec1n t\u1ea3ng<\/li>\n<li data-start=\"304\" data-end=\"360\">L\u00fd t\u01b0\u1edfng cho l\u00e0m vi\u1ec7c tr\u1ef1c tuy\u1ebfn<\/li>\n<\/ul>\n","protected":false},"featured_media":5059,"comment_status":"open","ping_status":"closed","template":"","meta":[],"product_brand":[],"product_cat":[178,196],"product_tag":[],"class_list":{"0":"post-5051","1":"product","2":"type-product","3":"status-publish","4":"has-post-thumbnail","6":"product_cat-headsets-webcams","7":"product_cat-webcams","8":"pa_do-phan-giai-khung-hinh-giay-1080p-30fps-en","9":"pa_do-phan-giai-khung-hinh-giay-720p-30fps-en","10":"pa_do-phan-giai-khung-hinh-giay-720p-60fps-en","11":"pa_do-phan-giai-khung-hinh-giay-chan-may-di-kem-en","12":"pa_duoc-chung-nhan-tuong-thich-google-meet-en","13":"pa_tinh-nang-2-mic-thu-moi-huong-en","14":"pa_tinh-nang-chu-de-chan-may-en","15":"pa_tinh-nang-dang-ky-phan-mem-xsplit-en","16":"pa_tinh-nang-kep-pho-dung-en","17":"pa_tinh-nang-lay-net-tu-dong-en","18":"pa_tinh-nang-logi-capture-en","19":"pa_tinh-nang-quet-ngang-nghieng-en","20":"pa_tinh-nang-thau-kinh-en","21":"pa_tinh-nang-truyen-truc-tuyen-quay-phim-en","22":"pa_tinh-nang-ung-dung-logi-tune-en","24":"first","25":"instock","26":"sale","27":"shipping-taxable","28":"purchasable","29":"product-type-simple"},"acf":[],"yoast_head":"<!-- This site is optimized with the Yoast SEO plugin v26.5 - https:\/\/yoast.com\/wordpress\/plugins\/seo\/ -->\n<title>C922 Pro HD Webcam - CMS-LOGITECH<\/title>\n<meta name=\"robots\" content=\"index, follow, max-snippet:-1, max-image-preview:large, max-video-preview:-1\" \/>\n<link rel=\"canonical\" href=\"https:\/\/logitech.cms.com.vn\/en\/san-pham\/c922-pro-hd-webcam\/\" \/>\n<meta property=\"og:locale\" content=\"en_US\" \/>\n<meta property=\"og:type\" content=\"article\" \/>\n<meta property=\"og:title\" content=\"C922 Pro HD Webcam - CMS-LOGITECH\" \/>\n<meta property=\"og:description\" content=\"Webcam livestream 1080p \u1edf 30fps ho\u1eb7c 720p si\u00eau m\u01b0\u1ee3t \u1edf 60fps    M\u00e0u s\u1eafc trung th\u1ef1c cho Twitch, YouTube v\u00e0 nhi\u1ec1u n\u1ec1n t\u1ea3ng  L\u00fd t\u01b0\u1edfng cho l\u00e0m vi\u1ec7c tr\u1ef1c tuy\u1ebfn\" \/>\n<meta property=\"og:url\" content=\"https:\/\/logitech.cms.com.vn\/en\/san-pham\/c922-pro-hd-webcam\/\" \/>\n<meta property=\"og:site_name\" content=\"CMS-LOGITECH\" \/>\n<meta property=\"article:publisher\" content=\"https:\/\/www.facebook.com\/CMSCo.Ltd\" \/>\n<meta property=\"article:modified_time\" content=\"2025-09-18T09:41:09+00:00\" \/>\n<meta property=\"og:image\" content=\"https:\/\/logitech.cms.com.vn\/wp-content\/uploads\/2025\/08\/c922-gallery-1.webp\" \/>\n\t<meta property=\"og:image:width\" content=\"544\" \/>\n\t<meta property=\"og:image:height\" content=\"466\" \/>\n\t<meta property=\"og:image:type\" content=\"image\/webp\" \/>\n<meta name=\"twitter:card\" content=\"summary_large_image\" \/>\n<meta name=\"twitter:label1\" content=\"Est. reading time\" \/>\n\t<meta name=\"twitter:data1\" content=\"3 minutes\" \/>\n<script type=\"application\/ld+json\" class=\"yoast-schema-graph\">{\"@context\":\"https:\/\/schema.org\",\"@graph\":[{\"@type\":\"WebPage\",\"@id\":\"https:\/\/logitech.cms.com.vn\/en\/san-pham\/c922-pro-hd-webcam\/\",\"url\":\"https:\/\/logitech.cms.com.vn\/en\/san-pham\/c922-pro-hd-webcam\/\",\"name\":\"C922 Pro HD Webcam - CMS-LOGITECH\",\"isPartOf\":{\"@id\":\"https:\/\/logitech.cms.com.vn\/en\/#website\"},\"primaryImageOfPage\":{\"@id\":\"https:\/\/logitech.cms.com.vn\/en\/san-pham\/c922-pro-hd-webcam\/#primaryimage\"},\"image\":{\"@id\":\"https:\/\/logitech.cms.com.vn\/en\/san-pham\/c922-pro-hd-webcam\/#primaryimage\"},\"thumbnailUrl\":\"https:\/\/logitech.cms.com.vn\/wp-content\/uploads\/2025\/08\/c922-gallery-1.webp\",\"datePublished\":\"2025-08-25T15:18:42+00:00\",\"dateModified\":\"2025-09-18T09:41:09+00:00\",\"breadcrumb\":{\"@id\":\"https:\/\/logitech.cms.com.vn\/en\/san-pham\/c922-pro-hd-webcam\/#breadcrumb\"},\"inLanguage\":\"en-US\",\"potentialAction\":[{\"@type\":\"ReadAction\",\"target\":[\"https:\/\/logitech.cms.com.vn\/en\/san-pham\/c922-pro-hd-webcam\/\"]}]},{\"@type\":\"ImageObject\",\"inLanguage\":\"en-US\",\"@id\":\"https:\/\/logitech.cms.com.vn\/en\/san-pham\/c922-pro-hd-webcam\/#primaryimage\",\"url\":\"https:\/\/logitech.cms.com.vn\/wp-content\/uploads\/2025\/08\/c922-gallery-1.webp\",\"contentUrl\":\"https:\/\/logitech.cms.com.vn\/wp-content\/uploads\/2025\/08\/c922-gallery-1.webp\",\"width\":544,\"height\":466},{\"@type\":\"BreadcrumbList\",\"@id\":\"https:\/\/logitech.cms.com.vn\/en\/san-pham\/c922-pro-hd-webcam\/#breadcrumb\",\"itemListElement\":[{\"@type\":\"ListItem\",\"position\":1,\"name\":\"Home\",\"item\":\"https:\/\/logitech.cms.com.vn\/en\/\"},{\"@type\":\"ListItem\",\"position\":2,\"name\":\"Shop\",\"item\":\"https:\/\/logitech.cms.com.vn\/shop\/\"},{\"@type\":\"ListItem\",\"position\":3,\"name\":\"C922 Pro HD Webcam\"}]},{\"@type\":\"WebSite\",\"@id\":\"https:\/\/logitech.cms.com.vn\/en\/#website\",\"url\":\"https:\/\/logitech.cms.com.vn\/en\/\",\"name\":\"CMS X LOGITECH\",\"description\":\"L\u00e0 nh\u00e0 ph\u00e2n ph\u1ed1i chi\u1ebfn l\u01b0\u1ee3c c\u1ee7a Logitech t\u1ea1i Vi\u1ec7t Nam, C\u00f4ng ty TNHH S\u1ea3n xu\u1ea5t v\u00e0 D\u1ecbch v\u1ee5 CMC (CMS) t\u1ef1 h\u00e0o mang \u0111\u1ebfn cho th\u1ecb tr\u01b0\u1eddng nh\u1eefng gi\u1ea3i ph\u00e1p h\u1ed9i h\u1ecdp ch\u00ednh h\u00e3ng, t\u1ed1i \u01b0u cho doanh nghi\u1ec7p thu\u1ed9c m\u1ecdi quy m\u00f4, t\u1eeb startup n\u0103ng \u0111\u1ed9ng \u0111\u1ebfn t\u1eadp \u0111o\u00e0n \u0111a qu\u1ed1c gia.\",\"publisher\":{\"@id\":\"https:\/\/logitech.cms.com.vn\/en\/#organization\"},\"alternateName\":\"C\u00f4ng ty TNHH S\u1ea3n xu\u1ea5t v\u00e0 D\u1ecbch v\u1ee5 CMC\",\"potentialAction\":[{\"@type\":\"SearchAction\",\"target\":{\"@type\":\"EntryPoint\",\"urlTemplate\":\"https:\/\/logitech.cms.com.vn\/en\/?s={search_term_string}\"},\"query-input\":{\"@type\":\"PropertyValueSpecification\",\"valueRequired\":true,\"valueName\":\"search_term_string\"}}],\"inLanguage\":\"en-US\"},{\"@type\":\"Organization\",\"@id\":\"https:\/\/logitech.cms.com.vn\/en\/#organization\",\"name\":\"CMS X LOGITECH\",\"alternateName\":\"C\u00f4ng ty TNHH S\u1ea3n xu\u1ea5t v\u00e0 D\u1ecbch v\u1ee5 CMC\",\"url\":\"https:\/\/logitech.cms.com.vn\/en\/\",\"logo\":{\"@type\":\"ImageObject\",\"inLanguage\":\"en-US\",\"@id\":\"https:\/\/logitech.cms.com.vn\/en\/#\/schema\/logo\/image\/\",\"url\":\"https:\/\/logitech.cms.com.vn\/wp-content\/uploads\/2026\/03\/Logitech_idrFIUkALf_3.png\",\"contentUrl\":\"https:\/\/logitech.cms.com.vn\/wp-content\/uploads\/2026\/03\/Logitech_idrFIUkALf_3.png\",\"width\":400,\"height\":400,\"caption\":\"CMS X LOGITECH\"},\"image\":{\"@id\":\"https:\/\/logitech.cms.com.vn\/en\/#\/schema\/logo\/image\/\"},\"sameAs\":[\"https:\/\/www.facebook.com\/CMSCo.Ltd\"]}]}<\/script>\n<!-- \/ Yoast SEO plugin. -->","yoast_head_json":{"title":"C922 Pro HD Webcam - CMS-LOGITECH","robots":{"index":"index","follow":"follow","max-snippet":"max-snippet:-1","max-image-preview":"max-image-preview:large","max-video-preview":"max-video-preview:-1"},"canonical":"https:\/\/logitech.cms.com.vn\/en\/san-pham\/c922-pro-hd-webcam\/","og_locale":"en_US","og_type":"article","og_title":"C922 Pro HD Webcam - CMS-LOGITECH","og_description":"Webcam livestream 1080p \u1edf 30fps ho\u1eb7c 720p si\u00eau m\u01b0\u1ee3t \u1edf 60fps    M\u00e0u s\u1eafc trung th\u1ef1c cho Twitch, YouTube v\u00e0 nhi\u1ec1u n\u1ec1n t\u1ea3ng  L\u00fd t\u01b0\u1edfng cho l\u00e0m vi\u1ec7c tr\u1ef1c tuy\u1ebfn","og_url":"https:\/\/logitech.cms.com.vn\/en\/san-pham\/c922-pro-hd-webcam\/","og_site_name":"CMS-LOGITECH","article_publisher":"https:\/\/www.facebook.com\/CMSCo.Ltd","article_modified_time":"2025-09-18T09:41:09+00:00","og_image":[{"width":544,"height":466,"url":"https:\/\/logitech.cms.com.vn\/wp-content\/uploads\/2025\/08\/c922-gallery-1.webp","type":"image\/webp"}],"twitter_card":"summary_large_image","twitter_misc":{"Est. reading time":"3 minutes"},"schema":{"@context":"https:\/\/schema.org","@graph":[{"@type":"WebPage","@id":"https:\/\/logitech.cms.com.vn\/en\/san-pham\/c922-pro-hd-webcam\/","url":"https:\/\/logitech.cms.com.vn\/en\/san-pham\/c922-pro-hd-webcam\/","name":"C922 Pro HD Webcam - CMS-LOGITECH","isPartOf":{"@id":"https:\/\/logitech.cms.com.vn\/en\/#website"},"primaryImageOfPage":{"@id":"https:\/\/logitech.cms.com.vn\/en\/san-pham\/c922-pro-hd-webcam\/#primaryimage"},"image":{"@id":"https:\/\/logitech.cms.com.vn\/en\/san-pham\/c922-pro-hd-webcam\/#primaryimage"},"thumbnailUrl":"https:\/\/logitech.cms.com.vn\/wp-content\/uploads\/2025\/08\/c922-gallery-1.webp","datePublished":"2025-08-25T15:18:42+00:00","dateModified":"2025-09-18T09:41:09+00:00","breadcrumb":{"@id":"https:\/\/logitech.cms.com.vn\/en\/san-pham\/c922-pro-hd-webcam\/#breadcrumb"},"inLanguage":"en-US","potentialAction":[{"@type":"ReadAction","target":["https:\/\/logitech.cms.com.vn\/en\/san-pham\/c922-pro-hd-webcam\/"]}]},{"@type":"ImageObject","inLanguage":"en-US","@id":"https:\/\/logitech.cms.com.vn\/en\/san-pham\/c922-pro-hd-webcam\/#primaryimage","url":"https:\/\/logitech.cms.com.vn\/wp-content\/uploads\/2025\/08\/c922-gallery-1.webp","contentUrl":"https:\/\/logitech.cms.com.vn\/wp-content\/uploads\/2025\/08\/c922-gallery-1.webp","width":544,"height":466},{"@type":"BreadcrumbList","@id":"https:\/\/logitech.cms.com.vn\/en\/san-pham\/c922-pro-hd-webcam\/#breadcrumb","itemListElement":[{"@type":"ListItem","position":1,"name":"Home","item":"https:\/\/logitech.cms.com.vn\/en\/"},{"@type":"ListItem","position":2,"name":"Shop","item":"https:\/\/logitech.cms.com.vn\/shop\/"},{"@type":"ListItem","position":3,"name":"C922 Pro HD Webcam"}]},{"@type":"WebSite","@id":"https:\/\/logitech.cms.com.vn\/en\/#website","url":"https:\/\/logitech.cms.com.vn\/en\/","name":"CMS X LOGITECH","description":"L\u00e0 nh\u00e0 ph\u00e2n ph\u1ed1i chi\u1ebfn l\u01b0\u1ee3c c\u1ee7a Logitech t\u1ea1i Vi\u1ec7t Nam, C\u00f4ng ty TNHH S\u1ea3n xu\u1ea5t v\u00e0 D\u1ecbch v\u1ee5 CMC (CMS) t\u1ef1 h\u00e0o mang \u0111\u1ebfn cho th\u1ecb tr\u01b0\u1eddng nh\u1eefng gi\u1ea3i ph\u00e1p h\u1ed9i h\u1ecdp ch\u00ednh h\u00e3ng, t\u1ed1i \u01b0u cho doanh nghi\u1ec7p thu\u1ed9c m\u1ecdi quy m\u00f4, t\u1eeb startup n\u0103ng \u0111\u1ed9ng \u0111\u1ebfn t\u1eadp \u0111o\u00e0n \u0111a qu\u1ed1c gia.","publisher":{"@id":"https:\/\/logitech.cms.com.vn\/en\/#organization"},"alternateName":"C\u00f4ng ty TNHH S\u1ea3n xu\u1ea5t v\u00e0 D\u1ecbch v\u1ee5 CMC","potentialAction":[{"@type":"SearchAction","target":{"@type":"EntryPoint","urlTemplate":"https:\/\/logitech.cms.com.vn\/en\/?s={search_term_string}"},"query-input":{"@type":"PropertyValueSpecification","valueRequired":true,"valueName":"search_term_string"}}],"inLanguage":"en-US"},{"@type":"Organization","@id":"https:\/\/logitech.cms.com.vn\/en\/#organization","name":"CMS X LOGITECH","alternateName":"C\u00f4ng ty TNHH S\u1ea3n xu\u1ea5t v\u00e0 D\u1ecbch v\u1ee5 CMC","url":"https:\/\/logitech.cms.com.vn\/en\/","logo":{"@type":"ImageObject","inLanguage":"en-US","@id":"https:\/\/logitech.cms.com.vn\/en\/#\/schema\/logo\/image\/","url":"https:\/\/logitech.cms.com.vn\/wp-content\/uploads\/2026\/03\/Logitech_idrFIUkALf_3.png","contentUrl":"https:\/\/logitech.cms.com.vn\/wp-content\/uploads\/2026\/03\/Logitech_idrFIUkALf_3.png","width":400,"height":400,"caption":"CMS X LOGITECH"},"image":{"@id":"https:\/\/logitech.cms.com.vn\/en\/#\/schema\/logo\/image\/"},"sameAs":["https:\/\/www.facebook.com\/CMSCo.Ltd"]}]}},"_links":{"self":[{"href":"https:\/\/logitech.cms.com.vn\/en\/wp-json\/wp\/v2\/product\/5051","targetHints":{"allow":["GET"]}}],"collection":[{"href":"https:\/\/logitech.cms.com.vn\/en\/wp-json\/wp\/v2\/product"}],"about":[{"href":"https:\/\/logitech.cms.com.vn\/en\/wp-json\/wp\/v2\/types\/product"}],"replies":[{"embeddable":true,"href":"https:\/\/logitech.cms.com.vn\/en\/wp-json\/wp\/v2\/comments?post=5051"}],"wp:featuredmedia":[{"embeddable":true,"href":"https:\/\/logitech.cms.com.vn\/en\/wp-json\/wp\/v2\/media\/5059"}],"wp:attachment":[{"href":"https:\/\/logitech.cms.com.vn\/en\/wp-json\/wp\/v2\/media?parent=5051"}],"wp:term":[{"taxonomy":"product_brand","embeddable":true,"href":"https:\/\/logitech.cms.com.vn\/en\/wp-json\/wp\/v2\/product_brand?post=5051"},{"taxonomy":"product_cat","embeddable":true,"href":"https:\/\/logitech.cms.com.vn\/en\/wp-json\/wp\/v2\/product_cat?post=5051"},{"taxonomy":"product_tag","embeddable":true,"href":"https:\/\/logitech.cms.com.vn\/en\/wp-json\/wp\/v2\/product_tag?post=5051"}],"curies":[{"name":"wp","href":"https:\/\/api.w.org\/{rel}","templated":true}]}}