{"id":4694,"date":"2025-08-25T04:35:24","date_gmt":"2025-08-25T04:35:24","guid":{"rendered":"https:\/\/logitech.cms.com.vn\/?post_type=product&#038;p=4694"},"modified":"2025-09-18T09:26:40","modified_gmt":"2025-09-18T09:26:40","slug":"wireless-combo-mk240-nano","status":"publish","type":"product","link":"https:\/\/logitech.cms.com.vn\/en\/san-pham\/wireless-combo-mk240-nano\/","title":{"rendered":"Wireless Combo MK240 (Nano)"},"content":{"rendered":"\n\t<section class=\"section sec_pro_tn\" id=\"section_1546679133\">\n\t\t<div class=\"section-bg fill\" >\n\t\t\t\t\t\t\t\t\t\n\t\t\t\n\n\t\t<\/div>\n\n\t\t\n\n\t\t<div class=\"section-content relative\">\n\t\t\t\n<div class=\"row align-middle align-center row_pro_tn\"  id=\"row-1828672804\">\n\n\t<div id=\"col-610435935\" class=\"col divorder medium-6 small-12 large-8\"  >\n\t\t\t\t<div class=\"col-inner text-center\"  >\n\t\t\t\n\t\t\t\n<h3 class=\"uppercase\" style=\"text-align: center;\">B\u00c0N PH\u00cdM TI\u1ebeT KI\u1ec6M KH\u00d4NG GIAN<\/h3>\n<div style=\"text-align: center;\">\n<p>B\u1ed1 c\u1ee5c t\u1ed1i gi\u1ea3n \u0111em l\u1ea1i cho b\u1ea1n t\u1ea5t c\u1ea3 c\u00e1c ph\u00edm m\u00ecnh c\u1ea7n v\u1edbi \u00edt kh\u00f4ng gian h\u01a1n, \u0111\u1ec3 l\u1ea1i r\u1ea5t nhi\u1ec1u kho\u1ea3ng tr\u1ed1ng cho con chu\u1ed9t nh\u1ecf g\u1ecdn \u0111i k\u00e8m. C\u00e1c ch\u00e2n nghi\u00eang t\u00edch h\u1ee3p cho ph\u00e9p b\u1ea1n g\u00f5 tho\u1ea3i m\u00e1i &#8211; theo c\u00e1ch c\u1ee7a m\u00ecnh. L\u00fd t\u01b0\u1edfng cho kh\u00f4ng gian h\u1eb9p, nh\u01b0ng b\u1ed9 \u0111\u00f4i n\u00e0y c\u00f2n d\u1ec5 s\u1eed d\u1ee5ng v\u1edbi tr\u1ebb em.<\/p>\n<\/div>\n\t\t<\/div>\n\t\t\t\t\n<style>\n#col-610435935 > .col-inner {\n  margin: -20px 0px 0px 0px;\n}\n<\/style>\n\t<\/div>\n\n\t\n\n\t<div id=\"col-1573753953\" class=\"col small-12 large-12\"  >\n\t\t\t\t<div class=\"col-inner\"  >\n\t\t\t\n\t\t\t\n\t<div class=\"img has-hover x md-x lg-x y md-y lg-y\" id=\"image_750748935\">\n\t\t\t\t\t\t\t\t<div class=\"img-inner dark\" style=\"margin:0px 0px 0px 0px;\">\n\t\t\t<img decoding=\"async\" width=\"1020\" height=\"574\" src=\"https:\/\/logitech.cms.com.vn\/wp-content\/uploads\/2025\/08\/mk240-banner-01-desktop-new-1400x788.webp\" class=\"attachment-large size-large\" alt=\"\" srcset=\"https:\/\/logitech.cms.com.vn\/wp-content\/uploads\/2025\/08\/mk240-banner-01-desktop-new-1400x788.webp 1400w, https:\/\/logitech.cms.com.vn\/wp-content\/uploads\/2025\/08\/mk240-banner-01-desktop-new-711x400.webp 711w, https:\/\/logitech.cms.com.vn\/wp-content\/uploads\/2025\/08\/mk240-banner-01-desktop-new-768x432.webp 768w, https:\/\/logitech.cms.com.vn\/wp-content\/uploads\/2025\/08\/mk240-banner-01-desktop-new-300x169.webp 300w, https:\/\/logitech.cms.com.vn\/wp-content\/uploads\/2025\/08\/mk240-banner-01-desktop-new-600x338.webp 600w, https:\/\/logitech.cms.com.vn\/wp-content\/uploads\/2025\/08\/mk240-banner-01-desktop-new.webp 1440w\" sizes=\"(max-width: 1020px) 100vw, 1020px\" \/>\t\t\t\t\t\t\n\t\t\t\t\t<\/div>\n\t\t\t\t\t\t\t\t\n<style>\n#image_750748935 {\n  width: 100%;\n}\n<\/style>\n\t<\/div>\n\t\n\t\t<\/div>\n\t\t\t\t\n<style>\n#col-1573753953 > .col-inner {\n  margin: -20px 0px 0px 0px;\n}\n<\/style>\n\t<\/div>\n\n\t\n\n<style>\n#row-1828672804 > .col > .col-inner {\n  padding: 50px 0px 0px 0px;\n}\n<\/style>\n<\/div>\n\t\t<\/div>\n\n\t\t\n<style>\n#section_1546679133 {\n  padding-top: 30px;\n  padding-bottom: 30px;\n}\n<\/style>\n\t<\/section>\n\t\n\n\t<section class=\"section sec_tn_main\" id=\"section_355827674\">\n\t\t<div class=\"section-bg fill\" >\n\t\t\t\t\t\t\t\t\t\n\t\t\t\n\n\t\t<\/div>\n\n\t\t\n\n\t\t<div class=\"section-content relative\">\n\t\t\t\n<div class=\"container section-title-container tittlehome\" ><h3 class=\"section-title section-title-center\"><b aria-hidden=\"true\"><\/b><span class=\"section-title-main\" ><i class=\"icon-star\" aria-hidden=\"true\"><\/i>Nh\u1eefng t\u00ednh n\u0103ng ch\u00ednh<\/span><b aria-hidden=\"true\"><\/b><\/h3><\/div>\n<div class=\"row align-equal align-center\"  id=\"row-2040403098\">\n\n\t<div id=\"col-1884803933\" class=\"col medium-4 small-12 large-4\"  >\n\t\t\t\t<div class=\"col-inner\"  >\n\t\t\t\n\t\t\t\n\t<div class=\"box has-hover imgbox_tn  has-hover box-text-bottom\" >\n\n\t\t<div class=\"box-image\" >\n\t\t\t\t\t\t<div class=\"\" >\n\t\t\t\t<img decoding=\"async\" width=\"776\" height=\"437\" src=\"https:\/\/logitech.cms.com.vn\/wp-content\/uploads\/2025\/08\/mk240-feature-01.webp\" class=\"attachment- size-\" alt=\"\" srcset=\"https:\/\/logitech.cms.com.vn\/wp-content\/uploads\/2025\/08\/mk240-feature-01.webp 776w, https:\/\/logitech.cms.com.vn\/wp-content\/uploads\/2025\/08\/mk240-feature-01-710x400.webp 710w, https:\/\/logitech.cms.com.vn\/wp-content\/uploads\/2025\/08\/mk240-feature-01-768x432.webp 768w, https:\/\/logitech.cms.com.vn\/wp-content\/uploads\/2025\/08\/mk240-feature-01-300x169.webp 300w, https:\/\/logitech.cms.com.vn\/wp-content\/uploads\/2025\/08\/mk240-feature-01-600x338.webp 600w\" sizes=\"(max-width: 776px) 100vw, 776px\" \/>\t\t\t\t\t\t\t\t\t\t\t<\/div>\n\t\t\t\t\t<\/div>\n\n\t\t<div class=\"box-text text-center\" >\n\t\t\t<div class=\"box-text-inner\">\n\t\t\t\t\n\t<div id=\"text-2592377019\" class=\"text\">\n\t\t\n<h4>CHU\u1ed8T CHO NG\u01af\u1edcI THU\u1eacN C\u1ea2 HAI TAY NH\u1ece G\u1eccN<\/h4>\n<div class=\"showh\"><\/div>\n<div class=\"show_content\">\n<p>Con chu\u1ed9t kh\u00f4ng d\u00e2y nh\u1ecf g\u1ecdn c\u00f3 thi\u1ebft k\u1ebf ho\u00e0n to\u00e0n cho ng\u01b0\u1eddi thu\u1eadn c\u1ea3 2 tay, l\u00fd t\u01b0\u1edfng cho nh\u1eefng \u0111\u00f4i b\u00e0n tay nh\u1ecf. N\u00f3 d\u1ec5 d\u00e0ng \u0111\u1eb7t v\u1eeba v\u00e0o trong t\u00fai \u0111\u1ef1ng m\u00e1y t\u00ednh x\u00e1ch tay c\u1ee7a b\u1ea1n, \u0111\u1ec3 b\u1ea1n c\u00f3 th\u1ec3 mang \u0111i l\u00e0m vi\u1ec7c \u1edf b\u1ea5t c\u1ee9 \u0111\u00e2u &#8211; cho d\u00f9 b\u1ea1n thu\u1eadn tay tr\u00e1i hay ph\u1ea3i. V\u1edbi \u0111i\u1ec1u khi\u1ec3n con tr\u1ecf ch\u00ednh x\u00e1c v\u00e0 m\u01b0\u1ee3t m\u00e0 gi\u00fap \u0111i\u1ec1u h\u01b0\u1edbng d\u1ec5 d\u00e0ng.<\/p>\n<\/div>\n\t\t\n<style>\n#text-2592377019 {\n  text-align: left;\n}\n<\/style>\n\t<\/div>\n\t\n\t\t\t<\/div>\n\t\t<\/div>\n\t<\/div>\n\t\n\t\t<\/div>\n\t\t\t\t\t<\/div>\n\n\t\n\n\t<div id=\"col-1804478654\" class=\"col medium-4 small-12 large-4\"  >\n\t\t\t\t<div class=\"col-inner\"  >\n\t\t\t\n\t\t\t\n\t<div class=\"box has-hover imgbox_tn  has-hover box-text-bottom\" >\n\n\t\t<div class=\"box-image\" >\n\t\t\t\t\t\t<div class=\"\" >\n\t\t\t\t<img decoding=\"async\" width=\"776\" height=\"437\" src=\"https:\/\/logitech.cms.com.vn\/wp-content\/uploads\/2025\/08\/mk240-feature-02.webp\" class=\"attachment- size-\" alt=\"\" srcset=\"https:\/\/logitech.cms.com.vn\/wp-content\/uploads\/2025\/08\/mk240-feature-02.webp 776w, https:\/\/logitech.cms.com.vn\/wp-content\/uploads\/2025\/08\/mk240-feature-02-710x400.webp 710w, https:\/\/logitech.cms.com.vn\/wp-content\/uploads\/2025\/08\/mk240-feature-02-768x432.webp 768w, https:\/\/logitech.cms.com.vn\/wp-content\/uploads\/2025\/08\/mk240-feature-02-300x169.webp 300w, https:\/\/logitech.cms.com.vn\/wp-content\/uploads\/2025\/08\/mk240-feature-02-600x338.webp 600w\" sizes=\"(max-width: 776px) 100vw, 776px\" \/>\t\t\t\t\t\t\t\t\t\t\t<\/div>\n\t\t\t\t\t<\/div>\n\n\t\t<div class=\"box-text text-center\" >\n\t\t\t<div class=\"box-text-inner\">\n\t\t\t\t\n\t<div id=\"text-3654010666\" class=\"text\">\n\t\t\n<h4>T\u1ef0 DO KH\u00d4NG D\u00c2Y<\/h4>\n<div class=\"showh\"><\/div>\n<div class=\"show_content\">\n<p>\u0110\u1ea7u thu USB t\u00ed hon \u0111\u01b0\u1ee3c gh\u00e9p c\u1eb7p s\u1eb5n v\u1edbi b\u00e0n ph\u00edm v\u00e0 chu\u1ed9t cho kh\u1ea3 n\u0103ng k\u1ebft n\u1ed1i ngay sau khi c\u1eafm. L\u00e0m vi\u1ec7c kh\u00f4ng d\u00e2y \u1edf kho\u1ea3ng c\u00e1ch l\u00ean t\u1edbi 10 m\u00e9t b\u1eb1ng k\u1ebft n\u1ed1i \u0111\u1ea7u thu USB 2.4 GHz \u0111\u00e1ng tin c\u1eady m\u00e0 h\u1ea7u nh\u01b0 kh\u00f4ng b\u1ecb tr\u1ec5 hay r\u1edbt m\u1ea1ng.<\/p>\n<\/div>\n\t\t\n<style>\n#text-3654010666 {\n  text-align: left;\n}\n<\/style>\n\t<\/div>\n\t\n\t\t\t<\/div>\n\t\t<\/div>\n\t<\/div>\n\t\n\t\t<\/div>\n\t\t\t\t\t<\/div>\n\n\t\n<\/div>\n<div class=\"row align-equal align-center\"  id=\"row-1672399562\">\n\n\t<div id=\"col-553309055\" class=\"col medium-4 small-12 large-4\"  >\n\t\t\t\t<div class=\"col-inner\"  >\n\t\t\t\n\t\t\t\n\t<div class=\"box has-hover imgbox_tn  has-hover box-text-bottom\" >\n\n\t\t<div class=\"box-image\" >\n\t\t\t\t\t\t<div class=\"\" >\n\t\t\t\t<img decoding=\"async\" width=\"776\" height=\"437\" src=\"https:\/\/logitech.cms.com.vn\/wp-content\/uploads\/2025\/08\/mk240-feature-03-b-1.webp\" class=\"attachment- size-\" alt=\"\" srcset=\"https:\/\/logitech.cms.com.vn\/wp-content\/uploads\/2025\/08\/mk240-feature-03-b-1.webp 776w, https:\/\/logitech.cms.com.vn\/wp-content\/uploads\/2025\/08\/mk240-feature-03-b-1-710x400.webp 710w, https:\/\/logitech.cms.com.vn\/wp-content\/uploads\/2025\/08\/mk240-feature-03-b-1-768x432.webp 768w, https:\/\/logitech.cms.com.vn\/wp-content\/uploads\/2025\/08\/mk240-feature-03-b-1-300x169.webp 300w, https:\/\/logitech.cms.com.vn\/wp-content\/uploads\/2025\/08\/mk240-feature-03-b-1-600x338.webp 600w\" sizes=\"(max-width: 776px) 100vw, 776px\" \/>\t\t\t\t\t\t\t\t\t\t\t<\/div>\n\t\t\t\t\t<\/div>\n\n\t\t<div class=\"box-text text-center\" >\n\t\t\t<div class=\"box-text-inner\">\n\t\t\t\t\n\t<div id=\"text-4216177846\" class=\"text\">\n\t\t\n<h4>\u0110\u01af\u1ee2C THI\u1ebeT K\u1ebe V\u1edaI \u0110\u1ed8 B\u1ec0N CAO<\/h4>\n<div class=\"showh\"><\/div>\n<div class=\"show_content\">\n<p>G\u00f5 \u0111\u01b0\u1ee3c l\u00e2u t\u1edbi 3 n\u0103m gi\u1eefa c\u00e1c l\u1ea7n thay pin, v\u00e0 s\u1eed d\u1ee5ng chu\u1ed9t l\u00ean t\u1edbi 1 n\u0103m tr\u01b0\u1edbc khi thay pin. B\u00e0n ph\u00edm c\u00f3 thi\u1ebft k\u1ebf ch\u1ed1ng n\u01b0\u1edbc \u0111\u1ed5 tr\u00e0n v\u00e0 \u0111\u01b0\u1ee3c ch\u1ebf t\u1ea1o \u0111\u1ec3 \u0111\u1ea1t \u0111\u1ed9 b\u1ec1n cao.<\/p>\n<\/div>\n\t\t\n<style>\n#text-4216177846 {\n  text-align: left;\n}\n<\/style>\n\t<\/div>\n\t\n\t\t\t<\/div>\n\t\t<\/div>\n\t<\/div>\n\t\n\t\t<\/div>\n\t\t\t\t\t<\/div>\n\n\t\n\n\t<div id=\"col-1465261561\" class=\"col medium-4 small-12 large-4\"  >\n\t\t\t\t<div class=\"col-inner\"  >\n\t\t\t\n\t\t\t\n\t<div class=\"box has-hover imgbox_tn  has-hover box-text-bottom\" >\n\n\t\t<div class=\"box-image\" >\n\t\t\t\t\t\t<div class=\"\" >\n\t\t\t\t<img decoding=\"async\" width=\"776\" height=\"437\" src=\"https:\/\/logitech.cms.com.vn\/wp-content\/uploads\/2025\/08\/design-blade-combo-desktop-1-1.webp\" class=\"attachment- size-\" alt=\"\" srcset=\"https:\/\/logitech.cms.com.vn\/wp-content\/uploads\/2025\/08\/design-blade-combo-desktop-1-1.webp 776w, https:\/\/logitech.cms.com.vn\/wp-content\/uploads\/2025\/08\/design-blade-combo-desktop-1-1-710x400.webp 710w, https:\/\/logitech.cms.com.vn\/wp-content\/uploads\/2025\/08\/design-blade-combo-desktop-1-1-768x432.webp 768w, https:\/\/logitech.cms.com.vn\/wp-content\/uploads\/2025\/08\/design-blade-combo-desktop-1-1-300x169.webp 300w, https:\/\/logitech.cms.com.vn\/wp-content\/uploads\/2025\/08\/design-blade-combo-desktop-1-1-600x338.webp 600w\" sizes=\"(max-width: 776px) 100vw, 776px\" \/>\t\t\t\t\t\t\t\t\t\t\t<\/div>\n\t\t\t\t\t<\/div>\n\n\t\t<div class=\"box-text text-center\" >\n\t\t\t<div class=\"box-text-inner\">\n\t\t\t\t\n\t<div id=\"text-2040990354\" class=\"text\">\n\t\t\n<h4>H\u00c0NG TH\u1eacP K\u1ef6 CHUY\u00caN M\u00d4N V\u1ec0 THI\u1ebeT K\u1ebe<\/h4>\n<div class=\"showh\"><\/div>\n<div class=\"show_content\">\n<p>V\u1edbi h\u01a1n 22 n\u0103m kinh nghi\u1ec7m thi\u1ebft k\u1ebf n\u00ean nh\u1eefng chi\u1ebfc b\u00e0n ph\u00edm v\u00e0 con chu\u1ed9t c\u00f3 ch\u1ea5t l\u01b0\u1ee3ng cao, ch\u00fang t\u00f4i c\u1ea9n th\u1eadn thi\u1ebft k\u1ebf, ph\u00e1t tri\u1ec3n, t\u1ea1o m\u1eabu th\u1eed nghi\u1ec7m v\u00e0 nghi\u00ean c\u1ee9u t\u1ea5t c\u1ea3 c\u00e1c th\u00e0nh ph\u1ea7n c\u1ea7n thi\u1ebft c\u1ee7a thi\u1ebft b\u1ecb, t\u1eeb c\u00f4ng ngh\u1ec7 c\u1ed1t l\u00f5i cho \u0111\u1ebfn s\u1ef1 tho\u1ea3i m\u00e1i v\u00e0 t\u00ednh c\u00f4ng th\u00e1i h\u1ecdc c\u1ee7a thi\u1ebft k\u1ebf.<\/p>\n<\/div>\n\t\t\n<style>\n#text-2040990354 {\n  text-align: left;\n}\n<\/style>\n\t<\/div>\n\t\n\t\t\t<\/div>\n\t\t<\/div>\n\t<\/div>\n\t\n\t\t<\/div>\n\t\t\t\t\t<\/div>\n\n\t\n<\/div>\n\t\t<\/div>\n\n\t\t\n<style>\n#section_355827674 {\n  padding-top: 30px;\n  padding-bottom: 30px;\n}\n<\/style>\n\t<\/section>\n\t\n","protected":false},"excerpt":{"rendered":"<p data-start=\"46\" data-end=\"116\">\u00a0B\u1ed9 b\u00e0n ph\u00edm &amp; chu\u1ed9t kh\u00f4ng d\u00e2y nh\u1ecf g\u1ecdn, c\u00e1 t\u00ednh<\/p>\n<ul>\n<li data-start=\"199\" data-end=\"276\"><span class=\"relative -mx-px my-[-0.2rem] rounded px-px py-[0.2rem] transition-colors duration-100 ease-in-out\">K\u1ebft n\u1ed1i 2.4 GHz \u0111\u1ebfn 10\u202fm<\/span><\/li>\n<li data-start=\"279\" data-end=\"356\"><span class=\"relative -mx-px my-[-0.2rem] rounded px-px py-[0.2rem] transition-colors duration-100 ease-in-out\">B\u00e0n ph\u00edm ch\u1ed1ng tr\u00e0n, ch\u00e2n nghi\u00eang \u0111i\u1ec1u ch\u1ec9nh g\u00f3c g\u00f5<\/span><\/li>\n<\/ul>\n","protected":false},"featured_media":4696,"comment_status":"open","ping_status":"closed","template":"","meta":[],"product_brand":[],"product_cat":[476,187],"product_tag":[],"class_list":{"0":"post-4694","1":"product","2":"type-product","3":"status-publish","4":"has-post-thumbnail","6":"product_cat-bo-doi-en","7":"product_cat-mice-keyboards","9":"first","10":"instock","11":"sale","12":"shipping-taxable","13":"purchasable","14":"product-type-simple"},"acf":[],"yoast_head":"<!-- This site is optimized with the Yoast SEO plugin v26.5 - https:\/\/yoast.com\/wordpress\/plugins\/seo\/ -->\n<title>Wireless Combo MK240 (Nano) - CMS-LOGITECH<\/title>\n<meta name=\"robots\" content=\"index, follow, max-snippet:-1, max-image-preview:large, max-video-preview:-1\" \/>\n<link rel=\"canonical\" href=\"https:\/\/logitech.cms.com.vn\/en\/san-pham\/wireless-combo-mk240-nano\/\" \/>\n<meta property=\"og:locale\" content=\"en_US\" \/>\n<meta property=\"og:type\" content=\"article\" \/>\n<meta property=\"og:title\" content=\"Wireless Combo MK240 (Nano) - CMS-LOGITECH\" \/>\n<meta property=\"og:description\" content=\"\u00a0B\u1ed9 b\u00e0n ph\u00edm &amp; chu\u1ed9t kh\u00f4ng d\u00e2y nh\u1ecf g\u1ecdn, c\u00e1 t\u00ednh    K\u1ebft n\u1ed1i 2.4 GHz \u0111\u1ebfn 10\u202fm  B\u00e0n ph\u00edm ch\u1ed1ng tr\u00e0n, ch\u00e2n nghi\u00eang \u0111i\u1ec1u ch\u1ec9nh g\u00f3c g\u00f5\" \/>\n<meta property=\"og:url\" content=\"https:\/\/logitech.cms.com.vn\/en\/san-pham\/wireless-combo-mk240-nano\/\" \/>\n<meta property=\"og:site_name\" content=\"CMS-LOGITECH\" \/>\n<meta property=\"article:publisher\" content=\"https:\/\/www.facebook.com\/CMSCo.Ltd\" \/>\n<meta property=\"article:modified_time\" content=\"2025-09-18T09:26:40+00:00\" \/>\n<meta property=\"og:image\" content=\"https:\/\/logitech.cms.com.vn\/wp-content\/uploads\/2025\/08\/mk240-black-chartreuse-gallery-1.webp\" \/>\n\t<meta property=\"og:image:width\" content=\"544\" \/>\n\t<meta property=\"og:image:height\" content=\"466\" \/>\n\t<meta property=\"og:image:type\" content=\"image\/webp\" \/>\n<meta name=\"twitter:card\" content=\"summary_large_image\" \/>\n<meta name=\"twitter:label1\" content=\"Est. reading time\" \/>\n\t<meta name=\"twitter:data1\" content=\"3 minutes\" \/>\n<script type=\"application\/ld+json\" class=\"yoast-schema-graph\">{\"@context\":\"https:\/\/schema.org\",\"@graph\":[{\"@type\":\"WebPage\",\"@id\":\"https:\/\/logitech.cms.com.vn\/en\/san-pham\/wireless-combo-mk240-nano\/\",\"url\":\"https:\/\/logitech.cms.com.vn\/en\/san-pham\/wireless-combo-mk240-nano\/\",\"name\":\"Wireless Combo MK240 (Nano) - CMS-LOGITECH\",\"isPartOf\":{\"@id\":\"https:\/\/logitech.cms.com.vn\/en\/#website\"},\"primaryImageOfPage\":{\"@id\":\"https:\/\/logitech.cms.com.vn\/en\/san-pham\/wireless-combo-mk240-nano\/#primaryimage\"},\"image\":{\"@id\":\"https:\/\/logitech.cms.com.vn\/en\/san-pham\/wireless-combo-mk240-nano\/#primaryimage\"},\"thumbnailUrl\":\"https:\/\/logitech.cms.com.vn\/wp-content\/uploads\/2025\/08\/mk240-black-chartreuse-gallery-1.webp\",\"datePublished\":\"2025-08-25T04:35:24+00:00\",\"dateModified\":\"2025-09-18T09:26:40+00:00\",\"breadcrumb\":{\"@id\":\"https:\/\/logitech.cms.com.vn\/en\/san-pham\/wireless-combo-mk240-nano\/#breadcrumb\"},\"inLanguage\":\"en-US\",\"potentialAction\":[{\"@type\":\"ReadAction\",\"target\":[\"https:\/\/logitech.cms.com.vn\/en\/san-pham\/wireless-combo-mk240-nano\/\"]}]},{\"@type\":\"ImageObject\",\"inLanguage\":\"en-US\",\"@id\":\"https:\/\/logitech.cms.com.vn\/en\/san-pham\/wireless-combo-mk240-nano\/#primaryimage\",\"url\":\"https:\/\/logitech.cms.com.vn\/wp-content\/uploads\/2025\/08\/mk240-black-chartreuse-gallery-1.webp\",\"contentUrl\":\"https:\/\/logitech.cms.com.vn\/wp-content\/uploads\/2025\/08\/mk240-black-chartreuse-gallery-1.webp\",\"width\":544,\"height\":466},{\"@type\":\"BreadcrumbList\",\"@id\":\"https:\/\/logitech.cms.com.vn\/en\/san-pham\/wireless-combo-mk240-nano\/#breadcrumb\",\"itemListElement\":[{\"@type\":\"ListItem\",\"position\":1,\"name\":\"Home\",\"item\":\"https:\/\/logitech.cms.com.vn\/en\/\"},{\"@type\":\"ListItem\",\"position\":2,\"name\":\"Shop\",\"item\":\"https:\/\/logitech.cms.com.vn\/shop\/\"},{\"@type\":\"ListItem\",\"position\":3,\"name\":\"Wireless Combo MK240 (Nano)\"}]},{\"@type\":\"WebSite\",\"@id\":\"https:\/\/logitech.cms.com.vn\/en\/#website\",\"url\":\"https:\/\/logitech.cms.com.vn\/en\/\",\"name\":\"CMS X LOGITECH\",\"description\":\"L\u00e0 nh\u00e0 ph\u00e2n ph\u1ed1i chi\u1ebfn l\u01b0\u1ee3c c\u1ee7a Logitech t\u1ea1i Vi\u1ec7t Nam, C\u00f4ng ty TNHH S\u1ea3n xu\u1ea5t v\u00e0 D\u1ecbch v\u1ee5 CMC (CMS) t\u1ef1 h\u00e0o mang \u0111\u1ebfn cho th\u1ecb tr\u01b0\u1eddng nh\u1eefng gi\u1ea3i ph\u00e1p h\u1ed9i h\u1ecdp ch\u00ednh h\u00e3ng, t\u1ed1i \u01b0u cho doanh nghi\u1ec7p thu\u1ed9c m\u1ecdi quy m\u00f4, t\u1eeb startup n\u0103ng \u0111\u1ed9ng \u0111\u1ebfn t\u1eadp \u0111o\u00e0n \u0111a qu\u1ed1c gia.\",\"publisher\":{\"@id\":\"https:\/\/logitech.cms.com.vn\/en\/#organization\"},\"alternateName\":\"C\u00f4ng ty TNHH S\u1ea3n xu\u1ea5t v\u00e0 D\u1ecbch v\u1ee5 CMC\",\"potentialAction\":[{\"@type\":\"SearchAction\",\"target\":{\"@type\":\"EntryPoint\",\"urlTemplate\":\"https:\/\/logitech.cms.com.vn\/en\/?s={search_term_string}\"},\"query-input\":{\"@type\":\"PropertyValueSpecification\",\"valueRequired\":true,\"valueName\":\"search_term_string\"}}],\"inLanguage\":\"en-US\"},{\"@type\":\"Organization\",\"@id\":\"https:\/\/logitech.cms.com.vn\/en\/#organization\",\"name\":\"CMS X LOGITECH\",\"alternateName\":\"C\u00f4ng ty TNHH S\u1ea3n xu\u1ea5t v\u00e0 D\u1ecbch v\u1ee5 CMC\",\"url\":\"https:\/\/logitech.cms.com.vn\/en\/\",\"logo\":{\"@type\":\"ImageObject\",\"inLanguage\":\"en-US\",\"@id\":\"https:\/\/logitech.cms.com.vn\/en\/#\/schema\/logo\/image\/\",\"url\":\"https:\/\/logitech.cms.com.vn\/wp-content\/uploads\/2026\/03\/Logitech_idrFIUkALf_3.png\",\"contentUrl\":\"https:\/\/logitech.cms.com.vn\/wp-content\/uploads\/2026\/03\/Logitech_idrFIUkALf_3.png\",\"width\":400,\"height\":400,\"caption\":\"CMS X LOGITECH\"},\"image\":{\"@id\":\"https:\/\/logitech.cms.com.vn\/en\/#\/schema\/logo\/image\/\"},\"sameAs\":[\"https:\/\/www.facebook.com\/CMSCo.Ltd\"]}]}<\/script>\n<!-- \/ Yoast SEO plugin. -->","yoast_head_json":{"title":"Wireless Combo MK240 (Nano) - CMS-LOGITECH","robots":{"index":"index","follow":"follow","max-snippet":"max-snippet:-1","max-image-preview":"max-image-preview:large","max-video-preview":"max-video-preview:-1"},"canonical":"https:\/\/logitech.cms.com.vn\/en\/san-pham\/wireless-combo-mk240-nano\/","og_locale":"en_US","og_type":"article","og_title":"Wireless Combo MK240 (Nano) - CMS-LOGITECH","og_description":"\u00a0B\u1ed9 b\u00e0n ph\u00edm &amp; chu\u1ed9t kh\u00f4ng d\u00e2y nh\u1ecf g\u1ecdn, c\u00e1 t\u00ednh    K\u1ebft n\u1ed1i 2.4 GHz \u0111\u1ebfn 10\u202fm  B\u00e0n ph\u00edm ch\u1ed1ng tr\u00e0n, ch\u00e2n nghi\u00eang \u0111i\u1ec1u ch\u1ec9nh g\u00f3c g\u00f5","og_url":"https:\/\/logitech.cms.com.vn\/en\/san-pham\/wireless-combo-mk240-nano\/","og_site_name":"CMS-LOGITECH","article_publisher":"https:\/\/www.facebook.com\/CMSCo.Ltd","article_modified_time":"2025-09-18T09:26:40+00:00","og_image":[{"width":544,"height":466,"url":"https:\/\/logitech.cms.com.vn\/wp-content\/uploads\/2025\/08\/mk240-black-chartreuse-gallery-1.webp","type":"image\/webp"}],"twitter_card":"summary_large_image","twitter_misc":{"Est. reading time":"3 minutes"},"schema":{"@context":"https:\/\/schema.org","@graph":[{"@type":"WebPage","@id":"https:\/\/logitech.cms.com.vn\/en\/san-pham\/wireless-combo-mk240-nano\/","url":"https:\/\/logitech.cms.com.vn\/en\/san-pham\/wireless-combo-mk240-nano\/","name":"Wireless Combo MK240 (Nano) - CMS-LOGITECH","isPartOf":{"@id":"https:\/\/logitech.cms.com.vn\/en\/#website"},"primaryImageOfPage":{"@id":"https:\/\/logitech.cms.com.vn\/en\/san-pham\/wireless-combo-mk240-nano\/#primaryimage"},"image":{"@id":"https:\/\/logitech.cms.com.vn\/en\/san-pham\/wireless-combo-mk240-nano\/#primaryimage"},"thumbnailUrl":"https:\/\/logitech.cms.com.vn\/wp-content\/uploads\/2025\/08\/mk240-black-chartreuse-gallery-1.webp","datePublished":"2025-08-25T04:35:24+00:00","dateModified":"2025-09-18T09:26:40+00:00","breadcrumb":{"@id":"https:\/\/logitech.cms.com.vn\/en\/san-pham\/wireless-combo-mk240-nano\/#breadcrumb"},"inLanguage":"en-US","potentialAction":[{"@type":"ReadAction","target":["https:\/\/logitech.cms.com.vn\/en\/san-pham\/wireless-combo-mk240-nano\/"]}]},{"@type":"ImageObject","inLanguage":"en-US","@id":"https:\/\/logitech.cms.com.vn\/en\/san-pham\/wireless-combo-mk240-nano\/#primaryimage","url":"https:\/\/logitech.cms.com.vn\/wp-content\/uploads\/2025\/08\/mk240-black-chartreuse-gallery-1.webp","contentUrl":"https:\/\/logitech.cms.com.vn\/wp-content\/uploads\/2025\/08\/mk240-black-chartreuse-gallery-1.webp","width":544,"height":466},{"@type":"BreadcrumbList","@id":"https:\/\/logitech.cms.com.vn\/en\/san-pham\/wireless-combo-mk240-nano\/#breadcrumb","itemListElement":[{"@type":"ListItem","position":1,"name":"Home","item":"https:\/\/logitech.cms.com.vn\/en\/"},{"@type":"ListItem","position":2,"name":"Shop","item":"https:\/\/logitech.cms.com.vn\/shop\/"},{"@type":"ListItem","position":3,"name":"Wireless Combo MK240 (Nano)"}]},{"@type":"WebSite","@id":"https:\/\/logitech.cms.com.vn\/en\/#website","url":"https:\/\/logitech.cms.com.vn\/en\/","name":"CMS X LOGITECH","description":"L\u00e0 nh\u00e0 ph\u00e2n ph\u1ed1i chi\u1ebfn l\u01b0\u1ee3c c\u1ee7a Logitech t\u1ea1i Vi\u1ec7t Nam, C\u00f4ng ty TNHH S\u1ea3n xu\u1ea5t v\u00e0 D\u1ecbch v\u1ee5 CMC (CMS) t\u1ef1 h\u00e0o mang \u0111\u1ebfn cho th\u1ecb tr\u01b0\u1eddng nh\u1eefng gi\u1ea3i ph\u00e1p h\u1ed9i h\u1ecdp ch\u00ednh h\u00e3ng, t\u1ed1i \u01b0u cho doanh nghi\u1ec7p thu\u1ed9c m\u1ecdi quy m\u00f4, t\u1eeb startup n\u0103ng \u0111\u1ed9ng \u0111\u1ebfn t\u1eadp \u0111o\u00e0n \u0111a qu\u1ed1c gia.","publisher":{"@id":"https:\/\/logitech.cms.com.vn\/en\/#organization"},"alternateName":"C\u00f4ng ty TNHH S\u1ea3n xu\u1ea5t v\u00e0 D\u1ecbch v\u1ee5 CMC","potentialAction":[{"@type":"SearchAction","target":{"@type":"EntryPoint","urlTemplate":"https:\/\/logitech.cms.com.vn\/en\/?s={search_term_string}"},"query-input":{"@type":"PropertyValueSpecification","valueRequired":true,"valueName":"search_term_string"}}],"inLanguage":"en-US"},{"@type":"Organization","@id":"https:\/\/logitech.cms.com.vn\/en\/#organization","name":"CMS X LOGITECH","alternateName":"C\u00f4ng ty TNHH S\u1ea3n xu\u1ea5t v\u00e0 D\u1ecbch v\u1ee5 CMC","url":"https:\/\/logitech.cms.com.vn\/en\/","logo":{"@type":"ImageObject","inLanguage":"en-US","@id":"https:\/\/logitech.cms.com.vn\/en\/#\/schema\/logo\/image\/","url":"https:\/\/logitech.cms.com.vn\/wp-content\/uploads\/2026\/03\/Logitech_idrFIUkALf_3.png","contentUrl":"https:\/\/logitech.cms.com.vn\/wp-content\/uploads\/2026\/03\/Logitech_idrFIUkALf_3.png","width":400,"height":400,"caption":"CMS X LOGITECH"},"image":{"@id":"https:\/\/logitech.cms.com.vn\/en\/#\/schema\/logo\/image\/"},"sameAs":["https:\/\/www.facebook.com\/CMSCo.Ltd"]}]}},"_links":{"self":[{"href":"https:\/\/logitech.cms.com.vn\/en\/wp-json\/wp\/v2\/product\/4694","targetHints":{"allow":["GET"]}}],"collection":[{"href":"https:\/\/logitech.cms.com.vn\/en\/wp-json\/wp\/v2\/product"}],"about":[{"href":"https:\/\/logitech.cms.com.vn\/en\/wp-json\/wp\/v2\/types\/product"}],"replies":[{"embeddable":true,"href":"https:\/\/logitech.cms.com.vn\/en\/wp-json\/wp\/v2\/comments?post=4694"}],"wp:featuredmedia":[{"embeddable":true,"href":"https:\/\/logitech.cms.com.vn\/en\/wp-json\/wp\/v2\/media\/4696"}],"wp:attachment":[{"href":"https:\/\/logitech.cms.com.vn\/en\/wp-json\/wp\/v2\/media?parent=4694"}],"wp:term":[{"taxonomy":"product_brand","embeddable":true,"href":"https:\/\/logitech.cms.com.vn\/en\/wp-json\/wp\/v2\/product_brand?post=4694"},{"taxonomy":"product_cat","embeddable":true,"href":"https:\/\/logitech.cms.com.vn\/en\/wp-json\/wp\/v2\/product_cat?post=4694"},{"taxonomy":"product_tag","embeddable":true,"href":"https:\/\/logitech.cms.com.vn\/en\/wp-json\/wp\/v2\/product_tag?post=4694"}],"curies":[{"name":"wp","href":"https:\/\/api.w.org\/{rel}","templated":true}]}}