{"id":4540,"date":"2025-08-24T18:12:29","date_gmt":"2025-08-24T18:12:29","guid":{"rendered":"https:\/\/logitech.cms.com.vn\/?post_type=product&#038;p=4540"},"modified":"2025-09-18T09:16:08","modified_gmt":"2025-09-18T09:16:08","slug":"mx-brio","status":"publish","type":"product","link":"https:\/\/logitech.cms.com.vn\/en\/san-pham\/mx-brio\/","title":{"rendered":"MX Brio"},"content":{"rendered":"\n\t<section class=\"section sec_pro_tn\" id=\"section_1052599505\">\n\t\t<div class=\"section-bg fill\" >\n\t\t\t\t\t\t\t\t\t\n\t\t\t\n\n\t\t<\/div>\n\n\t\t\n\n\t\t<div class=\"section-content relative\">\n\t\t\t\n<div class=\"row align-middle align-center row_pro_tn\"  id=\"row-1757380023\">\n\n\t<div id=\"col-1272005378\" class=\"col divorder medium-6 small-12 large-8\"  >\n\t\t\t\t<div class=\"col-inner text-center\"  >\n\t\t\t\n\t\t\t\n<h3 class=\"uppercase\" style=\"text-align: center;\">Webcam ti\u00ean ti\u1ebfn nh\u1ea5t c\u1ee7a ch\u00fang t\u00f4i t\u1eeb xa<\/h3>\n<div style=\"text-align: center;\">\n<p>G\u1eb7p g\u1ee1 v\u00e0 truy\u1ec1n tr\u1ef1c tuy\u1ebfn v\u1edbi ch\u1ea5t l\u01b0\u1ee3ng video v\u01b0\u1ee3t tr\u1ed9i, chi ti\u1ebft v\u00e0 \u0111\u1ed9 ch\u00ednh x\u00e1c m\u00e0u s\u1eafc \u1edf \u0111\u1ed9 ph\u00e2n gi\u1ea3i UHD 4k \u1edf 30 khung h\u00ecnh \/ gi\u00e2y ho\u1eb7c 1080p \u1edf 60 khung h\u00ecnh \/ gi\u00e2y b\u1eb1ng c\u1ea3m bi\u1ebfn webcam ti\u00ean ti\u1ebfn nh\u1ea5t c\u1ee7a ch\u00fang t\u00f4i, v\u1edbi 70% pixel cho ch\u1ea5t l\u01b0\u1ee3ng h\u00ecnh \u1ea3nh s\u1eafc n\u00e9t.<\/p>\n<\/div>\n\t\t<\/div>\n\t\t\t\t\n<style>\n#col-1272005378 > .col-inner {\n  margin: -20px 0px 0px 0px;\n}\n<\/style>\n\t<\/div>\n\n\t\n\n\t<div id=\"col-1834327616\" class=\"col small-12 large-12\"  >\n\t\t\t\t<div class=\"col-inner\"  >\n\t\t\t\n\t\t\t\n\t<div class=\"img has-hover x md-x lg-x y md-y lg-y\" id=\"image_744031119\">\n\t\t\t\t\t\t\t\t<div class=\"img-inner dark\" style=\"margin:0px 0px 0px 0px;\">\n\t\t\t<img decoding=\"async\" width=\"1020\" height=\"574\" src=\"https:\/\/logitech.cms.com.vn\/wp-content\/uploads\/2025\/08\/mx-brio-intro-video-poster-1400x788.webp\" class=\"attachment-large size-large\" alt=\"\" srcset=\"https:\/\/logitech.cms.com.vn\/wp-content\/uploads\/2025\/08\/mx-brio-intro-video-poster-1400x788.webp 1400w, https:\/\/logitech.cms.com.vn\/wp-content\/uploads\/2025\/08\/mx-brio-intro-video-poster-711x400.webp 711w, https:\/\/logitech.cms.com.vn\/wp-content\/uploads\/2025\/08\/mx-brio-intro-video-poster-768x432.webp 768w, https:\/\/logitech.cms.com.vn\/wp-content\/uploads\/2025\/08\/mx-brio-intro-video-poster-300x169.webp 300w, https:\/\/logitech.cms.com.vn\/wp-content\/uploads\/2025\/08\/mx-brio-intro-video-poster-600x338.webp 600w, https:\/\/logitech.cms.com.vn\/wp-content\/uploads\/2025\/08\/mx-brio-intro-video-poster.webp 1440w\" sizes=\"(max-width: 1020px) 100vw, 1020px\" \/>\t\t\t\t\t\t\n\t\t\t\t\t<\/div>\n\t\t\t\t\t\t\t\t\n<style>\n#image_744031119 {\n  width: 100%;\n}\n<\/style>\n\t<\/div>\n\t\n\t\t<\/div>\n\t\t\t\t\n<style>\n#col-1834327616 > .col-inner {\n  margin: -20px 0px 0px 0px;\n}\n<\/style>\n\t<\/div>\n\n\t\n\n<style>\n#row-1757380023 > .col > .col-inner {\n  padding: 50px 0px 0px 0px;\n}\n<\/style>\n<\/div>\n\t\t<\/div>\n\n\t\t\n<style>\n#section_1052599505 {\n  padding-top: 30px;\n  padding-bottom: 30px;\n}\n<\/style>\n\t<\/section>\n\t\n\n\t<section class=\"section sec_tn_main\" id=\"section_2123885282\">\n\t\t<div class=\"section-bg fill\" >\n\t\t\t\t\t\t\t\t\t\n\t\t\t\n\n\t\t<\/div>\n\n\t\t\n\n\t\t<div class=\"section-content relative\">\n\t\t\t\n<div class=\"container section-title-container tittlehome\" ><h3 class=\"section-title section-title-center\"><b aria-hidden=\"true\"><\/b><span class=\"section-title-main\" ><i class=\"icon-star\" aria-hidden=\"true\"><\/i>Nh\u1eefng t\u00ednh n\u0103ng ch\u00ednh<\/span><b aria-hidden=\"true\"><\/b><\/h3><\/div>\n<div class=\"row align-equal align-center\"  id=\"row-1905063718\">\n\n\t<div id=\"col-543385527\" class=\"col medium-4 small-12 large-4\"  >\n\t\t\t\t<div class=\"col-inner\"  >\n\t\t\t\n\t\t\t\n\t<div class=\"box has-hover imgbox_tn  has-hover box-text-bottom\" >\n\n\t\t<div class=\"box-image\" >\n\t\t\t\t\t\t<div class=\"\" >\n\t\t\t\t<img decoding=\"async\" width=\"776\" height=\"437\" src=\"https:\/\/logitech.cms.com.vn\/wp-content\/uploads\/2025\/08\/mx-brio-2x-finer-image-detail-video-poster-desktop.webp\" class=\"attachment- size-\" alt=\"\" srcset=\"https:\/\/logitech.cms.com.vn\/wp-content\/uploads\/2025\/08\/mx-brio-2x-finer-image-detail-video-poster-desktop.webp 776w, https:\/\/logitech.cms.com.vn\/wp-content\/uploads\/2025\/08\/mx-brio-2x-finer-image-detail-video-poster-desktop-710x400.webp 710w, https:\/\/logitech.cms.com.vn\/wp-content\/uploads\/2025\/08\/mx-brio-2x-finer-image-detail-video-poster-desktop-768x432.webp 768w, https:\/\/logitech.cms.com.vn\/wp-content\/uploads\/2025\/08\/mx-brio-2x-finer-image-detail-video-poster-desktop-300x169.webp 300w, https:\/\/logitech.cms.com.vn\/wp-content\/uploads\/2025\/08\/mx-brio-2x-finer-image-detail-video-poster-desktop-600x338.webp 600w\" sizes=\"(max-width: 776px) 100vw, 776px\" \/>\t\t\t\t\t\t\t\t\t\t\t<\/div>\n\t\t\t\t\t<\/div>\n\n\t\t<div class=\"box-text text-center\" >\n\t\t\t<div class=\"box-text-inner\">\n\t\t\t\t\n\t<div id=\"text-3343502671\" class=\"text\">\n\t\t\n<h4>L\u00ean t\u1edbi 2 l\u1ea7n chi ti\u1ebft h\u00ecnh \u1ea3nh v\u00e0 kh\u1ea3 n\u0103ng h\u00ecnh \u1ea3nh m\u1eb7t v\u1edbi brio 4k<\/h4>\n<div class=\"showh\"><\/div>\n<div class=\"show_content\">\n<p>MX Brio c\u00f3 \u0111\u1ed9 chi ti\u1ebft h\u00ecnh \u1ea3nh v\u00e0 kh\u1ea3 n\u0103ng hi\u1ec3n th\u1ecb khu\u00f4n m\u1eb7t t\u1ed1t h\u01a1n g\u1ea5p 2 l\u1ea7n so v\u1edbi Brio 4K v\u00e0 gi\u1eef cho b\u1ea1n n\u1ed5i b\u1eadt ngay c\u1ea3 trong \u00e1nh s\u00e1ng y\u1ebfu ho\u1eb7c t\u00ecnh hu\u1ed1ng ng\u01b0\u1ee3c s\u00e1ng, trong khi t\u00ednh n\u0103ng n\u00e2ng c\u1ea5p h\u00ecnh \u1ea3nh d\u1ef1a tr\u00ean AI gi\u00fap b\u1ea1n tr\u00f4ng s\u1eafc n\u00e9t. T\u1ef1 \u0111\u1ed9ng ph\u01a1i s\u00e1ng, t\u1ef1 \u0111\u1ed9ng c\u00e2n b\u1eb1ng tr\u1eafng v\u00e0 gi\u1ea3m ti\u1ebfng \u1ed3n h\u00ecnh \u1ea3nh, gi\u00fap cho video c\u1ee7a b\u1ea1n c\u00f3 m\u00e0u s\u1eafc ch\u00ednh x\u00e1c v\u00e0 s\u1eafc n\u00e9t.<\/p>\n<\/div>\n\t\t\n<style>\n#text-3343502671 {\n  text-align: left;\n}\n<\/style>\n\t<\/div>\n\t\n\t\t\t<\/div>\n\t\t<\/div>\n\t<\/div>\n\t\n\t\t<\/div>\n\t\t\t\t\t<\/div>\n\n\t\n\n\t<div id=\"col-1133647518\" class=\"col medium-4 small-12 large-4\"  >\n\t\t\t\t<div class=\"col-inner\"  >\n\t\t\t\n\t\t\t\n\t<div class=\"box has-hover imgbox_tn  has-hover box-text-bottom\" >\n\n\t\t<div class=\"box-image\" >\n\t\t\t\t\t\t<div class=\"\" >\n\t\t\t\t<img decoding=\"async\" width=\"776\" height=\"437\" src=\"https:\/\/logitech.cms.com.vn\/wp-content\/uploads\/2025\/08\/mx-brio-show-mode.webp\" class=\"attachment- size-\" alt=\"\" srcset=\"https:\/\/logitech.cms.com.vn\/wp-content\/uploads\/2025\/08\/mx-brio-show-mode.webp 776w, https:\/\/logitech.cms.com.vn\/wp-content\/uploads\/2025\/08\/mx-brio-show-mode-710x400.webp 710w, https:\/\/logitech.cms.com.vn\/wp-content\/uploads\/2025\/08\/mx-brio-show-mode-768x432.webp 768w, https:\/\/logitech.cms.com.vn\/wp-content\/uploads\/2025\/08\/mx-brio-show-mode-300x169.webp 300w, https:\/\/logitech.cms.com.vn\/wp-content\/uploads\/2025\/08\/mx-brio-show-mode-600x338.webp 600w\" sizes=\"(max-width: 776px) 100vw, 776px\" \/>\t\t\t\t\t\t\t\t\t\t\t<\/div>\n\t\t\t\t\t<\/div>\n\n\t\t<div class=\"box-text text-center\" >\n\t\t\t<div class=\"box-text-inner\">\n\t\t\t\t\n\t<div id=\"text-2344666572\" class=\"text\">\n\t\t\n<h4>\u0110\u01b0a c\u00f4ng vi\u1ec7c c\u1ee7a b\u1ea1n \u1edf ch\u1ebf \u0111\u1ed9 hi\u1ec3n th\u1ecb<\/h4>\n<div class=\"showh\"><\/div>\n<div class=\"show_content\">\n<p>Nghi\u00eang webcam xu\u1ed1ng v\u00e0 chia s\u1ebb ghi ch\u00fa c\u0169ng nh\u01b0 b\u1ea3n ph\u00e1c th\u1ea3o tr\u00ean b\u00e0n l\u00e0m vi\u1ec7c v\u1edbi Ch\u1ebf \u0111\u1ed9 Hi\u1ec3n th\u1ecb (Show Mode), trong khi \u0111ang g\u1ecdi \u0111i\u1ec7n, \u0111\u1ec3 h\u1ee3p t\u00e1c t\u1ed1t h\u01a1n.<\/p>\n<\/div>\n\t\t\n<style>\n#text-2344666572 {\n  text-align: left;\n}\n<\/style>\n\t<\/div>\n\t\n\t\t\t<\/div>\n\t\t<\/div>\n\t<\/div>\n\t\n\t\t<\/div>\n\t\t\t\t\t<\/div>\n\n\t\n\n\t<div id=\"col-783065371\" class=\"col medium-4 small-12 large-4\"  >\n\t\t\t\t<div class=\"col-inner\"  >\n\t\t\t\n\t\t\t\n\t<div class=\"box has-hover imgbox_tn  has-hover box-text-bottom\" >\n\n\t\t<div class=\"box-image\" >\n\t\t\t\t\t\t<div class=\"\" >\n\t\t\t\t<img decoding=\"async\" width=\"776\" height=\"437\" src=\"https:\/\/logitech.cms.com.vn\/wp-content\/uploads\/2025\/08\/mx-brio-fine-controls-screenshot.webp\" class=\"attachment- size-\" alt=\"\" srcset=\"https:\/\/logitech.cms.com.vn\/wp-content\/uploads\/2025\/08\/mx-brio-fine-controls-screenshot.webp 776w, https:\/\/logitech.cms.com.vn\/wp-content\/uploads\/2025\/08\/mx-brio-fine-controls-screenshot-710x400.webp 710w, https:\/\/logitech.cms.com.vn\/wp-content\/uploads\/2025\/08\/mx-brio-fine-controls-screenshot-768x432.webp 768w, https:\/\/logitech.cms.com.vn\/wp-content\/uploads\/2025\/08\/mx-brio-fine-controls-screenshot-300x169.webp 300w, https:\/\/logitech.cms.com.vn\/wp-content\/uploads\/2025\/08\/mx-brio-fine-controls-screenshot-600x338.webp 600w\" sizes=\"(max-width: 776px) 100vw, 776px\" \/>\t\t\t\t\t\t\t\t\t\t\t<\/div>\n\t\t\t\t\t<\/div>\n\n\t\t<div class=\"box-text text-center\" >\n\t\t\t<div class=\"box-text-inner\">\n\t\t\t\t\n\t<div id=\"text-2774811855\" class=\"text\">\n\t\t\n<h4>T\u00f9y ch\u1ec9nh v\u1edbi c\u00e1c n\u00fat \u0111i\u1ec1u khi\u1ec3n n\u00e2ng cao<\/h4>\n<div class=\"showh\"><\/div>\n<div class=\"show_content\">\n<p>T\u00f9y ch\u1ec9nh video c\u1ee7a b\u1ea1n \u1edf c\u1ea3 Logi Options + v\u00e0 G Hub v\u1edbi c\u00e1c n\u00fat \u0111i\u1ec1u khi\u1ec3n tinh t\u1ebf (Fine Controls). \u0110i\u1ec1u ch\u1ec9nh \u00e1nh s\u00e1ng, c\u00e2n b\u1eb1ng tr\u1eafng, ISO, t\u1ed1c \u0111\u1ed9 m\u00e0n tr\u1eadp, s\u1eafc th\u00e1i m\u00e0u, \u0111\u1ed9 rung v\u00e0 nhi\u1ec1u h\u01a1n n\u1eefa. Ho\u1eb7c ch\u1ec9 c\u1ea7n \u0111\u1ec3 ch\u1ebf \u0111\u1ed9 T\u1ef1 \u0111\u1ed9ng ch\u0103m s\u00f3c n\u00f3.<\/p>\n<\/div>\n\t\t\n<style>\n#text-2774811855 {\n  text-align: left;\n}\n<\/style>\n\t<\/div>\n\t\n\t\t\t<\/div>\n\t\t<\/div>\n\t<\/div>\n\t\n\t\t<\/div>\n\t\t\t\t\t<\/div>\n\n\t\n<\/div>\n<div class=\"row align-equal align-center\"  id=\"row-1210398751\">\n\n\t<div id=\"col-1705725598\" class=\"col medium-4 small-12 large-4\"  >\n\t\t\t\t<div class=\"col-inner\"  >\n\t\t\t\n\t\t\t\n\t<div class=\"box has-hover imgbox_tn  has-hover box-text-bottom\" >\n\n\t\t<div class=\"box-image\" >\n\t\t\t\t\t\t<div class=\"\" >\n\t\t\t\t<img decoding=\"async\" width=\"776\" height=\"437\" src=\"https:\/\/logitech.cms.com.vn\/wp-content\/uploads\/2025\/08\/mx-brio-background-noise-suppression.webp\" class=\"attachment- size-\" alt=\"\" srcset=\"https:\/\/logitech.cms.com.vn\/wp-content\/uploads\/2025\/08\/mx-brio-background-noise-suppression.webp 776w, https:\/\/logitech.cms.com.vn\/wp-content\/uploads\/2025\/08\/mx-brio-background-noise-suppression-710x400.webp 710w, https:\/\/logitech.cms.com.vn\/wp-content\/uploads\/2025\/08\/mx-brio-background-noise-suppression-768x432.webp 768w, https:\/\/logitech.cms.com.vn\/wp-content\/uploads\/2025\/08\/mx-brio-background-noise-suppression-300x169.webp 300w, https:\/\/logitech.cms.com.vn\/wp-content\/uploads\/2025\/08\/mx-brio-background-noise-suppression-600x338.webp 600w\" sizes=\"(max-width: 776px) 100vw, 776px\" \/>\t\t\t\t\t\t\t\t\t\t\t<\/div>\n\t\t\t\t\t<\/div>\n\n\t\t<div class=\"box-text text-center\" >\n\t\t\t<div class=\"box-text-inner\">\n\t\t\t\t\n\t<div id=\"text-3705338039\" class=\"text\">\n\t\t\n<h4>Gi\u1ea3m nhi\u1ec5u n\u1ec1n<\/h4>\n<div class=\"showh\"><\/div>\n<div class=\"show_content\">\n<p>C\u00e1c mic gi\u1ea3m ti\u1ebfng \u1ed3n t\u1ea1o ch\u00f9m k\u00e9p t\u00edch h\u1ee3p ng\u0103n ch\u1eb7n t\u1ea1p \u00e2m n\u1ec1n v\u1edbi s\u1ef1 h\u1ed7 tr\u1ee3 c\u1ee7a AI, \u0111\u1ec3 \u0111\u1ea3m b\u1ea3o nghe th\u1ea5y b\u1ea1n r\u00f5 r\u00e0ng.<\/p>\n<\/div>\n\t\t\n<style>\n#text-3705338039 {\n  text-align: left;\n}\n<\/style>\n\t<\/div>\n\t\n\t\t\t<\/div>\n\t\t<\/div>\n\t<\/div>\n\t\n\t\t<\/div>\n\t\t\t\t\t<\/div>\n\n\t\n\n\t<div id=\"col-1068506779\" class=\"col medium-4 small-12 large-4\"  >\n\t\t\t\t<div class=\"col-inner\"  >\n\t\t\t\n\t\t\t\n\t<div class=\"box has-hover imgbox_tn  has-hover box-text-bottom\" >\n\n\t\t<div class=\"box-image\" >\n\t\t\t\t\t\t<div class=\"\" >\n\t\t\t\t<img decoding=\"async\" width=\"776\" height=\"437\" src=\"https:\/\/logitech.cms.com.vn\/wp-content\/uploads\/2025\/08\/mx-brio-privacy-shutter.webp\" class=\"attachment- size-\" alt=\"\" srcset=\"https:\/\/logitech.cms.com.vn\/wp-content\/uploads\/2025\/08\/mx-brio-privacy-shutter.webp 776w, https:\/\/logitech.cms.com.vn\/wp-content\/uploads\/2025\/08\/mx-brio-privacy-shutter-710x400.webp 710w, https:\/\/logitech.cms.com.vn\/wp-content\/uploads\/2025\/08\/mx-brio-privacy-shutter-768x432.webp 768w, https:\/\/logitech.cms.com.vn\/wp-content\/uploads\/2025\/08\/mx-brio-privacy-shutter-300x169.webp 300w, https:\/\/logitech.cms.com.vn\/wp-content\/uploads\/2025\/08\/mx-brio-privacy-shutter-600x338.webp 600w\" sizes=\"(max-width: 776px) 100vw, 776px\" \/>\t\t\t\t\t\t\t\t\t\t\t<\/div>\n\t\t\t\t\t<\/div>\n\n\t\t<div class=\"box-text text-center\" >\n\t\t\t<div class=\"box-text-inner\">\n\t\t\t\t\n\t<div id=\"text-1756124946\" class=\"text\">\n\t\t\n<h4>M\u00e0n ch\u1eadp b\u1ea3o v\u1ec7 t\u00edch h\u1ee3p<\/h4>\n<div class=\"showh\"><\/div>\n<div class=\"show_content\">\n<p>B\u1ea3o v\u1ec7 s\u1ef1 ri\u00eang t\u01b0 c\u1ee7a b\u1ea1n gi\u1eefa c\u00e1c cu\u1ed9c h\u1ecdp ch\u1ec9 b\u1eb1ng c\u00e1ch xoay m\u00e0n che \u1ed1ng k\u00ednh t\u00edch h\u1ee3p \u0111\u1ec3 ch\u1eb7n ho\u00e0n to\u00e0n camera.<\/p>\n<\/div>\n\t\t\n<style>\n#text-1756124946 {\n  text-align: left;\n}\n<\/style>\n\t<\/div>\n\t\n\t\t\t<\/div>\n\t\t<\/div>\n\t<\/div>\n\t\n\t\t<\/div>\n\t\t\t\t\t<\/div>\n\n\t\n<\/div>\n\t\t<\/div>\n\n\t\t\n<style>\n#section_2123885282 {\n  padding-top: 30px;\n  padding-bottom: 30px;\n}\n<\/style>\n\t<\/section>\n\t\n","protected":false},"excerpt":{"rendered":"<p data-start=\"101\" data-end=\"167\">Webcam 4K v\u1edbi AI v\u00e0 c\u1ea3m bi\u1ebfn l\u1edbn nh\u1ea5t<\/p>\n<ul>\n<li data-start=\"170\" data-end=\"240\">Chi ti\u1ebft h\u01a1n g\u1ea5p 2 l\u1ea7n trong \u00e1nh s\u00e1ng kh\u00f3,\u00a0t\u1ed1i \u01b0u m\u00e0u s\u1eafc v\u00e0 \u0111\u1ed9 s\u00e1ng t\u1ef1 nhi\u00ean<\/li>\n<li data-start=\"306\" data-end=\"376\">Mang l\u1ea1i ch\u1ea5t l\u01b0\u1ee3ng v\u01b0\u1ee3t tr\u1ed9i<\/li>\n<\/ul>\n","protected":false},"featured_media":4548,"comment_status":"open","ping_status":"closed","template":"","meta":[],"product_brand":[],"product_cat":[178,196],"product_tag":[],"class_list":{"0":"post-4540","1":"product","2":"type-product","3":"status-publish","4":"has-post-thumbnail","6":"product_cat-headsets-webcams","7":"product_cat-webcams","8":"pa_do-phan-giai-khung-hinh-giay-1080p-30fps-en","9":"pa_do-phan-giai-khung-hinh-giay-1080p-60fps-en","10":"pa_do-phan-giai-khung-hinh-giay-4k-30fps-en","11":"pa_do-phan-giai-khung-hinh-giay-720p-30fps-en","12":"pa_do-phan-giai-khung-hinh-giay-720p-60fps-en","13":"pa_duoc-chung-nhan-tuong-thich-google-meet-en","14":"pa_duoc-chung-nhan-tuong-thich-chromebook-en","15":"pa_duoc-chung-nhan-tuong-thich-microsoft-teams-en","16":"pa_duoc-chung-nhan-tuong-thich-zoom-en","17":"pa_mau-than-chi-en","18":"pa_mau-trang-en","19":"pa_tinh-nang-2-mic-thu-moi-huong-en","20":"pa_tinh-nang-chu-de-chan-may-en","21":"pa_tinh-nang-dai-tuong-phan-dong-cao-en","22":"pa_tinh-nang-kep-pho-dung-en","23":"pa_tinh-nang-lay-net-tu-dong-en","24":"pa_tinh-nang-logi-options-en","25":"pa_tinh-nang-mic-tao-chum-kep-en","26":"pa_tinh-nang-pham-vi-quan-sat-co-the-dieu-chinh-en","27":"pa_tinh-nang-quet-ngang-nghieng-en","28":"pa_tinh-nang-thau-kinh-en","29":"pa_tinh-nang-truyen-truc-tuyen-quay-phim-en","30":"pa_tinh-nang-ung-dung-logi-tune-en","32":"first","33":"instock","34":"sale","35":"shipping-taxable","36":"purchasable","37":"product-type-variable","38":"has-default-attributes"},"acf":[],"yoast_head":"<!-- This site is optimized with the Yoast SEO plugin v26.5 - https:\/\/yoast.com\/wordpress\/plugins\/seo\/ -->\n<title>MX Brio - CMS-LOGITECH<\/title>\n<meta name=\"robots\" content=\"index, follow, max-snippet:-1, max-image-preview:large, max-video-preview:-1\" \/>\n<link rel=\"canonical\" href=\"https:\/\/logitech.cms.com.vn\/en\/san-pham\/mx-brio\/\" \/>\n<meta property=\"og:locale\" content=\"en_US\" \/>\n<meta property=\"og:type\" content=\"article\" \/>\n<meta property=\"og:title\" content=\"MX Brio - CMS-LOGITECH\" \/>\n<meta property=\"og:description\" content=\"Webcam 4K v\u1edbi AI v\u00e0 c\u1ea3m bi\u1ebfn l\u1edbn nh\u1ea5t    Chi ti\u1ebft h\u01a1n g\u1ea5p 2 l\u1ea7n trong \u00e1nh s\u00e1ng kh\u00f3,\u00a0t\u1ed1i \u01b0u m\u00e0u s\u1eafc v\u00e0 \u0111\u1ed9 s\u00e1ng t\u1ef1 nhi\u00ean  Mang l\u1ea1i ch\u1ea5t l\u01b0\u1ee3ng v\u01b0\u1ee3t tr\u1ed9i\" \/>\n<meta property=\"og:url\" content=\"https:\/\/logitech.cms.com.vn\/en\/san-pham\/mx-brio\/\" \/>\n<meta property=\"og:site_name\" content=\"CMS-LOGITECH\" \/>\n<meta property=\"article:publisher\" content=\"https:\/\/www.facebook.com\/CMSCo.Ltd\" \/>\n<meta property=\"article:modified_time\" content=\"2025-09-18T09:16:08+00:00\" \/>\n<meta property=\"og:image\" content=\"https:\/\/logitech.cms.com.vn\/wp-content\/uploads\/2025\/08\/mx-brio-3qtr-front-right-graphite.webp\" \/>\n\t<meta property=\"og:image:width\" content=\"1088\" \/>\n\t<meta property=\"og:image:height\" content=\"932\" \/>\n\t<meta property=\"og:image:type\" content=\"image\/webp\" \/>\n<meta name=\"twitter:card\" content=\"summary_large_image\" \/>\n<meta name=\"twitter:label1\" content=\"Est. reading time\" \/>\n\t<meta name=\"twitter:data1\" content=\"3 minutes\" \/>\n<script type=\"application\/ld+json\" class=\"yoast-schema-graph\">{\"@context\":\"https:\/\/schema.org\",\"@graph\":[{\"@type\":\"WebPage\",\"@id\":\"https:\/\/logitech.cms.com.vn\/en\/san-pham\/mx-brio\/\",\"url\":\"https:\/\/logitech.cms.com.vn\/en\/san-pham\/mx-brio\/\",\"name\":\"MX Brio - CMS-LOGITECH\",\"isPartOf\":{\"@id\":\"https:\/\/logitech.cms.com.vn\/en\/#website\"},\"primaryImageOfPage\":{\"@id\":\"https:\/\/logitech.cms.com.vn\/en\/san-pham\/mx-brio\/#primaryimage\"},\"image\":{\"@id\":\"https:\/\/logitech.cms.com.vn\/en\/san-pham\/mx-brio\/#primaryimage\"},\"thumbnailUrl\":\"https:\/\/logitech.cms.com.vn\/wp-content\/uploads\/2025\/08\/mx-brio-3qtr-front-right-graphite.webp\",\"datePublished\":\"2025-08-24T18:12:29+00:00\",\"dateModified\":\"2025-09-18T09:16:08+00:00\",\"breadcrumb\":{\"@id\":\"https:\/\/logitech.cms.com.vn\/en\/san-pham\/mx-brio\/#breadcrumb\"},\"inLanguage\":\"en-US\",\"potentialAction\":[{\"@type\":\"ReadAction\",\"target\":[\"https:\/\/logitech.cms.com.vn\/en\/san-pham\/mx-brio\/\"]}]},{\"@type\":\"ImageObject\",\"inLanguage\":\"en-US\",\"@id\":\"https:\/\/logitech.cms.com.vn\/en\/san-pham\/mx-brio\/#primaryimage\",\"url\":\"https:\/\/logitech.cms.com.vn\/wp-content\/uploads\/2025\/08\/mx-brio-3qtr-front-right-graphite.webp\",\"contentUrl\":\"https:\/\/logitech.cms.com.vn\/wp-content\/uploads\/2025\/08\/mx-brio-3qtr-front-right-graphite.webp\",\"width\":1088,\"height\":932},{\"@type\":\"BreadcrumbList\",\"@id\":\"https:\/\/logitech.cms.com.vn\/en\/san-pham\/mx-brio\/#breadcrumb\",\"itemListElement\":[{\"@type\":\"ListItem\",\"position\":1,\"name\":\"Home\",\"item\":\"https:\/\/logitech.cms.com.vn\/en\/\"},{\"@type\":\"ListItem\",\"position\":2,\"name\":\"Shop\",\"item\":\"https:\/\/logitech.cms.com.vn\/shop\/\"},{\"@type\":\"ListItem\",\"position\":3,\"name\":\"MX Brio\"}]},{\"@type\":\"WebSite\",\"@id\":\"https:\/\/logitech.cms.com.vn\/en\/#website\",\"url\":\"https:\/\/logitech.cms.com.vn\/en\/\",\"name\":\"CMS X LOGITECH\",\"description\":\"L\u00e0 nh\u00e0 ph\u00e2n ph\u1ed1i chi\u1ebfn l\u01b0\u1ee3c c\u1ee7a Logitech t\u1ea1i Vi\u1ec7t Nam, C\u00f4ng ty TNHH S\u1ea3n xu\u1ea5t v\u00e0 D\u1ecbch v\u1ee5 CMC (CMS) t\u1ef1 h\u00e0o mang \u0111\u1ebfn cho th\u1ecb tr\u01b0\u1eddng nh\u1eefng gi\u1ea3i ph\u00e1p h\u1ed9i h\u1ecdp ch\u00ednh h\u00e3ng, t\u1ed1i \u01b0u cho doanh nghi\u1ec7p thu\u1ed9c m\u1ecdi quy m\u00f4, t\u1eeb startup n\u0103ng \u0111\u1ed9ng \u0111\u1ebfn t\u1eadp \u0111o\u00e0n \u0111a qu\u1ed1c gia.\",\"publisher\":{\"@id\":\"https:\/\/logitech.cms.com.vn\/en\/#organization\"},\"alternateName\":\"C\u00f4ng ty TNHH S\u1ea3n xu\u1ea5t v\u00e0 D\u1ecbch v\u1ee5 CMC\",\"potentialAction\":[{\"@type\":\"SearchAction\",\"target\":{\"@type\":\"EntryPoint\",\"urlTemplate\":\"https:\/\/logitech.cms.com.vn\/en\/?s={search_term_string}\"},\"query-input\":{\"@type\":\"PropertyValueSpecification\",\"valueRequired\":true,\"valueName\":\"search_term_string\"}}],\"inLanguage\":\"en-US\"},{\"@type\":\"Organization\",\"@id\":\"https:\/\/logitech.cms.com.vn\/en\/#organization\",\"name\":\"CMS X LOGITECH\",\"alternateName\":\"C\u00f4ng ty TNHH S\u1ea3n xu\u1ea5t v\u00e0 D\u1ecbch v\u1ee5 CMC\",\"url\":\"https:\/\/logitech.cms.com.vn\/en\/\",\"logo\":{\"@type\":\"ImageObject\",\"inLanguage\":\"en-US\",\"@id\":\"https:\/\/logitech.cms.com.vn\/en\/#\/schema\/logo\/image\/\",\"url\":\"https:\/\/logitech.cms.com.vn\/wp-content\/uploads\/2026\/03\/Logitech_idrFIUkALf_3.png\",\"contentUrl\":\"https:\/\/logitech.cms.com.vn\/wp-content\/uploads\/2026\/03\/Logitech_idrFIUkALf_3.png\",\"width\":400,\"height\":400,\"caption\":\"CMS X LOGITECH\"},\"image\":{\"@id\":\"https:\/\/logitech.cms.com.vn\/en\/#\/schema\/logo\/image\/\"},\"sameAs\":[\"https:\/\/www.facebook.com\/CMSCo.Ltd\"]}]}<\/script>\n<!-- \/ Yoast SEO plugin. -->","yoast_head_json":{"title":"MX Brio - CMS-LOGITECH","robots":{"index":"index","follow":"follow","max-snippet":"max-snippet:-1","max-image-preview":"max-image-preview:large","max-video-preview":"max-video-preview:-1"},"canonical":"https:\/\/logitech.cms.com.vn\/en\/san-pham\/mx-brio\/","og_locale":"en_US","og_type":"article","og_title":"MX Brio - CMS-LOGITECH","og_description":"Webcam 4K v\u1edbi AI v\u00e0 c\u1ea3m bi\u1ebfn l\u1edbn nh\u1ea5t    Chi ti\u1ebft h\u01a1n g\u1ea5p 2 l\u1ea7n trong \u00e1nh s\u00e1ng kh\u00f3,\u00a0t\u1ed1i \u01b0u m\u00e0u s\u1eafc v\u00e0 \u0111\u1ed9 s\u00e1ng t\u1ef1 nhi\u00ean  Mang l\u1ea1i ch\u1ea5t l\u01b0\u1ee3ng v\u01b0\u1ee3t tr\u1ed9i","og_url":"https:\/\/logitech.cms.com.vn\/en\/san-pham\/mx-brio\/","og_site_name":"CMS-LOGITECH","article_publisher":"https:\/\/www.facebook.com\/CMSCo.Ltd","article_modified_time":"2025-09-18T09:16:08+00:00","og_image":[{"width":1088,"height":932,"url":"https:\/\/logitech.cms.com.vn\/wp-content\/uploads\/2025\/08\/mx-brio-3qtr-front-right-graphite.webp","type":"image\/webp"}],"twitter_card":"summary_large_image","twitter_misc":{"Est. reading time":"3 minutes"},"schema":{"@context":"https:\/\/schema.org","@graph":[{"@type":"WebPage","@id":"https:\/\/logitech.cms.com.vn\/en\/san-pham\/mx-brio\/","url":"https:\/\/logitech.cms.com.vn\/en\/san-pham\/mx-brio\/","name":"MX Brio - CMS-LOGITECH","isPartOf":{"@id":"https:\/\/logitech.cms.com.vn\/en\/#website"},"primaryImageOfPage":{"@id":"https:\/\/logitech.cms.com.vn\/en\/san-pham\/mx-brio\/#primaryimage"},"image":{"@id":"https:\/\/logitech.cms.com.vn\/en\/san-pham\/mx-brio\/#primaryimage"},"thumbnailUrl":"https:\/\/logitech.cms.com.vn\/wp-content\/uploads\/2025\/08\/mx-brio-3qtr-front-right-graphite.webp","datePublished":"2025-08-24T18:12:29+00:00","dateModified":"2025-09-18T09:16:08+00:00","breadcrumb":{"@id":"https:\/\/logitech.cms.com.vn\/en\/san-pham\/mx-brio\/#breadcrumb"},"inLanguage":"en-US","potentialAction":[{"@type":"ReadAction","target":["https:\/\/logitech.cms.com.vn\/en\/san-pham\/mx-brio\/"]}]},{"@type":"ImageObject","inLanguage":"en-US","@id":"https:\/\/logitech.cms.com.vn\/en\/san-pham\/mx-brio\/#primaryimage","url":"https:\/\/logitech.cms.com.vn\/wp-content\/uploads\/2025\/08\/mx-brio-3qtr-front-right-graphite.webp","contentUrl":"https:\/\/logitech.cms.com.vn\/wp-content\/uploads\/2025\/08\/mx-brio-3qtr-front-right-graphite.webp","width":1088,"height":932},{"@type":"BreadcrumbList","@id":"https:\/\/logitech.cms.com.vn\/en\/san-pham\/mx-brio\/#breadcrumb","itemListElement":[{"@type":"ListItem","position":1,"name":"Home","item":"https:\/\/logitech.cms.com.vn\/en\/"},{"@type":"ListItem","position":2,"name":"Shop","item":"https:\/\/logitech.cms.com.vn\/shop\/"},{"@type":"ListItem","position":3,"name":"MX Brio"}]},{"@type":"WebSite","@id":"https:\/\/logitech.cms.com.vn\/en\/#website","url":"https:\/\/logitech.cms.com.vn\/en\/","name":"CMS X LOGITECH","description":"L\u00e0 nh\u00e0 ph\u00e2n ph\u1ed1i chi\u1ebfn l\u01b0\u1ee3c c\u1ee7a Logitech t\u1ea1i Vi\u1ec7t Nam, C\u00f4ng ty TNHH S\u1ea3n xu\u1ea5t v\u00e0 D\u1ecbch v\u1ee5 CMC (CMS) t\u1ef1 h\u00e0o mang \u0111\u1ebfn cho th\u1ecb tr\u01b0\u1eddng nh\u1eefng gi\u1ea3i ph\u00e1p h\u1ed9i h\u1ecdp ch\u00ednh h\u00e3ng, t\u1ed1i \u01b0u cho doanh nghi\u1ec7p thu\u1ed9c m\u1ecdi quy m\u00f4, t\u1eeb startup n\u0103ng \u0111\u1ed9ng \u0111\u1ebfn t\u1eadp \u0111o\u00e0n \u0111a qu\u1ed1c gia.","publisher":{"@id":"https:\/\/logitech.cms.com.vn\/en\/#organization"},"alternateName":"C\u00f4ng ty TNHH S\u1ea3n xu\u1ea5t v\u00e0 D\u1ecbch v\u1ee5 CMC","potentialAction":[{"@type":"SearchAction","target":{"@type":"EntryPoint","urlTemplate":"https:\/\/logitech.cms.com.vn\/en\/?s={search_term_string}"},"query-input":{"@type":"PropertyValueSpecification","valueRequired":true,"valueName":"search_term_string"}}],"inLanguage":"en-US"},{"@type":"Organization","@id":"https:\/\/logitech.cms.com.vn\/en\/#organization","name":"CMS X LOGITECH","alternateName":"C\u00f4ng ty TNHH S\u1ea3n xu\u1ea5t v\u00e0 D\u1ecbch v\u1ee5 CMC","url":"https:\/\/logitech.cms.com.vn\/en\/","logo":{"@type":"ImageObject","inLanguage":"en-US","@id":"https:\/\/logitech.cms.com.vn\/en\/#\/schema\/logo\/image\/","url":"https:\/\/logitech.cms.com.vn\/wp-content\/uploads\/2026\/03\/Logitech_idrFIUkALf_3.png","contentUrl":"https:\/\/logitech.cms.com.vn\/wp-content\/uploads\/2026\/03\/Logitech_idrFIUkALf_3.png","width":400,"height":400,"caption":"CMS X LOGITECH"},"image":{"@id":"https:\/\/logitech.cms.com.vn\/en\/#\/schema\/logo\/image\/"},"sameAs":["https:\/\/www.facebook.com\/CMSCo.Ltd"]}]}},"_links":{"self":[{"href":"https:\/\/logitech.cms.com.vn\/en\/wp-json\/wp\/v2\/product\/4540","targetHints":{"allow":["GET"]}}],"collection":[{"href":"https:\/\/logitech.cms.com.vn\/en\/wp-json\/wp\/v2\/product"}],"about":[{"href":"https:\/\/logitech.cms.com.vn\/en\/wp-json\/wp\/v2\/types\/product"}],"replies":[{"embeddable":true,"href":"https:\/\/logitech.cms.com.vn\/en\/wp-json\/wp\/v2\/comments?post=4540"}],"wp:featuredmedia":[{"embeddable":true,"href":"https:\/\/logitech.cms.com.vn\/en\/wp-json\/wp\/v2\/media\/4548"}],"wp:attachment":[{"href":"https:\/\/logitech.cms.com.vn\/en\/wp-json\/wp\/v2\/media?parent=4540"}],"wp:term":[{"taxonomy":"product_brand","embeddable":true,"href":"https:\/\/logitech.cms.com.vn\/en\/wp-json\/wp\/v2\/product_brand?post=4540"},{"taxonomy":"product_cat","embeddable":true,"href":"https:\/\/logitech.cms.com.vn\/en\/wp-json\/wp\/v2\/product_cat?post=4540"},{"taxonomy":"product_tag","embeddable":true,"href":"https:\/\/logitech.cms.com.vn\/en\/wp-json\/wp\/v2\/product_tag?post=4540"}],"curies":[{"name":"wp","href":"https:\/\/api.w.org\/{rel}","templated":true}]}}