{"id":4177,"date":"2025-08-22T02:31:00","date_gmt":"2025-08-22T02:31:00","guid":{"rendered":"https:\/\/logitech.cms.com.vn\/?post_type=product&#038;p=4177"},"modified":"2025-09-18T09:37:50","modified_gmt":"2025-09-18T09:37:50","slug":"tai-nghe-am-thanh-noi-h151","status":"publish","type":"product","link":"https:\/\/logitech.cms.com.vn\/en\/san-pham\/tai-nghe-am-thanh-noi-h151\/","title":{"rendered":"Tai nghe \u00e2m thanh n\u1ed5i H151"},"content":{"rendered":"\n\t<section class=\"section sec_pro_tn\" id=\"section_1573705481\">\n\t\t<div class=\"section-bg fill\" >\n\t\t\t\t\t\t\t\t\t\n\t\t\t\n\n\t\t<\/div>\n\n\t\t\n\n\t\t<div class=\"section-content relative\">\n\t\t\t\n<div class=\"row align-middle align-center row_pro_tn\"  id=\"row-817896383\">\n\n\t<div id=\"col-136918394\" class=\"col divorder medium-6 small-12 large-8\"  >\n\t\t\t\t<div class=\"col-inner text-center\"  >\n\t\t\t\n\t\t\t\n<h3 class=\"uppercase\" style=\"text-align: center;\">\u00c2M THANH N\u1ed4I<\/h3>\n<div style=\"text-align: center;\">\u00c2m thanh n\u1ed5i to\u00e0n ph\u1ea7n \u0111em \u0111\u1ebfn gi\u1ecdng n\u00f3i, \u00e2m nh\u1ea1c, tr\u00f2 ch\u01a1i v\u00e0 cu\u1ed9c g\u1ecdi video trong tr\u1ebbo, r\u00f5 r\u00e0ng v\u00e0 nhi\u1ec1u h\u01a1n n\u1eefa. M\u1ed9t tai nghe \u00e2m thanh n\u1ed5i thi\u1ebft y\u1ebfu cho m\u1ee5c \u0111\u00edch s\u1eed d\u1ee5ng c\u00e1 nh\u00e2n ho\u1eb7c t\u1ea1i v\u0103n ph\u00f2ng.<\/div>\n\t\t<\/div>\n\t\t\t\t\n<style>\n#col-136918394 > .col-inner {\n  margin: -20px 0px 0px 0px;\n}\n<\/style>\n\t<\/div>\n\n\t\n\n\t<div id=\"col-1410921445\" class=\"col small-12 large-12\"  >\n\t\t\t\t<div class=\"col-inner\"  >\n\t\t\t\n\t\t\t\n\t<div class=\"img has-hover x md-x lg-x y md-y lg-y\" id=\"image_432748365\">\n\t\t\t\t\t\t\t\t<div class=\"img-inner dark\" style=\"margin:0px 0px 0px 0px;\">\n\t\t\t<img decoding=\"async\" width=\"1020\" height=\"574\" src=\"https:\/\/logitech.cms.com.vn\/wp-content\/uploads\/2025\/08\/h151-feature-1-1400x788.webp\" class=\"attachment-large size-large\" alt=\"\" srcset=\"https:\/\/logitech.cms.com.vn\/wp-content\/uploads\/2025\/08\/h151-feature-1-1400x788.webp 1400w, https:\/\/logitech.cms.com.vn\/wp-content\/uploads\/2025\/08\/h151-feature-1-711x400.webp 711w, https:\/\/logitech.cms.com.vn\/wp-content\/uploads\/2025\/08\/h151-feature-1-768x432.webp 768w, https:\/\/logitech.cms.com.vn\/wp-content\/uploads\/2025\/08\/h151-feature-1-1536x864.webp 1536w, https:\/\/logitech.cms.com.vn\/wp-content\/uploads\/2025\/08\/h151-feature-1-2048x1152.webp 2048w, https:\/\/logitech.cms.com.vn\/wp-content\/uploads\/2025\/08\/h151-feature-1-300x169.webp 300w, https:\/\/logitech.cms.com.vn\/wp-content\/uploads\/2025\/08\/h151-feature-1-600x338.webp 600w\" sizes=\"(max-width: 1020px) 100vw, 1020px\" \/>\t\t\t\t\t\t\n\t\t\t\t\t<\/div>\n\t\t\t\t\t\t\t\t\n<style>\n#image_432748365 {\n  width: 100%;\n}\n<\/style>\n\t<\/div>\n\t\n\t\t<\/div>\n\t\t\t\t\n<style>\n#col-1410921445 > .col-inner {\n  margin: -20px 0px 0px 0px;\n}\n<\/style>\n\t<\/div>\n\n\t\n\n<style>\n#row-817896383 > .col > .col-inner {\n  padding: 50px 0px 0px 0px;\n}\n<\/style>\n<\/div>\n\t\t<\/div>\n\n\t\t\n<style>\n#section_1573705481 {\n  padding-top: 30px;\n  padding-bottom: 30px;\n}\n<\/style>\n\t<\/section>\n\t\n\n\t<section class=\"section sec_tn_main\" id=\"section_1116898169\">\n\t\t<div class=\"section-bg fill\" >\n\t\t\t\t\t\t\t\t\t\n\t\t\t\n\n\t\t<\/div>\n\n\t\t\n\n\t\t<div class=\"section-content relative\">\n\t\t\t\n<div class=\"container section-title-container tittlehome\" ><h3 class=\"section-title section-title-center\"><b aria-hidden=\"true\"><\/b><span class=\"section-title-main\" ><i class=\"icon-star\" aria-hidden=\"true\"><\/i>Nh\u1eefng t\u00ednh n\u0103ng ch\u00ednh<\/span><b aria-hidden=\"true\"><\/b><\/h3><\/div>\n<div class=\"row align-equal align-center\"  id=\"row-276371980\">\n\n\t<div id=\"col-1033163111\" class=\"col medium-4 small-12 large-4\"  >\n\t\t\t\t<div class=\"col-inner\"  >\n\t\t\t\n\t\t\t\n\t<div class=\"box has-hover imgbox_tn  has-hover box-text-bottom\" >\n\n\t\t<div class=\"box-image\" >\n\t\t\t\t\t\t<div class=\"\" >\n\t\t\t\t<img decoding=\"async\" width=\"1552\" height=\"874\" src=\"https:\/\/logitech.cms.com.vn\/wp-content\/uploads\/2025\/08\/h151-feature-2.webp\" class=\"attachment- size-\" alt=\"\" srcset=\"https:\/\/logitech.cms.com.vn\/wp-content\/uploads\/2025\/08\/h151-feature-2.webp 1552w, https:\/\/logitech.cms.com.vn\/wp-content\/uploads\/2025\/08\/h151-feature-2-710x400.webp 710w, https:\/\/logitech.cms.com.vn\/wp-content\/uploads\/2025\/08\/h151-feature-2-1400x788.webp 1400w, https:\/\/logitech.cms.com.vn\/wp-content\/uploads\/2025\/08\/h151-feature-2-768x432.webp 768w, https:\/\/logitech.cms.com.vn\/wp-content\/uploads\/2025\/08\/h151-feature-2-1536x865.webp 1536w, https:\/\/logitech.cms.com.vn\/wp-content\/uploads\/2025\/08\/h151-feature-2-300x169.webp 300w, https:\/\/logitech.cms.com.vn\/wp-content\/uploads\/2025\/08\/h151-feature-2-600x338.webp 600w\" sizes=\"(max-width: 1552px) 100vw, 1552px\" \/>\t\t\t\t\t\t\t\t\t\t\t<\/div>\n\t\t\t\t\t<\/div>\n\n\t\t<div class=\"box-text text-center\" >\n\t\t\t<div class=\"box-text-inner\">\n\t\t\t\t\n\t<div id=\"text-4142441194\" class=\"text\">\n\t\t\n<h4>MICR\u00d4 C\u00d3 TH\u1ec2 XOAY \u0110\u01af\u1ee2C<\/h4>\n<div class=\"showh\"><\/div>\n<div class=\"show_content\">\n<p>C\u1ea7n mic c\u00f3 th\u1ec3 xoay 180\u00b0 \u0111\u1ec3 \u0111eo b\u00ean tr\u00e1i ho\u1eb7c b\u00ean ph\u1ea3i. Mic linh ho\u1ea1t c\u00f3 th\u1ec3 ch\u1ec9nh \u0111\u01b0\u1ee3c v\u1ecb tr\u00ed \u0111\u1ec3 thu \u00e2m thanh t\u1ed1t h\u01a1n c\u0169ng nh\u01b0 gi\u1ea3m t\u1ea1p \u00e2m n\u1ec1n. C\u1ea7n mic c\u00f3 th\u1ec3 g\u1ea5p v\u00e0o b\u00ean trong khi b\u1ea1n kh\u00f4ng s\u1eed d\u1ee5ng \u0111\u1ebfn n\u00f3.<\/p>\n<\/div>\n\t\t\n<style>\n#text-4142441194 {\n  text-align: left;\n}\n<\/style>\n\t<\/div>\n\t\n\t\t\t<\/div>\n\t\t<\/div>\n\t<\/div>\n\t\n\t\t<\/div>\n\t\t\t\t\t<\/div>\n\n\t\n\n\t<div id=\"col-998484478\" class=\"col medium-4 small-12 large-4\"  >\n\t\t\t\t<div class=\"col-inner\"  >\n\t\t\t\n\t\t\t\n\t<div class=\"box has-hover imgbox_tn  has-hover box-text-bottom\" >\n\n\t\t<div class=\"box-image\" >\n\t\t\t\t\t\t<div class=\"\" >\n\t\t\t\t<img decoding=\"async\" width=\"1552\" height=\"874\" src=\"https:\/\/logitech.cms.com.vn\/wp-content\/uploads\/2025\/08\/h151-feature-3.jpg\" class=\"attachment- size-\" alt=\"\" srcset=\"https:\/\/logitech.cms.com.vn\/wp-content\/uploads\/2025\/08\/h151-feature-3.jpg 1552w, https:\/\/logitech.cms.com.vn\/wp-content\/uploads\/2025\/08\/h151-feature-3-710x400.jpg 710w, https:\/\/logitech.cms.com.vn\/wp-content\/uploads\/2025\/08\/h151-feature-3-1400x788.jpg 1400w, https:\/\/logitech.cms.com.vn\/wp-content\/uploads\/2025\/08\/h151-feature-3-768x432.jpg 768w, https:\/\/logitech.cms.com.vn\/wp-content\/uploads\/2025\/08\/h151-feature-3-1536x865.jpg 1536w, https:\/\/logitech.cms.com.vn\/wp-content\/uploads\/2025\/08\/h151-feature-3-300x169.jpg 300w, https:\/\/logitech.cms.com.vn\/wp-content\/uploads\/2025\/08\/h151-feature-3-600x338.jpg 600w\" sizes=\"(max-width: 1552px) 100vw, 1552px\" \/>\t\t\t\t\t\t\t\t\t\t\t<\/div>\n\t\t\t\t\t<\/div>\n\n\t\t<div class=\"box-text text-center\" >\n\t\t\t<div class=\"box-text-inner\">\n\t\t\t\t\n\t<div id=\"text-3411006043\" class=\"text\">\n\t\t\n<h4>N\u00daT \u0110I\u1ec0U KHI\u1ec2N TR\u00caN D\u00c2Y<\/h4>\n<div class=\"showh\"><\/div>\n<div class=\"show_content\">\n<p>C\u00e1c n\u00fat \u0111i\u1ec1u khi\u1ec3n thu\u1eadn ti\u1ec7n tr\u00ean d\u00e2y tai nghe cho ph\u00e9p b\u1ea1n \u0111i\u1ec1u ch\u1ec9nh \u00e2m l\u01b0\u1ee3ng ho\u1eb7c t\u1eaft ti\u1ebfng cu\u1ed9c g\u1ecdi m\u00e0 kh\u00f4ng h\u1ec1 gi\u00e1n \u0111o\u1ea1n.<\/p>\n<\/div>\n\t\t\n<style>\n#text-3411006043 {\n  text-align: left;\n}\n<\/style>\n\t<\/div>\n\t\n\t\t\t<\/div>\n\t\t<\/div>\n\t<\/div>\n\t\n\t\t<\/div>\n\t\t\t\t\t<\/div>\n\n\t\n<\/div>\n<div class=\"row align-equal align-center\"  id=\"row-28895816\">\n\n\t<div id=\"col-500916452\" class=\"col medium-4 small-12 large-4\"  >\n\t\t\t\t<div class=\"col-inner\"  >\n\t\t\t\n\t\t\t\n\t<div class=\"box has-hover imgbox_tn  has-hover box-text-bottom\" >\n\n\t\t<div class=\"box-image\" >\n\t\t\t\t\t\t<div class=\"\" >\n\t\t\t\t<img decoding=\"async\" width=\"1552\" height=\"874\" src=\"https:\/\/logitech.cms.com.vn\/wp-content\/uploads\/2025\/08\/h151-feature-4-1.webp\" class=\"attachment- size-\" alt=\"\" srcset=\"https:\/\/logitech.cms.com.vn\/wp-content\/uploads\/2025\/08\/h151-feature-4-1.webp 1552w, https:\/\/logitech.cms.com.vn\/wp-content\/uploads\/2025\/08\/h151-feature-4-1-710x400.webp 710w, https:\/\/logitech.cms.com.vn\/wp-content\/uploads\/2025\/08\/h151-feature-4-1-1400x788.webp 1400w, https:\/\/logitech.cms.com.vn\/wp-content\/uploads\/2025\/08\/h151-feature-4-1-768x432.webp 768w, https:\/\/logitech.cms.com.vn\/wp-content\/uploads\/2025\/08\/h151-feature-4-1-1536x865.webp 1536w, https:\/\/logitech.cms.com.vn\/wp-content\/uploads\/2025\/08\/h151-feature-4-1-300x169.webp 300w, https:\/\/logitech.cms.com.vn\/wp-content\/uploads\/2025\/08\/h151-feature-4-1-600x338.webp 600w\" sizes=\"(max-width: 1552px) 100vw, 1552px\" \/>\t\t\t\t\t\t\t\t\t\t\t<\/div>\n\t\t\t\t\t<\/div>\n\n\t\t<div class=\"box-text text-center\" >\n\t\t\t<div class=\"box-text-inner\">\n\t\t\t\t\n\t<div id=\"text-4271996680\" class=\"text\">\n\t\t\n<h4>QUAI \u0110EO C\u00d3 TH\u1ec2 \u0110I\u1ec0U CH\u1ec8NH \u0110\u01af\u1ee2C<\/h4>\n<div class=\"showh\"><\/div>\n<div class=\"show_content\">\n<p>Tai nghe ch\u1eafc ch\u1eafn nh\u01b0ng nh\u1eb9 c\u00f3 ph\u1ea1m vi \u0111i\u1ec1u ch\u1ec9nh l\u1edbn. Mi\u1ebfng \u0111\u1ec7m tai nghe si\u00eau m\u1ec1m \u0111em l\u1ea1i h\u00e0ng gi\u1edd tho\u1ea3i m\u00e1i.<\/p>\n<\/div>\n\t\t\n<style>\n#text-4271996680 {\n  text-align: left;\n}\n<\/style>\n\t<\/div>\n\t\n\t\t\t<\/div>\n\t\t<\/div>\n\t<\/div>\n\t\n\t\t<\/div>\n\t\t\t\t\t<\/div>\n\n\t\n\n\t<div id=\"col-1636616075\" class=\"col medium-4 small-12 large-4\"  >\n\t\t\t\t<div class=\"col-inner\"  >\n\t\t\t\n\t\t\t\n\t<div class=\"box has-hover imgbox_tn  has-hover box-text-bottom\" >\n\n\t\t<div class=\"box-image\" >\n\t\t\t\t\t\t<div class=\"\" >\n\t\t\t\t<img decoding=\"async\" width=\"776\" height=\"437\" src=\"https:\/\/logitech.cms.com.vn\/wp-content\/uploads\/2025\/08\/h151-feature-5.webp\" class=\"attachment- size-\" alt=\"\" srcset=\"https:\/\/logitech.cms.com.vn\/wp-content\/uploads\/2025\/08\/h151-feature-5.webp 776w, https:\/\/logitech.cms.com.vn\/wp-content\/uploads\/2025\/08\/h151-feature-5-710x400.webp 710w, https:\/\/logitech.cms.com.vn\/wp-content\/uploads\/2025\/08\/h151-feature-5-768x432.webp 768w, https:\/\/logitech.cms.com.vn\/wp-content\/uploads\/2025\/08\/h151-feature-5-300x169.webp 300w, https:\/\/logitech.cms.com.vn\/wp-content\/uploads\/2025\/08\/h151-feature-5-600x338.webp 600w\" sizes=\"(max-width: 776px) 100vw, 776px\" \/>\t\t\t\t\t\t\t\t\t\t\t<\/div>\n\t\t\t\t\t<\/div>\n\n\t\t<div class=\"box-text text-center\" >\n\t\t\t<div class=\"box-text-inner\">\n\t\t\t\t\n\t<div id=\"text-4067343917\" class=\"text\">\n\t\t\n<h4>K\u1ebeT N\u1ed0I GI\u1eaeC \u00c2M THANH 3,5MM<\/h4>\n<div class=\"showh\"><\/div>\n<div class=\"show_content\">\n<p>\u0110\u01a1n gi\u1ea3n ch\u1ec9 c\u1ea7n c\u1eafm gi\u1eafc \u00e2m thanh 3,5mm v\u00e0o m\u00e1y t\u00ednh, \u0111i\u1ec7n tho\u1ea1i th\u00f4ng minh hay m\u00e1y t\u00ednh b\u1ea3ng l\u00e0 b\u1ea1n \u0111\u00e3 s\u1eb5n s\u00e0ng tr\u00f2 chuy\u1ec7n.<\/p>\n<\/div>\n\t\t\n<style>\n#text-4067343917 {\n  text-align: left;\n}\n<\/style>\n\t<\/div>\n\t\n\t\t\t<\/div>\n\t\t<\/div>\n\t<\/div>\n\t\n\t\t<\/div>\n\t\t\t\t\t<\/div>\n\n\t\n<\/div>\n\t\t<\/div>\n\n\t\t\n<style>\n#section_1116898169 {\n  padding-top: 30px;\n  padding-bottom: 30px;\n}\n<\/style>\n\t<\/section>\n\t\n","protected":false},"excerpt":{"rendered":"<p data-start=\"98\" data-end=\"162\">Tai nghe 3.5 mm ph\u00f9 h\u1ee3p cho h\u1ecdc t\u1eadp, l\u00e0m vi\u1ec7c v\u00e0 gi\u1ea3i tr\u00ed<\/p>\n<ul>\n<li data-start=\"165\" data-end=\"234\">S\u1eb5n s\u00e0ng s\u1eed d\u1ee5ng tr\u00ean PC, tablet, smartphone<\/li>\n<li data-start=\"237\" data-end=\"301\">Ch\u1ec9nh \u00e2m, t\u1eaft ti\u1ebfng nhanh<\/li>\n<\/ul>\n","protected":false},"featured_media":4181,"comment_status":"open","ping_status":"closed","template":"","meta":[],"product_brand":[],"product_cat":[436,195],"product_tag":[],"class_list":{"0":"post-4177","1":"product","2":"type-product","3":"status-publish","4":"has-post-thumbnail","6":"product_cat-headphones-en","7":"product_cat-headsets","8":"pa_kha-nang-ket-noi-35-mm-en","9":"pa_phong-cach-va-kieu-dang-micro-co-the-xoay-en","10":"pa_phong-cach-va-kieu-dang-quai-deo-co-the-dieu-chinh-duoc-en","11":"pa_tinh-nang-nut-dieu-khien-tren-day-en","13":"first","14":"instock","15":"sale","16":"shipping-taxable","17":"purchasable","18":"product-type-simple"},"acf":[],"yoast_head":"<!-- This site is optimized with the Yoast SEO plugin v26.5 - https:\/\/yoast.com\/wordpress\/plugins\/seo\/ -->\n<title>Tai nghe \u00e2m thanh n\u1ed5i H151 - CMS-LOGITECH<\/title>\n<meta name=\"robots\" content=\"index, follow, max-snippet:-1, max-image-preview:large, max-video-preview:-1\" \/>\n<link rel=\"canonical\" href=\"https:\/\/logitech.cms.com.vn\/en\/san-pham\/tai-nghe-am-thanh-noi-h151\/\" \/>\n<meta property=\"og:locale\" content=\"en_US\" \/>\n<meta property=\"og:type\" content=\"article\" \/>\n<meta property=\"og:title\" content=\"Tai nghe \u00e2m thanh n\u1ed5i H151 - CMS-LOGITECH\" \/>\n<meta property=\"og:description\" content=\"Tai nghe 3.5 mm ph\u00f9 h\u1ee3p cho h\u1ecdc t\u1eadp, l\u00e0m vi\u1ec7c v\u00e0 gi\u1ea3i tr\u00ed    S\u1eb5n s\u00e0ng s\u1eed d\u1ee5ng tr\u00ean PC, tablet, smartphone  Ch\u1ec9nh \u00e2m, t\u1eaft ti\u1ebfng nhanh\" \/>\n<meta property=\"og:url\" content=\"https:\/\/logitech.cms.com.vn\/en\/san-pham\/tai-nghe-am-thanh-noi-h151\/\" \/>\n<meta property=\"og:site_name\" content=\"CMS-LOGITECH\" \/>\n<meta property=\"article:publisher\" content=\"https:\/\/www.facebook.com\/CMSCo.Ltd\" \/>\n<meta property=\"article:modified_time\" content=\"2025-09-18T09:37:50+00:00\" \/>\n<meta property=\"og:image\" content=\"https:\/\/logitech.cms.com.vn\/wp-content\/uploads\/2025\/08\/h151-gallery-02.webp\" \/>\n\t<meta property=\"og:image:width\" content=\"1088\" \/>\n\t<meta property=\"og:image:height\" content=\"932\" \/>\n\t<meta property=\"og:image:type\" content=\"image\/webp\" \/>\n<meta name=\"twitter:card\" content=\"summary_large_image\" \/>\n<meta name=\"twitter:label1\" content=\"Est. reading time\" \/>\n\t<meta name=\"twitter:data1\" content=\"2 minutes\" \/>\n<script type=\"application\/ld+json\" class=\"yoast-schema-graph\">{\"@context\":\"https:\/\/schema.org\",\"@graph\":[{\"@type\":\"WebPage\",\"@id\":\"https:\/\/logitech.cms.com.vn\/en\/san-pham\/tai-nghe-am-thanh-noi-h151\/\",\"url\":\"https:\/\/logitech.cms.com.vn\/en\/san-pham\/tai-nghe-am-thanh-noi-h151\/\",\"name\":\"Tai nghe \u00e2m thanh n\u1ed5i H151 - CMS-LOGITECH\",\"isPartOf\":{\"@id\":\"https:\/\/logitech.cms.com.vn\/en\/#website\"},\"primaryImageOfPage\":{\"@id\":\"https:\/\/logitech.cms.com.vn\/en\/san-pham\/tai-nghe-am-thanh-noi-h151\/#primaryimage\"},\"image\":{\"@id\":\"https:\/\/logitech.cms.com.vn\/en\/san-pham\/tai-nghe-am-thanh-noi-h151\/#primaryimage\"},\"thumbnailUrl\":\"https:\/\/logitech.cms.com.vn\/wp-content\/uploads\/2025\/08\/h151-gallery-02.webp\",\"datePublished\":\"2025-08-22T02:31:00+00:00\",\"dateModified\":\"2025-09-18T09:37:50+00:00\",\"breadcrumb\":{\"@id\":\"https:\/\/logitech.cms.com.vn\/en\/san-pham\/tai-nghe-am-thanh-noi-h151\/#breadcrumb\"},\"inLanguage\":\"en-US\",\"potentialAction\":[{\"@type\":\"ReadAction\",\"target\":[\"https:\/\/logitech.cms.com.vn\/en\/san-pham\/tai-nghe-am-thanh-noi-h151\/\"]}]},{\"@type\":\"ImageObject\",\"inLanguage\":\"en-US\",\"@id\":\"https:\/\/logitech.cms.com.vn\/en\/san-pham\/tai-nghe-am-thanh-noi-h151\/#primaryimage\",\"url\":\"https:\/\/logitech.cms.com.vn\/wp-content\/uploads\/2025\/08\/h151-gallery-02.webp\",\"contentUrl\":\"https:\/\/logitech.cms.com.vn\/wp-content\/uploads\/2025\/08\/h151-gallery-02.webp\",\"width\":1088,\"height\":932},{\"@type\":\"BreadcrumbList\",\"@id\":\"https:\/\/logitech.cms.com.vn\/en\/san-pham\/tai-nghe-am-thanh-noi-h151\/#breadcrumb\",\"itemListElement\":[{\"@type\":\"ListItem\",\"position\":1,\"name\":\"Home\",\"item\":\"https:\/\/logitech.cms.com.vn\/en\/\"},{\"@type\":\"ListItem\",\"position\":2,\"name\":\"Shop\",\"item\":\"https:\/\/logitech.cms.com.vn\/shop\/\"},{\"@type\":\"ListItem\",\"position\":3,\"name\":\"Tai nghe \u00e2m thanh n\u1ed5i H151\"}]},{\"@type\":\"WebSite\",\"@id\":\"https:\/\/logitech.cms.com.vn\/en\/#website\",\"url\":\"https:\/\/logitech.cms.com.vn\/en\/\",\"name\":\"CMS X LOGITECH\",\"description\":\"L\u00e0 nh\u00e0 ph\u00e2n ph\u1ed1i chi\u1ebfn l\u01b0\u1ee3c c\u1ee7a Logitech t\u1ea1i Vi\u1ec7t Nam, C\u00f4ng ty TNHH S\u1ea3n xu\u1ea5t v\u00e0 D\u1ecbch v\u1ee5 CMC (CMS) t\u1ef1 h\u00e0o mang \u0111\u1ebfn cho th\u1ecb tr\u01b0\u1eddng nh\u1eefng gi\u1ea3i ph\u00e1p h\u1ed9i h\u1ecdp ch\u00ednh h\u00e3ng, t\u1ed1i \u01b0u cho doanh nghi\u1ec7p thu\u1ed9c m\u1ecdi quy m\u00f4, t\u1eeb startup n\u0103ng \u0111\u1ed9ng \u0111\u1ebfn t\u1eadp \u0111o\u00e0n \u0111a qu\u1ed1c gia.\",\"publisher\":{\"@id\":\"https:\/\/logitech.cms.com.vn\/en\/#organization\"},\"alternateName\":\"C\u00f4ng ty TNHH S\u1ea3n xu\u1ea5t v\u00e0 D\u1ecbch v\u1ee5 CMC\",\"potentialAction\":[{\"@type\":\"SearchAction\",\"target\":{\"@type\":\"EntryPoint\",\"urlTemplate\":\"https:\/\/logitech.cms.com.vn\/en\/?s={search_term_string}\"},\"query-input\":{\"@type\":\"PropertyValueSpecification\",\"valueRequired\":true,\"valueName\":\"search_term_string\"}}],\"inLanguage\":\"en-US\"},{\"@type\":\"Organization\",\"@id\":\"https:\/\/logitech.cms.com.vn\/en\/#organization\",\"name\":\"CMS X LOGITECH\",\"alternateName\":\"C\u00f4ng ty TNHH S\u1ea3n xu\u1ea5t v\u00e0 D\u1ecbch v\u1ee5 CMC\",\"url\":\"https:\/\/logitech.cms.com.vn\/en\/\",\"logo\":{\"@type\":\"ImageObject\",\"inLanguage\":\"en-US\",\"@id\":\"https:\/\/logitech.cms.com.vn\/en\/#\/schema\/logo\/image\/\",\"url\":\"https:\/\/logitech.cms.com.vn\/wp-content\/uploads\/2026\/03\/Logitech_idrFIUkALf_3.png\",\"contentUrl\":\"https:\/\/logitech.cms.com.vn\/wp-content\/uploads\/2026\/03\/Logitech_idrFIUkALf_3.png\",\"width\":400,\"height\":400,\"caption\":\"CMS X LOGITECH\"},\"image\":{\"@id\":\"https:\/\/logitech.cms.com.vn\/en\/#\/schema\/logo\/image\/\"},\"sameAs\":[\"https:\/\/www.facebook.com\/CMSCo.Ltd\"]}]}<\/script>\n<!-- \/ Yoast SEO plugin. -->","yoast_head_json":{"title":"Tai nghe \u00e2m thanh n\u1ed5i H151 - CMS-LOGITECH","robots":{"index":"index","follow":"follow","max-snippet":"max-snippet:-1","max-image-preview":"max-image-preview:large","max-video-preview":"max-video-preview:-1"},"canonical":"https:\/\/logitech.cms.com.vn\/en\/san-pham\/tai-nghe-am-thanh-noi-h151\/","og_locale":"en_US","og_type":"article","og_title":"Tai nghe \u00e2m thanh n\u1ed5i H151 - CMS-LOGITECH","og_description":"Tai nghe 3.5 mm ph\u00f9 h\u1ee3p cho h\u1ecdc t\u1eadp, l\u00e0m vi\u1ec7c v\u00e0 gi\u1ea3i tr\u00ed    S\u1eb5n s\u00e0ng s\u1eed d\u1ee5ng tr\u00ean PC, tablet, smartphone  Ch\u1ec9nh \u00e2m, t\u1eaft ti\u1ebfng nhanh","og_url":"https:\/\/logitech.cms.com.vn\/en\/san-pham\/tai-nghe-am-thanh-noi-h151\/","og_site_name":"CMS-LOGITECH","article_publisher":"https:\/\/www.facebook.com\/CMSCo.Ltd","article_modified_time":"2025-09-18T09:37:50+00:00","og_image":[{"width":1088,"height":932,"url":"https:\/\/logitech.cms.com.vn\/wp-content\/uploads\/2025\/08\/h151-gallery-02.webp","type":"image\/webp"}],"twitter_card":"summary_large_image","twitter_misc":{"Est. reading time":"2 minutes"},"schema":{"@context":"https:\/\/schema.org","@graph":[{"@type":"WebPage","@id":"https:\/\/logitech.cms.com.vn\/en\/san-pham\/tai-nghe-am-thanh-noi-h151\/","url":"https:\/\/logitech.cms.com.vn\/en\/san-pham\/tai-nghe-am-thanh-noi-h151\/","name":"Tai nghe \u00e2m thanh n\u1ed5i H151 - CMS-LOGITECH","isPartOf":{"@id":"https:\/\/logitech.cms.com.vn\/en\/#website"},"primaryImageOfPage":{"@id":"https:\/\/logitech.cms.com.vn\/en\/san-pham\/tai-nghe-am-thanh-noi-h151\/#primaryimage"},"image":{"@id":"https:\/\/logitech.cms.com.vn\/en\/san-pham\/tai-nghe-am-thanh-noi-h151\/#primaryimage"},"thumbnailUrl":"https:\/\/logitech.cms.com.vn\/wp-content\/uploads\/2025\/08\/h151-gallery-02.webp","datePublished":"2025-08-22T02:31:00+00:00","dateModified":"2025-09-18T09:37:50+00:00","breadcrumb":{"@id":"https:\/\/logitech.cms.com.vn\/en\/san-pham\/tai-nghe-am-thanh-noi-h151\/#breadcrumb"},"inLanguage":"en-US","potentialAction":[{"@type":"ReadAction","target":["https:\/\/logitech.cms.com.vn\/en\/san-pham\/tai-nghe-am-thanh-noi-h151\/"]}]},{"@type":"ImageObject","inLanguage":"en-US","@id":"https:\/\/logitech.cms.com.vn\/en\/san-pham\/tai-nghe-am-thanh-noi-h151\/#primaryimage","url":"https:\/\/logitech.cms.com.vn\/wp-content\/uploads\/2025\/08\/h151-gallery-02.webp","contentUrl":"https:\/\/logitech.cms.com.vn\/wp-content\/uploads\/2025\/08\/h151-gallery-02.webp","width":1088,"height":932},{"@type":"BreadcrumbList","@id":"https:\/\/logitech.cms.com.vn\/en\/san-pham\/tai-nghe-am-thanh-noi-h151\/#breadcrumb","itemListElement":[{"@type":"ListItem","position":1,"name":"Home","item":"https:\/\/logitech.cms.com.vn\/en\/"},{"@type":"ListItem","position":2,"name":"Shop","item":"https:\/\/logitech.cms.com.vn\/shop\/"},{"@type":"ListItem","position":3,"name":"Tai nghe \u00e2m thanh n\u1ed5i H151"}]},{"@type":"WebSite","@id":"https:\/\/logitech.cms.com.vn\/en\/#website","url":"https:\/\/logitech.cms.com.vn\/en\/","name":"CMS X LOGITECH","description":"L\u00e0 nh\u00e0 ph\u00e2n ph\u1ed1i chi\u1ebfn l\u01b0\u1ee3c c\u1ee7a Logitech t\u1ea1i Vi\u1ec7t Nam, C\u00f4ng ty TNHH S\u1ea3n xu\u1ea5t v\u00e0 D\u1ecbch v\u1ee5 CMC (CMS) t\u1ef1 h\u00e0o mang \u0111\u1ebfn cho th\u1ecb tr\u01b0\u1eddng nh\u1eefng gi\u1ea3i ph\u00e1p h\u1ed9i h\u1ecdp ch\u00ednh h\u00e3ng, t\u1ed1i \u01b0u cho doanh nghi\u1ec7p thu\u1ed9c m\u1ecdi quy m\u00f4, t\u1eeb startup n\u0103ng \u0111\u1ed9ng \u0111\u1ebfn t\u1eadp \u0111o\u00e0n \u0111a qu\u1ed1c gia.","publisher":{"@id":"https:\/\/logitech.cms.com.vn\/en\/#organization"},"alternateName":"C\u00f4ng ty TNHH S\u1ea3n xu\u1ea5t v\u00e0 D\u1ecbch v\u1ee5 CMC","potentialAction":[{"@type":"SearchAction","target":{"@type":"EntryPoint","urlTemplate":"https:\/\/logitech.cms.com.vn\/en\/?s={search_term_string}"},"query-input":{"@type":"PropertyValueSpecification","valueRequired":true,"valueName":"search_term_string"}}],"inLanguage":"en-US"},{"@type":"Organization","@id":"https:\/\/logitech.cms.com.vn\/en\/#organization","name":"CMS X LOGITECH","alternateName":"C\u00f4ng ty TNHH S\u1ea3n xu\u1ea5t v\u00e0 D\u1ecbch v\u1ee5 CMC","url":"https:\/\/logitech.cms.com.vn\/en\/","logo":{"@type":"ImageObject","inLanguage":"en-US","@id":"https:\/\/logitech.cms.com.vn\/en\/#\/schema\/logo\/image\/","url":"https:\/\/logitech.cms.com.vn\/wp-content\/uploads\/2026\/03\/Logitech_idrFIUkALf_3.png","contentUrl":"https:\/\/logitech.cms.com.vn\/wp-content\/uploads\/2026\/03\/Logitech_idrFIUkALf_3.png","width":400,"height":400,"caption":"CMS X LOGITECH"},"image":{"@id":"https:\/\/logitech.cms.com.vn\/en\/#\/schema\/logo\/image\/"},"sameAs":["https:\/\/www.facebook.com\/CMSCo.Ltd"]}]}},"_links":{"self":[{"href":"https:\/\/logitech.cms.com.vn\/en\/wp-json\/wp\/v2\/product\/4177","targetHints":{"allow":["GET"]}}],"collection":[{"href":"https:\/\/logitech.cms.com.vn\/en\/wp-json\/wp\/v2\/product"}],"about":[{"href":"https:\/\/logitech.cms.com.vn\/en\/wp-json\/wp\/v2\/types\/product"}],"replies":[{"embeddable":true,"href":"https:\/\/logitech.cms.com.vn\/en\/wp-json\/wp\/v2\/comments?post=4177"}],"wp:featuredmedia":[{"embeddable":true,"href":"https:\/\/logitech.cms.com.vn\/en\/wp-json\/wp\/v2\/media\/4181"}],"wp:attachment":[{"href":"https:\/\/logitech.cms.com.vn\/en\/wp-json\/wp\/v2\/media?parent=4177"}],"wp:term":[{"taxonomy":"product_brand","embeddable":true,"href":"https:\/\/logitech.cms.com.vn\/en\/wp-json\/wp\/v2\/product_brand?post=4177"},{"taxonomy":"product_cat","embeddable":true,"href":"https:\/\/logitech.cms.com.vn\/en\/wp-json\/wp\/v2\/product_cat?post=4177"},{"taxonomy":"product_tag","embeddable":true,"href":"https:\/\/logitech.cms.com.vn\/en\/wp-json\/wp\/v2\/product_tag?post=4177"}],"curies":[{"name":"wp","href":"https:\/\/api.w.org\/{rel}","templated":true}]}}