{"id":3825,"date":"2025-08-21T10:40:49","date_gmt":"2025-08-21T10:40:49","guid":{"rendered":"https:\/\/logitech.cms.com.vn\/?post_type=product&#038;p=3825"},"modified":"2025-09-19T03:36:14","modified_gmt":"2025-09-19T03:36:14","slug":"tai-nghe-am-thanh-noi-h111","status":"publish","type":"product","link":"https:\/\/logitech.cms.com.vn\/en\/san-pham\/tai-nghe-am-thanh-noi-h111\/","title":{"rendered":"Tai nghe \u00e2m thanh n\u1ed5i H111"},"content":{"rendered":"\n\t<section class=\"section sec_pro_tn\" id=\"section_951330245\">\n\t\t<div class=\"section-bg fill\" >\n\t\t\t\t\t\t\t\t\t\n\t\t\t\n\n\t\t<\/div>\n\n\t\t\n\n\t\t<div class=\"section-content relative\">\n\t\t\t\n<div class=\"row align-middle align-center row_pro_tn\"  id=\"row-1955620305\">\n\n\t<div id=\"col-59485709\" class=\"col divorder medium-6 small-12 large-8\"  >\n\t\t\t\t<div class=\"col-inner text-center\"  >\n\t\t\t\n\t\t\t\n<h3 class=\"uppercase\" style=\"text-align: center;\">TAI NGHE \u0110A THI\u1ebeT B\u1eca H111<\/h3>\n<div style=\"text-align: center;\">Tai nghe doanh nh\u00e2n ho\u00e0n h\u1ea3o cho c\u00e1c cu\u1ed9c g\u1ecdi video, Skype, h\u1ed9i ngh\u1ecb tr\u1ef1c tuy\u1ebfn v\u00e0 nhi\u1ec1u h\u01a1n th\u1ebf. D\u00e2y 7,71 ft (235 cm) c\u00f3 \u0111\u1ed9 d\u00e0i ph\u00f9 h\u1ee3p \u0111em l\u1ea1i cho b\u1ea1n s\u1ef1 t\u1ef1 do \u0111\u1ec3 \u0111\u1ee9ng l\u00ean du\u1ed7i m\u00ecnh trong c\u00e1c cu\u1ed9c h\u1ed9i tho\u1ea1i d\u00e0i.<\/div>\n\t\t<\/div>\n\t\t\t\t\n<style>\n#col-59485709 > .col-inner {\n  margin: -20px 0px 0px 0px;\n}\n<\/style>\n\t<\/div>\n\n\t\n\n\t<div id=\"col-1070752379\" class=\"col small-12 large-12\"  >\n\t\t\t\t<div class=\"col-inner\"  >\n\t\t\t\n\t\t\t\n\t<div class=\"img has-hover x md-x lg-x y md-y lg-y\" id=\"image_1193477515\">\n\t\t\t\t\t\t\t\t<div class=\"img-inner dark\" style=\"margin:0px 0px 0px 0px;\">\n\t\t\t<img decoding=\"async\" width=\"1020\" height=\"574\" src=\"https:\/\/logitech.cms.com.vn\/wp-content\/uploads\/2025\/08\/h111-feature-01-desktop-cm-1400x788.webp\" class=\"attachment-large size-large\" alt=\"\" srcset=\"https:\/\/logitech.cms.com.vn\/wp-content\/uploads\/2025\/08\/h111-feature-01-desktop-cm-1400x788.webp 1400w, https:\/\/logitech.cms.com.vn\/wp-content\/uploads\/2025\/08\/h111-feature-01-desktop-cm-711x400.webp 711w, https:\/\/logitech.cms.com.vn\/wp-content\/uploads\/2025\/08\/h111-feature-01-desktop-cm-768x432.webp 768w, https:\/\/logitech.cms.com.vn\/wp-content\/uploads\/2025\/08\/h111-feature-01-desktop-cm-1536x864.webp 1536w, https:\/\/logitech.cms.com.vn\/wp-content\/uploads\/2025\/08\/h111-feature-01-desktop-cm-2048x1152.webp 2048w, https:\/\/logitech.cms.com.vn\/wp-content\/uploads\/2025\/08\/h111-feature-01-desktop-cm-300x169.webp 300w, https:\/\/logitech.cms.com.vn\/wp-content\/uploads\/2025\/08\/h111-feature-01-desktop-cm-600x338.webp 600w\" sizes=\"(max-width: 1020px) 100vw, 1020px\" \/>\t\t\t\t\t\t\n\t\t\t\t\t<\/div>\n\t\t\t\t\t\t\t\t\n<style>\n#image_1193477515 {\n  width: 100%;\n}\n<\/style>\n\t<\/div>\n\t\n\t\t<\/div>\n\t\t\t\t\n<style>\n#col-1070752379 > .col-inner {\n  margin: -20px 0px 0px 0px;\n}\n<\/style>\n\t<\/div>\n\n\t\n\n<style>\n#row-1955620305 > .col > .col-inner {\n  padding: 50px 0px 0px 0px;\n}\n<\/style>\n<\/div>\n\t\t<\/div>\n\n\t\t\n<style>\n#section_951330245 {\n  padding-top: 30px;\n  padding-bottom: 30px;\n}\n<\/style>\n\t<\/section>\n\t\n\n\t<section class=\"section sec_tn_main\" id=\"section_1888495420\">\n\t\t<div class=\"section-bg fill\" >\n\t\t\t\t\t\t\t\t\t\n\t\t\t\n\n\t\t<\/div>\n\n\t\t\n\n\t\t<div class=\"section-content relative\">\n\t\t\t\n<div class=\"container section-title-container tittlehome\" ><h3 class=\"section-title section-title-center\"><b aria-hidden=\"true\"><\/b><span class=\"section-title-main\" ><i class=\"icon-star\" aria-hidden=\"true\"><\/i>Nh\u1eefng t\u00ednh n\u0103ng ch\u00ednh<\/span><b aria-hidden=\"true\"><\/b><\/h3><\/div>\n<div class=\"row align-equal align-center\"  id=\"row-1693512996\">\n\n\t<div id=\"col-164569860\" class=\"col medium-4 small-12 large-4\"  >\n\t\t\t\t<div class=\"col-inner\"  >\n\t\t\t\n\t\t\t\n\t<div class=\"box has-hover imgbox_tn  has-hover box-text-bottom\" >\n\n\t\t<div class=\"box-image\" >\n\t\t\t\t\t\t<div class=\"\" >\n\t\t\t\t<img decoding=\"async\" width=\"776\" height=\"437\" src=\"https:\/\/logitech.cms.com.vn\/wp-content\/uploads\/2025\/08\/h111-feature-2.webp\" class=\"attachment- size-\" alt=\"\" srcset=\"https:\/\/logitech.cms.com.vn\/wp-content\/uploads\/2025\/08\/h111-feature-2.webp 776w, https:\/\/logitech.cms.com.vn\/wp-content\/uploads\/2025\/08\/h111-feature-2-710x400.webp 710w, https:\/\/logitech.cms.com.vn\/wp-content\/uploads\/2025\/08\/h111-feature-2-768x432.webp 768w, https:\/\/logitech.cms.com.vn\/wp-content\/uploads\/2025\/08\/h111-feature-2-300x169.webp 300w, https:\/\/logitech.cms.com.vn\/wp-content\/uploads\/2025\/08\/h111-feature-2-600x338.webp 600w\" sizes=\"(max-width: 776px) 100vw, 776px\" \/>\t\t\t\t\t\t\t\t\t\t\t<\/div>\n\t\t\t\t\t<\/div>\n\n\t\t<div class=\"box-text text-center\" >\n\t\t\t<div class=\"box-text-inner\">\n\t\t\t\t\n\t<div id=\"text-4205418377\" class=\"text\">\n\t\t\n<h4>\u00c2M THANH N\u1ed4I<\/h4>\n<div class=\"showh\"><\/div>\n<div class=\"show_content\">\n<p>T\u1eadn h\u01b0\u1edfng \u00e2m thanh r\u00f5 r\u00e0ng v\u1edbi \u00e2m nh\u1ea1c, tr\u00f2 ch\u01a1i v\u00e0 cu\u1ed9c g\u1ecdi. M\u1ed9t chi\u1ebfc tai nghe \u0111\u00e1ng tin c\u1eady cho c\u00e1c nhi\u1ec7m v\u1ee5 h\u00e0ng ng\u00e0y, bao g\u1ed3m g\u1ecdi \u0111i\u1ec7n video v\u1edbi gia \u0111\u00ecnh ho\u1eb7c \u0111\u1ed3ng nghi\u1ec7p.<\/p>\n<\/div>\n\t\t\n<style>\n#text-4205418377 {\n  text-align: left;\n}\n<\/style>\n\t<\/div>\n\t\n\t\t\t<\/div>\n\t\t<\/div>\n\t<\/div>\n\t\n\t\t<\/div>\n\t\t\t\t\t<\/div>\n\n\t\n\n\t<div id=\"col-842183569\" class=\"col medium-4 small-12 large-4\"  >\n\t\t\t\t<div class=\"col-inner\"  >\n\t\t\t\n\t\t\t\n\t<div class=\"box has-hover imgbox_tn  has-hover box-text-bottom\" >\n\n\t\t<div class=\"box-image\" >\n\t\t\t\t\t\t<div class=\"\" >\n\t\t\t\t<img decoding=\"async\" width=\"776\" height=\"437\" src=\"https:\/\/logitech.cms.com.vn\/wp-content\/uploads\/2025\/08\/h110-feature-2-1.webp\" class=\"attachment- size-\" alt=\"\" srcset=\"https:\/\/logitech.cms.com.vn\/wp-content\/uploads\/2025\/08\/h110-feature-2-1.webp 776w, https:\/\/logitech.cms.com.vn\/wp-content\/uploads\/2025\/08\/h110-feature-2-1-710x400.webp 710w, https:\/\/logitech.cms.com.vn\/wp-content\/uploads\/2025\/08\/h110-feature-2-1-768x432.webp 768w, https:\/\/logitech.cms.com.vn\/wp-content\/uploads\/2025\/08\/h110-feature-2-1-300x169.webp 300w, https:\/\/logitech.cms.com.vn\/wp-content\/uploads\/2025\/08\/h110-feature-2-1-600x338.webp 600w\" sizes=\"(max-width: 776px) 100vw, 776px\" \/>\t\t\t\t\t\t\t\t\t\t\t<\/div>\n\t\t\t\t\t<\/div>\n\n\t\t<div class=\"box-text text-center\" >\n\t\t\t<div class=\"box-text-inner\">\n\t\t\t\t\n\t<div id=\"text-1665213930\" class=\"text\">\n\t\t\n<h4>MICR\u00d4 C\u00d3 TH\u1ec2 XOAY \u0110\u01af\u1ee2C<\/h4>\n<div class=\"showh\"><\/div>\n<div class=\"show_content\">\n<p>C\u1ea7n mic c\u00f3 th\u1ec3 xoay 180\u00b0 \u0111\u1ec3 \u0111eo b\u00ean tr\u00e1i ho\u1eb7c b\u00ean ph\u1ea3i. Mic linh ho\u1ea1t c\u00f3 th\u1ec3 ch\u1ec9nh \u0111\u01b0\u1ee3c v\u1ecb tr\u00ed \u0111\u1ec3 thu \u00e2m thanh t\u1ed1t h\u01a1n c\u0169ng nh\u01b0 gi\u1ea3m t\u1ea1p \u00e2m n\u1ec1n. C\u1ea7n mic c\u00f3 th\u1ec3 g\u1ea5p v\u00e0o b\u00ean trong khi b\u1ea1n kh\u00f4ng s\u1eed d\u1ee5ng \u0111\u1ebfn n\u00f3.<\/p>\n<\/div>\n\t\t\n<style>\n#text-1665213930 {\n  text-align: left;\n}\n<\/style>\n\t<\/div>\n\t\n\t\t\t<\/div>\n\t\t<\/div>\n\t<\/div>\n\t\n\t\t<\/div>\n\t\t\t\t\t<\/div>\n\n\t\n<\/div>\n<div class=\"row align-equal align-center\"  id=\"row-351494358\">\n\n\t<div id=\"col-95049740\" class=\"col medium-4 small-12 large-4\"  >\n\t\t\t\t<div class=\"col-inner\"  >\n\t\t\t\n\t\t\t\n\t<div class=\"box has-hover imgbox_tn  has-hover box-text-bottom\" >\n\n\t\t<div class=\"box-image\" >\n\t\t\t\t\t\t<div class=\"\" >\n\t\t\t\t<img decoding=\"async\" width=\"1552\" height=\"874\" src=\"https:\/\/logitech.cms.com.vn\/wp-content\/uploads\/2025\/08\/h111-feature-4.webp\" class=\"attachment- size-\" alt=\"\" srcset=\"https:\/\/logitech.cms.com.vn\/wp-content\/uploads\/2025\/08\/h111-feature-4.webp 1552w, https:\/\/logitech.cms.com.vn\/wp-content\/uploads\/2025\/08\/h111-feature-4-710x400.webp 710w, https:\/\/logitech.cms.com.vn\/wp-content\/uploads\/2025\/08\/h111-feature-4-1400x788.webp 1400w, https:\/\/logitech.cms.com.vn\/wp-content\/uploads\/2025\/08\/h111-feature-4-768x432.webp 768w, https:\/\/logitech.cms.com.vn\/wp-content\/uploads\/2025\/08\/h111-feature-4-1536x865.webp 1536w, https:\/\/logitech.cms.com.vn\/wp-content\/uploads\/2025\/08\/h111-feature-4-300x169.webp 300w, https:\/\/logitech.cms.com.vn\/wp-content\/uploads\/2025\/08\/h111-feature-4-600x338.webp 600w\" sizes=\"(max-width: 1552px) 100vw, 1552px\" \/>\t\t\t\t\t\t\t\t\t\t\t<\/div>\n\t\t\t\t\t<\/div>\n\n\t\t<div class=\"box-text text-center\" >\n\t\t\t<div class=\"box-text-inner\">\n\t\t\t\t\n\t<div id=\"text-3156142166\" class=\"text\">\n\t\t\n<h4>QUAI \u0110EO C\u00d3 TH\u1ec2 \u0110I\u1ec0U CH\u1ec8NH \u0110\u01af\u1ee2C<\/h4>\n<div class=\"showh\"><\/div>\n<div class=\"show_content\">\n<p>Tai nghe ch\u1eafc ch\u1eafn nh\u01b0ng nh\u1eb9 c\u00f3 ph\u1ea1m vi \u0111i\u1ec1u ch\u1ec9nh l\u1edbn. Mi\u1ebfng \u0111\u1ec7m tai nghe si\u00eau m\u1ec1m \u0111em l\u1ea1i h\u00e0ng gi\u1edd tho\u1ea3i m\u00e1i.<\/p>\n<\/div>\n\t\t\n<style>\n#text-3156142166 {\n  text-align: left;\n}\n<\/style>\n\t<\/div>\n\t\n\t\t\t<\/div>\n\t\t<\/div>\n\t<\/div>\n\t\n\t\t<\/div>\n\t\t\t\t\t<\/div>\n\n\t\n\n\t<div id=\"col-1846732984\" class=\"col medium-4 small-12 large-4\"  >\n\t\t\t\t<div class=\"col-inner\"  >\n\t\t\t\n\t\t\t\n\t<div class=\"box has-hover imgbox_tn  has-hover box-text-bottom\" >\n\n\t\t<div class=\"box-image\" >\n\t\t\t\t\t\t<div class=\"\" >\n\t\t\t\t<img decoding=\"async\" width=\"776\" height=\"437\" src=\"https:\/\/logitech.cms.com.vn\/wp-content\/uploads\/2025\/08\/h111-feature-5.webp\" class=\"attachment- size-\" alt=\"\" srcset=\"https:\/\/logitech.cms.com.vn\/wp-content\/uploads\/2025\/08\/h111-feature-5.webp 776w, https:\/\/logitech.cms.com.vn\/wp-content\/uploads\/2025\/08\/h111-feature-5-710x400.webp 710w, https:\/\/logitech.cms.com.vn\/wp-content\/uploads\/2025\/08\/h111-feature-5-768x432.webp 768w, https:\/\/logitech.cms.com.vn\/wp-content\/uploads\/2025\/08\/h111-feature-5-300x169.webp 300w, https:\/\/logitech.cms.com.vn\/wp-content\/uploads\/2025\/08\/h111-feature-5-600x338.webp 600w\" sizes=\"(max-width: 776px) 100vw, 776px\" \/>\t\t\t\t\t\t\t\t\t\t\t<\/div>\n\t\t\t\t\t<\/div>\n\n\t\t<div class=\"box-text text-center\" >\n\t\t\t<div class=\"box-text-inner\">\n\t\t\t\t\n\t<div id=\"text-2712460286\" class=\"text\">\n\t\t\n<h4>K\u1ebeT N\u1ed0I GI\u1eaeC \u00c2M THANH 3,5MM<\/h4>\n<div class=\"showh\"><\/div>\n<div class=\"show_content\">\n<p>\u0110\u01a1n gi\u1ea3n ch\u1ec9 c\u1ea7n c\u1eafm gi\u1eafc 3,5mm v\u00e0o m\u00e1y t\u00ednh, \u0111i\u1ec7n tho\u1ea1i th\u00f4ng minh hay m\u00e1y t\u00ednh b\u1ea3ng l\u00e0 b\u1ea1n \u0111\u00e3 s\u1eb5n s\u00e0ng tr\u00f2 chuy\u1ec7n.<\/p>\n<\/div>\n\t\t\n<style>\n#text-2712460286 {\n  text-align: left;\n}\n<\/style>\n\t<\/div>\n\t\n\t\t\t<\/div>\n\t\t<\/div>\n\t<\/div>\n\t\n\t\t<\/div>\n\t\t\t\t\t<\/div>\n\n\t\n<\/div>\n\t\t<\/div>\n\n\t\t\n<style>\n#section_1888495420 {\n  padding-top: 30px;\n  padding-bottom: 30px;\n}\n<\/style>\n\t<\/section>\n\t\n","protected":false},"excerpt":{"rendered":"<p data-start=\"86\" data-end=\"150\">Tai nghe k\u1ebft n\u1ed1i b\u1eb1ng gi\u1eafc 3.5 mm ti\u00eau chu\u1ea9n<\/p>\n<ul>\n<li data-start=\"193\" data-end=\"241\">Ho\u1ea1t \u0111\u1ed9ng v\u1edbi h\u1ea7u h\u1ebft h\u1ec7 \u0111i\u1ec1u h\u00e0nh v\u00e0 n\u1ec1n t\u1ea3ng<\/li>\n<li data-start=\"244\" data-end=\"286\">Nghe v\u00e0 tr\u00f2 chuy\u1ec7n r\u00f5<\/li>\n<\/ul>\n","protected":false},"featured_media":3827,"comment_status":"open","ping_status":"closed","template":"","meta":[],"product_brand":[],"product_cat":[436,195],"product_tag":[],"class_list":{"0":"post-3825","1":"product","2":"type-product","3":"status-publish","4":"has-post-thumbnail","6":"product_cat-headphones-en","7":"product_cat-headsets","8":"pa_kha-nang-ket-noi-35-mm-en","9":"pa_phong-cach-va-kieu-dang-micro-co-the-xoay-en","10":"pa_phong-cach-va-kieu-dang-quai-deo-co-the-dieu-chinh-duoc-en","12":"first","13":"instock","14":"sale","15":"shipping-taxable","16":"purchasable","17":"product-type-simple"},"acf":[],"yoast_head":"<!-- This site is optimized with the Yoast SEO plugin v26.5 - https:\/\/yoast.com\/wordpress\/plugins\/seo\/ -->\n<title>Tai nghe \u00e2m thanh n\u1ed5i H111 - CMS-LOGITECH<\/title>\n<meta name=\"robots\" content=\"index, follow, max-snippet:-1, max-image-preview:large, max-video-preview:-1\" \/>\n<link rel=\"canonical\" href=\"https:\/\/logitech.cms.com.vn\/en\/san-pham\/tai-nghe-am-thanh-noi-h111\/\" \/>\n<meta property=\"og:locale\" content=\"en_US\" \/>\n<meta property=\"og:type\" content=\"article\" \/>\n<meta property=\"og:title\" content=\"Tai nghe \u00e2m thanh n\u1ed5i H111 - CMS-LOGITECH\" \/>\n<meta property=\"og:description\" content=\"Tai nghe k\u1ebft n\u1ed1i b\u1eb1ng gi\u1eafc 3.5 mm ti\u00eau chu\u1ea9n    Ho\u1ea1t \u0111\u1ed9ng v\u1edbi h\u1ea7u h\u1ebft h\u1ec7 \u0111i\u1ec1u h\u00e0nh v\u00e0 n\u1ec1n t\u1ea3ng  Nghe v\u00e0 tr\u00f2 chuy\u1ec7n r\u00f5\" \/>\n<meta property=\"og:url\" content=\"https:\/\/logitech.cms.com.vn\/en\/san-pham\/tai-nghe-am-thanh-noi-h111\/\" \/>\n<meta property=\"og:site_name\" content=\"CMS-LOGITECH\" \/>\n<meta property=\"article:publisher\" content=\"https:\/\/www.facebook.com\/CMSCo.Ltd\" \/>\n<meta property=\"article:modified_time\" content=\"2025-09-19T03:36:14+00:00\" \/>\n<meta property=\"og:image\" content=\"https:\/\/logitech.cms.com.vn\/wp-content\/uploads\/2025\/08\/h111-gallery-01.webp\" \/>\n\t<meta property=\"og:image:width\" content=\"1088\" \/>\n\t<meta property=\"og:image:height\" content=\"932\" \/>\n\t<meta property=\"og:image:type\" content=\"image\/webp\" \/>\n<meta name=\"twitter:card\" content=\"summary_large_image\" \/>\n<meta name=\"twitter:label1\" content=\"Est. reading time\" \/>\n\t<meta name=\"twitter:data1\" content=\"2 minutes\" \/>\n<script type=\"application\/ld+json\" class=\"yoast-schema-graph\">{\"@context\":\"https:\/\/schema.org\",\"@graph\":[{\"@type\":\"WebPage\",\"@id\":\"https:\/\/logitech.cms.com.vn\/en\/san-pham\/tai-nghe-am-thanh-noi-h111\/\",\"url\":\"https:\/\/logitech.cms.com.vn\/en\/san-pham\/tai-nghe-am-thanh-noi-h111\/\",\"name\":\"Tai nghe \u00e2m thanh n\u1ed5i H111 - CMS-LOGITECH\",\"isPartOf\":{\"@id\":\"https:\/\/logitech.cms.com.vn\/en\/#website\"},\"primaryImageOfPage\":{\"@id\":\"https:\/\/logitech.cms.com.vn\/en\/san-pham\/tai-nghe-am-thanh-noi-h111\/#primaryimage\"},\"image\":{\"@id\":\"https:\/\/logitech.cms.com.vn\/en\/san-pham\/tai-nghe-am-thanh-noi-h111\/#primaryimage\"},\"thumbnailUrl\":\"https:\/\/logitech.cms.com.vn\/wp-content\/uploads\/2025\/08\/h111-gallery-01.webp\",\"datePublished\":\"2025-08-21T10:40:49+00:00\",\"dateModified\":\"2025-09-19T03:36:14+00:00\",\"breadcrumb\":{\"@id\":\"https:\/\/logitech.cms.com.vn\/en\/san-pham\/tai-nghe-am-thanh-noi-h111\/#breadcrumb\"},\"inLanguage\":\"en-US\",\"potentialAction\":[{\"@type\":\"ReadAction\",\"target\":[\"https:\/\/logitech.cms.com.vn\/en\/san-pham\/tai-nghe-am-thanh-noi-h111\/\"]}]},{\"@type\":\"ImageObject\",\"inLanguage\":\"en-US\",\"@id\":\"https:\/\/logitech.cms.com.vn\/en\/san-pham\/tai-nghe-am-thanh-noi-h111\/#primaryimage\",\"url\":\"https:\/\/logitech.cms.com.vn\/wp-content\/uploads\/2025\/08\/h111-gallery-01.webp\",\"contentUrl\":\"https:\/\/logitech.cms.com.vn\/wp-content\/uploads\/2025\/08\/h111-gallery-01.webp\",\"width\":1088,\"height\":932},{\"@type\":\"BreadcrumbList\",\"@id\":\"https:\/\/logitech.cms.com.vn\/en\/san-pham\/tai-nghe-am-thanh-noi-h111\/#breadcrumb\",\"itemListElement\":[{\"@type\":\"ListItem\",\"position\":1,\"name\":\"Home\",\"item\":\"https:\/\/logitech.cms.com.vn\/en\/\"},{\"@type\":\"ListItem\",\"position\":2,\"name\":\"Shop\",\"item\":\"https:\/\/logitech.cms.com.vn\/shop\/\"},{\"@type\":\"ListItem\",\"position\":3,\"name\":\"Tai nghe \u00e2m thanh n\u1ed5i H111\"}]},{\"@type\":\"WebSite\",\"@id\":\"https:\/\/logitech.cms.com.vn\/en\/#website\",\"url\":\"https:\/\/logitech.cms.com.vn\/en\/\",\"name\":\"CMS X LOGITECH\",\"description\":\"L\u00e0 nh\u00e0 ph\u00e2n ph\u1ed1i chi\u1ebfn l\u01b0\u1ee3c c\u1ee7a Logitech t\u1ea1i Vi\u1ec7t Nam, C\u00f4ng ty TNHH S\u1ea3n xu\u1ea5t v\u00e0 D\u1ecbch v\u1ee5 CMC (CMS) t\u1ef1 h\u00e0o mang \u0111\u1ebfn cho th\u1ecb tr\u01b0\u1eddng nh\u1eefng gi\u1ea3i ph\u00e1p h\u1ed9i h\u1ecdp ch\u00ednh h\u00e3ng, t\u1ed1i \u01b0u cho doanh nghi\u1ec7p thu\u1ed9c m\u1ecdi quy m\u00f4, t\u1eeb startup n\u0103ng \u0111\u1ed9ng \u0111\u1ebfn t\u1eadp \u0111o\u00e0n \u0111a qu\u1ed1c gia.\",\"publisher\":{\"@id\":\"https:\/\/logitech.cms.com.vn\/en\/#organization\"},\"alternateName\":\"C\u00f4ng ty TNHH S\u1ea3n xu\u1ea5t v\u00e0 D\u1ecbch v\u1ee5 CMC\",\"potentialAction\":[{\"@type\":\"SearchAction\",\"target\":{\"@type\":\"EntryPoint\",\"urlTemplate\":\"https:\/\/logitech.cms.com.vn\/en\/?s={search_term_string}\"},\"query-input\":{\"@type\":\"PropertyValueSpecification\",\"valueRequired\":true,\"valueName\":\"search_term_string\"}}],\"inLanguage\":\"en-US\"},{\"@type\":\"Organization\",\"@id\":\"https:\/\/logitech.cms.com.vn\/en\/#organization\",\"name\":\"CMS X LOGITECH\",\"alternateName\":\"C\u00f4ng ty TNHH S\u1ea3n xu\u1ea5t v\u00e0 D\u1ecbch v\u1ee5 CMC\",\"url\":\"https:\/\/logitech.cms.com.vn\/en\/\",\"logo\":{\"@type\":\"ImageObject\",\"inLanguage\":\"en-US\",\"@id\":\"https:\/\/logitech.cms.com.vn\/en\/#\/schema\/logo\/image\/\",\"url\":\"https:\/\/logitech.cms.com.vn\/wp-content\/uploads\/2026\/03\/Logitech_idrFIUkALf_3.png\",\"contentUrl\":\"https:\/\/logitech.cms.com.vn\/wp-content\/uploads\/2026\/03\/Logitech_idrFIUkALf_3.png\",\"width\":400,\"height\":400,\"caption\":\"CMS X LOGITECH\"},\"image\":{\"@id\":\"https:\/\/logitech.cms.com.vn\/en\/#\/schema\/logo\/image\/\"},\"sameAs\":[\"https:\/\/www.facebook.com\/CMSCo.Ltd\"]}]}<\/script>\n<!-- \/ Yoast SEO plugin. -->","yoast_head_json":{"title":"Tai nghe \u00e2m thanh n\u1ed5i H111 - CMS-LOGITECH","robots":{"index":"index","follow":"follow","max-snippet":"max-snippet:-1","max-image-preview":"max-image-preview:large","max-video-preview":"max-video-preview:-1"},"canonical":"https:\/\/logitech.cms.com.vn\/en\/san-pham\/tai-nghe-am-thanh-noi-h111\/","og_locale":"en_US","og_type":"article","og_title":"Tai nghe \u00e2m thanh n\u1ed5i H111 - CMS-LOGITECH","og_description":"Tai nghe k\u1ebft n\u1ed1i b\u1eb1ng gi\u1eafc 3.5 mm ti\u00eau chu\u1ea9n    Ho\u1ea1t \u0111\u1ed9ng v\u1edbi h\u1ea7u h\u1ebft h\u1ec7 \u0111i\u1ec1u h\u00e0nh v\u00e0 n\u1ec1n t\u1ea3ng  Nghe v\u00e0 tr\u00f2 chuy\u1ec7n r\u00f5","og_url":"https:\/\/logitech.cms.com.vn\/en\/san-pham\/tai-nghe-am-thanh-noi-h111\/","og_site_name":"CMS-LOGITECH","article_publisher":"https:\/\/www.facebook.com\/CMSCo.Ltd","article_modified_time":"2025-09-19T03:36:14+00:00","og_image":[{"width":1088,"height":932,"url":"https:\/\/logitech.cms.com.vn\/wp-content\/uploads\/2025\/08\/h111-gallery-01.webp","type":"image\/webp"}],"twitter_card":"summary_large_image","twitter_misc":{"Est. reading time":"2 minutes"},"schema":{"@context":"https:\/\/schema.org","@graph":[{"@type":"WebPage","@id":"https:\/\/logitech.cms.com.vn\/en\/san-pham\/tai-nghe-am-thanh-noi-h111\/","url":"https:\/\/logitech.cms.com.vn\/en\/san-pham\/tai-nghe-am-thanh-noi-h111\/","name":"Tai nghe \u00e2m thanh n\u1ed5i H111 - CMS-LOGITECH","isPartOf":{"@id":"https:\/\/logitech.cms.com.vn\/en\/#website"},"primaryImageOfPage":{"@id":"https:\/\/logitech.cms.com.vn\/en\/san-pham\/tai-nghe-am-thanh-noi-h111\/#primaryimage"},"image":{"@id":"https:\/\/logitech.cms.com.vn\/en\/san-pham\/tai-nghe-am-thanh-noi-h111\/#primaryimage"},"thumbnailUrl":"https:\/\/logitech.cms.com.vn\/wp-content\/uploads\/2025\/08\/h111-gallery-01.webp","datePublished":"2025-08-21T10:40:49+00:00","dateModified":"2025-09-19T03:36:14+00:00","breadcrumb":{"@id":"https:\/\/logitech.cms.com.vn\/en\/san-pham\/tai-nghe-am-thanh-noi-h111\/#breadcrumb"},"inLanguage":"en-US","potentialAction":[{"@type":"ReadAction","target":["https:\/\/logitech.cms.com.vn\/en\/san-pham\/tai-nghe-am-thanh-noi-h111\/"]}]},{"@type":"ImageObject","inLanguage":"en-US","@id":"https:\/\/logitech.cms.com.vn\/en\/san-pham\/tai-nghe-am-thanh-noi-h111\/#primaryimage","url":"https:\/\/logitech.cms.com.vn\/wp-content\/uploads\/2025\/08\/h111-gallery-01.webp","contentUrl":"https:\/\/logitech.cms.com.vn\/wp-content\/uploads\/2025\/08\/h111-gallery-01.webp","width":1088,"height":932},{"@type":"BreadcrumbList","@id":"https:\/\/logitech.cms.com.vn\/en\/san-pham\/tai-nghe-am-thanh-noi-h111\/#breadcrumb","itemListElement":[{"@type":"ListItem","position":1,"name":"Home","item":"https:\/\/logitech.cms.com.vn\/en\/"},{"@type":"ListItem","position":2,"name":"Shop","item":"https:\/\/logitech.cms.com.vn\/shop\/"},{"@type":"ListItem","position":3,"name":"Tai nghe \u00e2m thanh n\u1ed5i H111"}]},{"@type":"WebSite","@id":"https:\/\/logitech.cms.com.vn\/en\/#website","url":"https:\/\/logitech.cms.com.vn\/en\/","name":"CMS X LOGITECH","description":"L\u00e0 nh\u00e0 ph\u00e2n ph\u1ed1i chi\u1ebfn l\u01b0\u1ee3c c\u1ee7a Logitech t\u1ea1i Vi\u1ec7t Nam, C\u00f4ng ty TNHH S\u1ea3n xu\u1ea5t v\u00e0 D\u1ecbch v\u1ee5 CMC (CMS) t\u1ef1 h\u00e0o mang \u0111\u1ebfn cho th\u1ecb tr\u01b0\u1eddng nh\u1eefng gi\u1ea3i ph\u00e1p h\u1ed9i h\u1ecdp ch\u00ednh h\u00e3ng, t\u1ed1i \u01b0u cho doanh nghi\u1ec7p thu\u1ed9c m\u1ecdi quy m\u00f4, t\u1eeb startup n\u0103ng \u0111\u1ed9ng \u0111\u1ebfn t\u1eadp \u0111o\u00e0n \u0111a qu\u1ed1c gia.","publisher":{"@id":"https:\/\/logitech.cms.com.vn\/en\/#organization"},"alternateName":"C\u00f4ng ty TNHH S\u1ea3n xu\u1ea5t v\u00e0 D\u1ecbch v\u1ee5 CMC","potentialAction":[{"@type":"SearchAction","target":{"@type":"EntryPoint","urlTemplate":"https:\/\/logitech.cms.com.vn\/en\/?s={search_term_string}"},"query-input":{"@type":"PropertyValueSpecification","valueRequired":true,"valueName":"search_term_string"}}],"inLanguage":"en-US"},{"@type":"Organization","@id":"https:\/\/logitech.cms.com.vn\/en\/#organization","name":"CMS X LOGITECH","alternateName":"C\u00f4ng ty TNHH S\u1ea3n xu\u1ea5t v\u00e0 D\u1ecbch v\u1ee5 CMC","url":"https:\/\/logitech.cms.com.vn\/en\/","logo":{"@type":"ImageObject","inLanguage":"en-US","@id":"https:\/\/logitech.cms.com.vn\/en\/#\/schema\/logo\/image\/","url":"https:\/\/logitech.cms.com.vn\/wp-content\/uploads\/2026\/03\/Logitech_idrFIUkALf_3.png","contentUrl":"https:\/\/logitech.cms.com.vn\/wp-content\/uploads\/2026\/03\/Logitech_idrFIUkALf_3.png","width":400,"height":400,"caption":"CMS X LOGITECH"},"image":{"@id":"https:\/\/logitech.cms.com.vn\/en\/#\/schema\/logo\/image\/"},"sameAs":["https:\/\/www.facebook.com\/CMSCo.Ltd"]}]}},"_links":{"self":[{"href":"https:\/\/logitech.cms.com.vn\/en\/wp-json\/wp\/v2\/product\/3825","targetHints":{"allow":["GET"]}}],"collection":[{"href":"https:\/\/logitech.cms.com.vn\/en\/wp-json\/wp\/v2\/product"}],"about":[{"href":"https:\/\/logitech.cms.com.vn\/en\/wp-json\/wp\/v2\/types\/product"}],"replies":[{"embeddable":true,"href":"https:\/\/logitech.cms.com.vn\/en\/wp-json\/wp\/v2\/comments?post=3825"}],"wp:featuredmedia":[{"embeddable":true,"href":"https:\/\/logitech.cms.com.vn\/en\/wp-json\/wp\/v2\/media\/3827"}],"wp:attachment":[{"href":"https:\/\/logitech.cms.com.vn\/en\/wp-json\/wp\/v2\/media?parent=3825"}],"wp:term":[{"taxonomy":"product_brand","embeddable":true,"href":"https:\/\/logitech.cms.com.vn\/en\/wp-json\/wp\/v2\/product_brand?post=3825"},{"taxonomy":"product_cat","embeddable":true,"href":"https:\/\/logitech.cms.com.vn\/en\/wp-json\/wp\/v2\/product_cat?post=3825"},{"taxonomy":"product_tag","embeddable":true,"href":"https:\/\/logitech.cms.com.vn\/en\/wp-json\/wp\/v2\/product_tag?post=3825"}],"curies":[{"name":"wp","href":"https:\/\/api.w.org\/{rel}","templated":true}]}}