{"id":3750,"date":"2025-08-21T08:03:04","date_gmt":"2025-08-21T08:03:04","guid":{"rendered":"https:\/\/logitech.cms.com.vn\/?post_type=product&#038;p=3750"},"modified":"2025-09-18T09:18:50","modified_gmt":"2025-09-18T09:18:50","slug":"b100-optical-usb-mouse","status":"publish","type":"product","link":"https:\/\/logitech.cms.com.vn\/en\/san-pham\/b100-optical-usb-mouse\/","title":{"rendered":"B100 Optical USB Mouse"},"content":{"rendered":"\n\t<section class=\"section sec_pro_tn\" id=\"section_128710273\">\n\t\t<div class=\"section-bg fill\" >\n\t\t\t\t\t\t\t\t\t\n\t\t\t\n\n\t\t<\/div>\n\n\t\t\n\n\t\t<div class=\"section-content relative\">\n\t\t\t\n<div class=\"row align-middle align-center row_pro_tn\"  id=\"row-588436916\">\n\n\t<div id=\"col-1878020961\" class=\"col divorder medium-6 small-12 large-8\"  >\n\t\t\t\t<div class=\"col-inner text-center\"  >\n\t\t\t\n\t\t\t\n<h3 class=\"uppercase\" style=\"text-align: center;\">T\u01af\u01a0NG TH\u00cdCH R\u1ed8NG R\u00c3I<\/h3>\n<div style=\"text-align: center;\">B100 ho\u1ea1t \u0111\u1ed9ng v\u1edbi Windows\u00ae, macOS\u00ae v\u00e0 Linux\u00ae \u2014 \u0111\u1ed3ng th\u1eddi \u0111\u01b0\u1ee3c ch\u1ee9ng nh\u1eadn Works With Chromebook\u2122. (S\u1ea3n ph\u1ea9m n\u00e0y \u0111\u00e3 \u0111\u01b0\u1ee3c ch\u1ee9ng nh\u1eadn \u0111\u00e1p \u1ee9ng ti\u00eau chu\u1ea9n t\u01b0\u01a1ng th\u00edch c\u1ee7a Google. Google kh\u00f4ng ch\u1ecbu tr\u00e1ch nhi\u1ec7m v\u1ec1 vi\u1ec7c v\u1eadn h\u00e0nh hay tu\u00e2n th\u1ee7 c\u00e1c y\u00eau c\u1ea7u an to\u00e0n c\u1ee7a s\u1ea3n ph\u1ea9m. Chromebook v\u00e0 logo &#8220;Works With Chromebook&#8221; l\u00e0 th\u01b0\u01a1ng hi\u1ec7u c\u1ee7a Google LLC.)<\/div>\n\t\t<\/div>\n\t\t\t\t\n<style>\n#col-1878020961 > .col-inner {\n  margin: -20px 0px 0px 0px;\n}\n<\/style>\n\t<\/div>\n\n\t\n\n\t<div id=\"col-839677444\" class=\"col small-12 large-12\"  >\n\t\t\t\t<div class=\"col-inner\"  >\n\t\t\t\n\t\t\t\n\t<div class=\"img has-hover x md-x lg-x y md-y lg-y\" id=\"image_384772638\">\n\t\t\t\t\t\t\t\t<div class=\"img-inner dark\" style=\"margin:0px 0px 0px 0px;\">\n\t\t\t<img decoding=\"async\" width=\"1020\" height=\"680\" src=\"https:\/\/logitech.cms.com.vn\/wp-content\/uploads\/2025\/08\/m100r-blackcharcoal-feature-5-1200x800.webp\" class=\"attachment-large size-large\" alt=\"\" srcset=\"https:\/\/logitech.cms.com.vn\/wp-content\/uploads\/2025\/08\/m100r-blackcharcoal-feature-5-1200x800.webp 1200w, https:\/\/logitech.cms.com.vn\/wp-content\/uploads\/2025\/08\/m100r-blackcharcoal-feature-5-600x400.webp 600w, https:\/\/logitech.cms.com.vn\/wp-content\/uploads\/2025\/08\/m100r-blackcharcoal-feature-5-768x512.webp 768w, https:\/\/logitech.cms.com.vn\/wp-content\/uploads\/2025\/08\/m100r-blackcharcoal-feature-5-1536x1024.webp 1536w, https:\/\/logitech.cms.com.vn\/wp-content\/uploads\/2025\/08\/m100r-blackcharcoal-feature-5-300x200.webp 300w, https:\/\/logitech.cms.com.vn\/wp-content\/uploads\/2025\/08\/m100r-blackcharcoal-feature-5.webp 1594w\" sizes=\"(max-width: 1020px) 100vw, 1020px\" \/>\t\t\t\t\t\t\n\t\t\t\t\t<\/div>\n\t\t\t\t\t\t\t\t\n<style>\n#image_384772638 {\n  width: 100%;\n}\n<\/style>\n\t<\/div>\n\t\n\t\t<\/div>\n\t\t\t\t\n<style>\n#col-839677444 > .col-inner {\n  margin: -20px 0px 0px 0px;\n}\n<\/style>\n\t<\/div>\n\n\t\n\n<style>\n#row-588436916 > .col > .col-inner {\n  padding: 50px 0px 0px 0px;\n}\n<\/style>\n<\/div>\n\t\t<\/div>\n\n\t\t\n<style>\n#section_128710273 {\n  padding-top: 30px;\n  padding-bottom: 30px;\n}\n<\/style>\n\t<\/section>\n\t\n\n\t<section class=\"section sec_tn_main\" id=\"section_1353184217\">\n\t\t<div class=\"section-bg fill\" >\n\t\t\t\t\t\t\t\t\t\n\t\t\t\n\n\t\t<\/div>\n\n\t\t\n\n\t\t<div class=\"section-content relative\">\n\t\t\t\n<div class=\"container section-title-container tittlehome\" ><h3 class=\"section-title section-title-center\"><b aria-hidden=\"true\"><\/b><span class=\"section-title-main\" ><i class=\"icon-star\" aria-hidden=\"true\"><\/i>Nh\u1eefng t\u00ednh n\u0103ng ch\u00ednh<\/span><b aria-hidden=\"true\"><\/b><\/h3><\/div>\n<div class=\"row align-equal align-center\"  id=\"row-945639700\">\n\n\t<div id=\"col-518037515\" class=\"col medium-4 small-12 large-4\"  >\n\t\t\t\t<div class=\"col-inner\"  >\n\t\t\t\n\t\t\t\n\t<div class=\"box has-hover imgbox_tn  has-hover box-text-bottom\" >\n\n\t\t<div class=\"box-image\" >\n\t\t\t\t\t\t<div class=\"\" >\n\t\t\t\t<img decoding=\"async\" width=\"1594\" height=\"896\" src=\"https:\/\/logitech.cms.com.vn\/wp-content\/uploads\/2025\/08\/b100-blackcharcoal-feature-1-new.webp\" class=\"attachment- size-\" alt=\"\" srcset=\"https:\/\/logitech.cms.com.vn\/wp-content\/uploads\/2025\/08\/b100-blackcharcoal-feature-1-new.webp 1594w, https:\/\/logitech.cms.com.vn\/wp-content\/uploads\/2025\/08\/b100-blackcharcoal-feature-1-new-712x400.webp 712w, https:\/\/logitech.cms.com.vn\/wp-content\/uploads\/2025\/08\/b100-blackcharcoal-feature-1-new-1400x787.webp 1400w, https:\/\/logitech.cms.com.vn\/wp-content\/uploads\/2025\/08\/b100-blackcharcoal-feature-1-new-768x432.webp 768w, https:\/\/logitech.cms.com.vn\/wp-content\/uploads\/2025\/08\/b100-blackcharcoal-feature-1-new-1536x863.webp 1536w, https:\/\/logitech.cms.com.vn\/wp-content\/uploads\/2025\/08\/b100-blackcharcoal-feature-1-new-300x169.webp 300w, https:\/\/logitech.cms.com.vn\/wp-content\/uploads\/2025\/08\/b100-blackcharcoal-feature-1-new-600x337.webp 600w\" sizes=\"(max-width: 1594px) 100vw, 1594px\" \/>\t\t\t\t\t\t\t\t\t\t\t<\/div>\n\t\t\t\t\t<\/div>\n\n\t\t<div class=\"box-text text-center\" >\n\t\t\t<div class=\"box-text-inner\">\n\t\t\t\t\n\t<div id=\"text-3459923276\" class=\"text\">\n\t\t\n<h4>S\u1eb5n s\u00e0ng trong t\u00edch t\u1eafc<\/h4>\n<div class=\"showh\"><\/div>\n<div class=\"show_content\">\n<p>Chu\u1ed9t ho\u1ea1t \u0111\u1ed9ng ngay khi m\u1edf h\u1ed9p. \u0110\u00e2y l\u00e0 chu\u1ed9t plug-and-play \u0111\u01a1n gi\u1ea3n \u0111\u1ec3 thi\u1ebft l\u1eadp \u2014 ch\u1ec9 c\u1ea7n c\u1eafm v\u00e0o c\u1ed5ng USB v\u00e0 b\u1eaft tay tr\u1edf l\u1ea1i c\u00f4ng vi\u1ec7c.<\/p>\n<\/div>\n\t\t\n<style>\n#text-3459923276 {\n  text-align: left;\n}\n<\/style>\n\t<\/div>\n\t\n\t\t\t<\/div>\n\t\t<\/div>\n\t<\/div>\n\t\n\t\t<\/div>\n\t\t\t\t\t<\/div>\n\n\t\n\n\t<div id=\"col-1276339634\" class=\"col medium-4 small-12 large-4\"  >\n\t\t\t\t<div class=\"col-inner\"  >\n\t\t\t\n\t\t\t\n\t<div class=\"box has-hover imgbox_tn  has-hover box-text-bottom\" >\n\n\t\t<div class=\"box-image\" >\n\t\t\t\t\t\t<div class=\"\" >\n\t\t\t\t<img decoding=\"async\" width=\"1594\" height=\"896\" src=\"https:\/\/logitech.cms.com.vn\/wp-content\/uploads\/2025\/08\/b100-blackcharcoal-feature-2.webp\" class=\"attachment- size-\" alt=\"\" srcset=\"https:\/\/logitech.cms.com.vn\/wp-content\/uploads\/2025\/08\/b100-blackcharcoal-feature-2.webp 1594w, https:\/\/logitech.cms.com.vn\/wp-content\/uploads\/2025\/08\/b100-blackcharcoal-feature-2-712x400.webp 712w, https:\/\/logitech.cms.com.vn\/wp-content\/uploads\/2025\/08\/b100-blackcharcoal-feature-2-1400x787.webp 1400w, https:\/\/logitech.cms.com.vn\/wp-content\/uploads\/2025\/08\/b100-blackcharcoal-feature-2-768x432.webp 768w, https:\/\/logitech.cms.com.vn\/wp-content\/uploads\/2025\/08\/b100-blackcharcoal-feature-2-1536x863.webp 1536w, https:\/\/logitech.cms.com.vn\/wp-content\/uploads\/2025\/08\/b100-blackcharcoal-feature-2-300x169.webp 300w, https:\/\/logitech.cms.com.vn\/wp-content\/uploads\/2025\/08\/b100-blackcharcoal-feature-2-600x337.webp 600w\" sizes=\"(max-width: 1594px) 100vw, 1594px\" \/>\t\t\t\t\t\t\t\t\t\t\t<\/div>\n\t\t\t\t\t<\/div>\n\n\t\t<div class=\"box-text text-center\" >\n\t\t\t<div class=\"box-text-inner\">\n\t\t\t\t\n\t<div id=\"text-148107006\" class=\"text\">\n\t\t\n<h4>Tho\u1ea3i m\u00e1i cho c\u1ea3 hai tay<\/h4>\n<div class=\"showh\"><\/div>\n<div class=\"show_content\">\n<p>D\u00f9 b\u1ea1n thu\u1eadn tay tr\u00e1i hay tay ph\u1ea3i, thi\u1ebft k\u1ebf \u0111\u1ed1i x\u1ee9ng, k\u00edch th\u01b0\u1edbc \u0111\u1ea7y \u0111\u1ee7 mang l\u1ea1i s\u1ef1 tho\u1ea3i m\u00e1i su\u1ed1t nhi\u1ec1u gi\u1edd li\u1ec1n.<\/p>\n<\/div>\n\t\t\n<style>\n#text-148107006 {\n  text-align: left;\n}\n<\/style>\n\t<\/div>\n\t\n\t\t\t<\/div>\n\t\t<\/div>\n\t<\/div>\n\t\n\t\t<\/div>\n\t\t\t\t\t<\/div>\n\n\t\n\n\t<div id=\"col-1000853466\" class=\"col medium-4 small-12 large-4\"  >\n\t\t\t\t<div class=\"col-inner\"  >\n\t\t\t\n\t\t\t\n\t<div class=\"box has-hover imgbox_tn  has-hover box-text-bottom\" >\n\n\t\t<div class=\"box-image\" >\n\t\t\t\t\t\t<div class=\"\" >\n\t\t\t\t<img decoding=\"async\" width=\"1594\" height=\"896\" src=\"https:\/\/logitech.cms.com.vn\/wp-content\/uploads\/2025\/08\/b100-blackcharcoal-feature-3.webp\" class=\"attachment- size-\" alt=\"\" srcset=\"https:\/\/logitech.cms.com.vn\/wp-content\/uploads\/2025\/08\/b100-blackcharcoal-feature-3.webp 1594w, https:\/\/logitech.cms.com.vn\/wp-content\/uploads\/2025\/08\/b100-blackcharcoal-feature-3-712x400.webp 712w, https:\/\/logitech.cms.com.vn\/wp-content\/uploads\/2025\/08\/b100-blackcharcoal-feature-3-1400x787.webp 1400w, https:\/\/logitech.cms.com.vn\/wp-content\/uploads\/2025\/08\/b100-blackcharcoal-feature-3-768x432.webp 768w, https:\/\/logitech.cms.com.vn\/wp-content\/uploads\/2025\/08\/b100-blackcharcoal-feature-3-1536x863.webp 1536w, https:\/\/logitech.cms.com.vn\/wp-content\/uploads\/2025\/08\/b100-blackcharcoal-feature-3-300x169.webp 300w, https:\/\/logitech.cms.com.vn\/wp-content\/uploads\/2025\/08\/b100-blackcharcoal-feature-3-600x337.webp 600w\" sizes=\"(max-width: 1594px) 100vw, 1594px\" \/>\t\t\t\t\t\t\t\t\t\t\t<\/div>\n\t\t\t\t\t<\/div>\n\n\t\t<div class=\"box-text text-center\" >\n\t\t\t<div class=\"box-text-inner\">\n\t\t\t\t\n\t<div id=\"text-812586242\" class=\"text\">\n\t\t\n<h4>B\u1ec1n b\u1ec9 v\u00e0 \u0111\u00e1ng tin c\u1eady<\/h4>\n<div class=\"showh\"><\/div>\n<div class=\"show_content\">\n<p>Chu\u1ed9t B100 \u0111\u01b0\u1ee3c ch\u1ebf t\u1ea1o theo c\u00f9ng ti\u00eau chu\u1ea9n ch\u1ea5t l\u01b0\u1ee3ng v\u00e0 \u0111\u1ed9 tin c\u1eady cao \u0111\u00e3 gi\u00fap Logitech tr\u1edf th\u00e0nh th\u01b0\u01a1ng hi\u1ec7u h\u00e0ng \u0111\u1ea7u th\u1ebf gi\u1edbi v\u1ec1 chu\u1ed9t v\u00e0 b\u00e0n ph\u00edm.<\/p>\n<\/div>\n\t\t\n<style>\n#text-812586242 {\n  text-align: left;\n}\n<\/style>\n\t<\/div>\n\t\n\t\t\t<\/div>\n\t\t<\/div>\n\t<\/div>\n\t\n\t\t<\/div>\n\t\t\t\t\t<\/div>\n\n\t\n<\/div>\n\t\t<\/div>\n\n\t\t\n<style>\n#section_1353184217 {\n  padding-top: 30px;\n  padding-bottom: 30px;\n}\n<\/style>\n\t<\/section>\n\t\n\n\t<section class=\"section\" id=\"section_2008149452\">\n\t\t<div class=\"section-bg fill\" >\n\t\t\t\t\t\t\t\t\t\n\t\t\t\n\n\t\t<\/div>\n\n\t\t\n\n\t\t<div class=\"section-content relative\">\n\t\t\t\n<div class=\"row align-equal\"  id=\"row-1100603510\">\n\n\t<div id=\"col-1577717799\" class=\"col medium-12 small-12 large-12\"  >\n\t\t\t\t<div class=\"col-inner\"  >\n\t\t\t\n\t\t\t\n\n  <div class=\"banner has-hover\" id=\"banner-672998732\">\n          <div class=\"banner-inner fill\">\n        <div class=\"banner-bg fill\" >\n            <img decoding=\"async\" width=\"1020\" height=\"322\" src=\"https:\/\/logitech.cms.com.vn\/wp-content\/uploads\/2025\/08\/b100-blackcharcoal-desktop-feature-5-1400x442.webp\" class=\"bg attachment-large size-large\" alt=\"\" \/>                        <div class=\"overlay\"><\/div>            \n                    <\/div>\n\t\t\n        <div class=\"banner-layers container\">\n            <div class=\"fill banner-link\"><\/div>            \n   <div id=\"text-box-1050977050\" class=\"text-box banner-layer x95 md-x95 lg-x95 y50 md-y50 lg-y50 res-text\">\n                                <div class=\"text-box-content text \">\n              \n\t<div class=\"is-border\"\n\t\tstyle=\"border-width:0px 0px 0px 0px;margin:0px 0px 0px 0px;\">\n\t<\/div>\n              <div class=\"text-inner text-left\">\n                  \n<h4 style=\"text-align: left;\"><strong data-start=\"1095\" data-end=\"1116\">Di chuy\u1ec3n m\u01b0\u1ee3t m\u00e0<\/strong><\/h4>\n<p style=\"text-align: left;\">Cu\u1ed9n ch\u00ednh x\u00e1c t\u1eebng d\u00f2ng, gi\u00fap m\u1ecdi t\u00e1c v\u1ee5 h\u00e0ng ng\u00e0y tr\u1edf n\u00ean tr\u01a1n tru v\u00e0 d\u1ec5 d\u00e0ng h\u01a1n.<\/p>\n\t<div class=\"img has-hover x md-x lg-x y md-y lg-y\" id=\"image_699386317\">\n\t\t\t\t\t\t\t\t<div class=\"img-inner dark\" >\n\t\t\t<img decoding=\"async\" width=\"82\" height=\"84\" src=\"https:\/\/logitech.cms.com.vn\/wp-content\/uploads\/2025\/08\/scrolling-icon.webp\" class=\"attachment-large size-large\" alt=\"\" \/>\t\t\t\t\t\t\n\t\t\t\t\t<\/div>\n\t\t\t\t\t\t\t\t\n<style>\n#image_699386317 {\n  width: 10%;\n}\n<\/style>\n\t<\/div>\n\t\n              <\/div>\n           <\/div>\n                            \n<style>\n#text-box-1050977050 {\n  width: 60%;\n}\n#text-box-1050977050 .text-box-content {\n  font-size: 100%;\n}\n@media (min-width:550px) {\n  #text-box-1050977050 {\n    width: 40%;\n  }\n}\n<\/style>\n    <\/div>\n \n        <\/div>\n      <\/div>\n\n            \n<style>\n#banner-672998732 {\n  padding-top: 40%;\n  background-color: rgb(255, 255, 255);\n}\n#banner-672998732 .overlay {\n  background-color: rgba(190, 190, 190, 0.2);\n}\n#banner-672998732 .banner-bg img {\n  object-position: 46% 71%;\n}\n<\/style>\n  <\/div>\n\n\n\t\t<\/div>\n\t\t\t\t\t<\/div>\n\n\t\n<\/div>\n\t\t<\/div>\n\n\t\t\n<style>\n#section_2008149452 {\n  padding-top: 30px;\n  padding-bottom: 30px;\n  background-color: rgb(245, 245, 245);\n}\n<\/style>\n\t<\/section>\n\t\n","protected":false},"excerpt":{"rendered":"<p data-start=\"110\" data-end=\"172\">Chu\u1ed9t c\u00f3 d\u00e2y B100 \u0111\u01a1n gi\u1ea3n, b\u1ec1n b\u1ec9, tho\u1ea3i m\u00e1i m\u1ed7i ng\u00e0y<\/p>\n<ul>\n<li data-start=\"175\" data-end=\"222\">Thi\u1ebft k\u1ebf \u0111\u1ed1i x\u1ee9ng<\/li>\n<li data-start=\"225\" data-end=\"271\">K\u1ebft n\u1ed1i USB \u1ed5n \u0111\u1ecbnh<\/li>\n<li data-start=\"274\" data-end=\"320\">\u0110\u1ed9 b\u1ec1n cao<\/li>\n<\/ul>\n","protected":false},"featured_media":4268,"comment_status":"open","ping_status":"closed","template":"","meta":[],"product_brand":[],"product_cat":[459,187],"product_tag":[],"class_list":{"0":"post-3750","1":"product","2":"type-product","3":"status-publish","4":"has-post-thumbnail","6":"product_cat-chuot-en","7":"product_cat-mice-keyboards","9":"first","10":"instock","11":"sale","12":"shipping-taxable","13":"purchasable","14":"product-type-simple"},"acf":[],"yoast_head":"<!-- This site is optimized with the Yoast SEO plugin v26.5 - https:\/\/yoast.com\/wordpress\/plugins\/seo\/ -->\n<title>B100 Optical USB Mouse - CMS-LOGITECH<\/title>\n<meta name=\"robots\" content=\"index, follow, max-snippet:-1, max-image-preview:large, max-video-preview:-1\" \/>\n<link rel=\"canonical\" href=\"https:\/\/logitech.cms.com.vn\/en\/san-pham\/b100-optical-usb-mouse\/\" \/>\n<meta property=\"og:locale\" content=\"en_US\" \/>\n<meta property=\"og:type\" content=\"article\" \/>\n<meta property=\"og:title\" content=\"B100 Optical USB Mouse - CMS-LOGITECH\" \/>\n<meta property=\"og:description\" content=\"Chu\u1ed9t c\u00f3 d\u00e2y B100 \u0111\u01a1n gi\u1ea3n, b\u1ec1n b\u1ec9, tho\u1ea3i m\u00e1i m\u1ed7i ng\u00e0y    Thi\u1ebft k\u1ebf \u0111\u1ed1i x\u1ee9ng  K\u1ebft n\u1ed1i USB \u1ed5n \u0111\u1ecbnh  \u0110\u1ed9 b\u1ec1n cao\" \/>\n<meta property=\"og:url\" content=\"https:\/\/logitech.cms.com.vn\/en\/san-pham\/b100-optical-usb-mouse\/\" \/>\n<meta property=\"og:site_name\" content=\"CMS-LOGITECH\" \/>\n<meta property=\"article:publisher\" content=\"https:\/\/www.facebook.com\/CMSCo.Ltd\" \/>\n<meta property=\"article:modified_time\" content=\"2025-09-18T09:18:50+00:00\" \/>\n<meta property=\"og:image\" content=\"https:\/\/logitech.cms.com.vn\/wp-content\/uploads\/2025\/08\/b100-blackcharcoal-gallery-1.webp\" \/>\n\t<meta property=\"og:image:width\" content=\"1600\" \/>\n\t<meta property=\"og:image:height\" content=\"1374\" \/>\n\t<meta property=\"og:image:type\" content=\"image\/webp\" \/>\n<meta name=\"twitter:card\" content=\"summary_large_image\" \/>\n<meta name=\"twitter:label1\" content=\"Est. reading time\" \/>\n\t<meta name=\"twitter:data1\" content=\"2 minutes\" \/>\n<script type=\"application\/ld+json\" class=\"yoast-schema-graph\">{\"@context\":\"https:\/\/schema.org\",\"@graph\":[{\"@type\":\"WebPage\",\"@id\":\"https:\/\/logitech.cms.com.vn\/en\/san-pham\/b100-optical-usb-mouse\/\",\"url\":\"https:\/\/logitech.cms.com.vn\/en\/san-pham\/b100-optical-usb-mouse\/\",\"name\":\"B100 Optical USB Mouse - CMS-LOGITECH\",\"isPartOf\":{\"@id\":\"https:\/\/logitech.cms.com.vn\/en\/#website\"},\"primaryImageOfPage\":{\"@id\":\"https:\/\/logitech.cms.com.vn\/en\/san-pham\/b100-optical-usb-mouse\/#primaryimage\"},\"image\":{\"@id\":\"https:\/\/logitech.cms.com.vn\/en\/san-pham\/b100-optical-usb-mouse\/#primaryimage\"},\"thumbnailUrl\":\"https:\/\/logitech.cms.com.vn\/wp-content\/uploads\/2025\/08\/b100-blackcharcoal-gallery-1.webp\",\"datePublished\":\"2025-08-21T08:03:04+00:00\",\"dateModified\":\"2025-09-18T09:18:50+00:00\",\"breadcrumb\":{\"@id\":\"https:\/\/logitech.cms.com.vn\/en\/san-pham\/b100-optical-usb-mouse\/#breadcrumb\"},\"inLanguage\":\"en-US\",\"potentialAction\":[{\"@type\":\"ReadAction\",\"target\":[\"https:\/\/logitech.cms.com.vn\/en\/san-pham\/b100-optical-usb-mouse\/\"]}]},{\"@type\":\"ImageObject\",\"inLanguage\":\"en-US\",\"@id\":\"https:\/\/logitech.cms.com.vn\/en\/san-pham\/b100-optical-usb-mouse\/#primaryimage\",\"url\":\"https:\/\/logitech.cms.com.vn\/wp-content\/uploads\/2025\/08\/b100-blackcharcoal-gallery-1.webp\",\"contentUrl\":\"https:\/\/logitech.cms.com.vn\/wp-content\/uploads\/2025\/08\/b100-blackcharcoal-gallery-1.webp\",\"width\":1600,\"height\":1374},{\"@type\":\"BreadcrumbList\",\"@id\":\"https:\/\/logitech.cms.com.vn\/en\/san-pham\/b100-optical-usb-mouse\/#breadcrumb\",\"itemListElement\":[{\"@type\":\"ListItem\",\"position\":1,\"name\":\"Home\",\"item\":\"https:\/\/logitech.cms.com.vn\/en\/\"},{\"@type\":\"ListItem\",\"position\":2,\"name\":\"Shop\",\"item\":\"https:\/\/logitech.cms.com.vn\/shop\/\"},{\"@type\":\"ListItem\",\"position\":3,\"name\":\"B100 Optical USB Mouse\"}]},{\"@type\":\"WebSite\",\"@id\":\"https:\/\/logitech.cms.com.vn\/en\/#website\",\"url\":\"https:\/\/logitech.cms.com.vn\/en\/\",\"name\":\"CMS X LOGITECH\",\"description\":\"L\u00e0 nh\u00e0 ph\u00e2n ph\u1ed1i chi\u1ebfn l\u01b0\u1ee3c c\u1ee7a Logitech t\u1ea1i Vi\u1ec7t Nam, C\u00f4ng ty TNHH S\u1ea3n xu\u1ea5t v\u00e0 D\u1ecbch v\u1ee5 CMC (CMS) t\u1ef1 h\u00e0o mang \u0111\u1ebfn cho th\u1ecb tr\u01b0\u1eddng nh\u1eefng gi\u1ea3i ph\u00e1p h\u1ed9i h\u1ecdp ch\u00ednh h\u00e3ng, t\u1ed1i \u01b0u cho doanh nghi\u1ec7p thu\u1ed9c m\u1ecdi quy m\u00f4, t\u1eeb startup n\u0103ng \u0111\u1ed9ng \u0111\u1ebfn t\u1eadp \u0111o\u00e0n \u0111a qu\u1ed1c gia.\",\"publisher\":{\"@id\":\"https:\/\/logitech.cms.com.vn\/en\/#organization\"},\"alternateName\":\"C\u00f4ng ty TNHH S\u1ea3n xu\u1ea5t v\u00e0 D\u1ecbch v\u1ee5 CMC\",\"potentialAction\":[{\"@type\":\"SearchAction\",\"target\":{\"@type\":\"EntryPoint\",\"urlTemplate\":\"https:\/\/logitech.cms.com.vn\/en\/?s={search_term_string}\"},\"query-input\":{\"@type\":\"PropertyValueSpecification\",\"valueRequired\":true,\"valueName\":\"search_term_string\"}}],\"inLanguage\":\"en-US\"},{\"@type\":\"Organization\",\"@id\":\"https:\/\/logitech.cms.com.vn\/en\/#organization\",\"name\":\"CMS X LOGITECH\",\"alternateName\":\"C\u00f4ng ty TNHH S\u1ea3n xu\u1ea5t v\u00e0 D\u1ecbch v\u1ee5 CMC\",\"url\":\"https:\/\/logitech.cms.com.vn\/en\/\",\"logo\":{\"@type\":\"ImageObject\",\"inLanguage\":\"en-US\",\"@id\":\"https:\/\/logitech.cms.com.vn\/en\/#\/schema\/logo\/image\/\",\"url\":\"https:\/\/logitech.cms.com.vn\/wp-content\/uploads\/2026\/03\/Logitech_idrFIUkALf_3.png\",\"contentUrl\":\"https:\/\/logitech.cms.com.vn\/wp-content\/uploads\/2026\/03\/Logitech_idrFIUkALf_3.png\",\"width\":400,\"height\":400,\"caption\":\"CMS X LOGITECH\"},\"image\":{\"@id\":\"https:\/\/logitech.cms.com.vn\/en\/#\/schema\/logo\/image\/\"},\"sameAs\":[\"https:\/\/www.facebook.com\/CMSCo.Ltd\"]}]}<\/script>\n<!-- \/ Yoast SEO plugin. -->","yoast_head_json":{"title":"B100 Optical USB Mouse - CMS-LOGITECH","robots":{"index":"index","follow":"follow","max-snippet":"max-snippet:-1","max-image-preview":"max-image-preview:large","max-video-preview":"max-video-preview:-1"},"canonical":"https:\/\/logitech.cms.com.vn\/en\/san-pham\/b100-optical-usb-mouse\/","og_locale":"en_US","og_type":"article","og_title":"B100 Optical USB Mouse - CMS-LOGITECH","og_description":"Chu\u1ed9t c\u00f3 d\u00e2y B100 \u0111\u01a1n gi\u1ea3n, b\u1ec1n b\u1ec9, tho\u1ea3i m\u00e1i m\u1ed7i ng\u00e0y    Thi\u1ebft k\u1ebf \u0111\u1ed1i x\u1ee9ng  K\u1ebft n\u1ed1i USB \u1ed5n \u0111\u1ecbnh  \u0110\u1ed9 b\u1ec1n cao","og_url":"https:\/\/logitech.cms.com.vn\/en\/san-pham\/b100-optical-usb-mouse\/","og_site_name":"CMS-LOGITECH","article_publisher":"https:\/\/www.facebook.com\/CMSCo.Ltd","article_modified_time":"2025-09-18T09:18:50+00:00","og_image":[{"width":1600,"height":1374,"url":"https:\/\/logitech.cms.com.vn\/wp-content\/uploads\/2025\/08\/b100-blackcharcoal-gallery-1.webp","type":"image\/webp"}],"twitter_card":"summary_large_image","twitter_misc":{"Est. reading time":"2 minutes"},"schema":{"@context":"https:\/\/schema.org","@graph":[{"@type":"WebPage","@id":"https:\/\/logitech.cms.com.vn\/en\/san-pham\/b100-optical-usb-mouse\/","url":"https:\/\/logitech.cms.com.vn\/en\/san-pham\/b100-optical-usb-mouse\/","name":"B100 Optical USB Mouse - CMS-LOGITECH","isPartOf":{"@id":"https:\/\/logitech.cms.com.vn\/en\/#website"},"primaryImageOfPage":{"@id":"https:\/\/logitech.cms.com.vn\/en\/san-pham\/b100-optical-usb-mouse\/#primaryimage"},"image":{"@id":"https:\/\/logitech.cms.com.vn\/en\/san-pham\/b100-optical-usb-mouse\/#primaryimage"},"thumbnailUrl":"https:\/\/logitech.cms.com.vn\/wp-content\/uploads\/2025\/08\/b100-blackcharcoal-gallery-1.webp","datePublished":"2025-08-21T08:03:04+00:00","dateModified":"2025-09-18T09:18:50+00:00","breadcrumb":{"@id":"https:\/\/logitech.cms.com.vn\/en\/san-pham\/b100-optical-usb-mouse\/#breadcrumb"},"inLanguage":"en-US","potentialAction":[{"@type":"ReadAction","target":["https:\/\/logitech.cms.com.vn\/en\/san-pham\/b100-optical-usb-mouse\/"]}]},{"@type":"ImageObject","inLanguage":"en-US","@id":"https:\/\/logitech.cms.com.vn\/en\/san-pham\/b100-optical-usb-mouse\/#primaryimage","url":"https:\/\/logitech.cms.com.vn\/wp-content\/uploads\/2025\/08\/b100-blackcharcoal-gallery-1.webp","contentUrl":"https:\/\/logitech.cms.com.vn\/wp-content\/uploads\/2025\/08\/b100-blackcharcoal-gallery-1.webp","width":1600,"height":1374},{"@type":"BreadcrumbList","@id":"https:\/\/logitech.cms.com.vn\/en\/san-pham\/b100-optical-usb-mouse\/#breadcrumb","itemListElement":[{"@type":"ListItem","position":1,"name":"Home","item":"https:\/\/logitech.cms.com.vn\/en\/"},{"@type":"ListItem","position":2,"name":"Shop","item":"https:\/\/logitech.cms.com.vn\/shop\/"},{"@type":"ListItem","position":3,"name":"B100 Optical USB Mouse"}]},{"@type":"WebSite","@id":"https:\/\/logitech.cms.com.vn\/en\/#website","url":"https:\/\/logitech.cms.com.vn\/en\/","name":"CMS X LOGITECH","description":"L\u00e0 nh\u00e0 ph\u00e2n ph\u1ed1i chi\u1ebfn l\u01b0\u1ee3c c\u1ee7a Logitech t\u1ea1i Vi\u1ec7t Nam, C\u00f4ng ty TNHH S\u1ea3n xu\u1ea5t v\u00e0 D\u1ecbch v\u1ee5 CMC (CMS) t\u1ef1 h\u00e0o mang \u0111\u1ebfn cho th\u1ecb tr\u01b0\u1eddng nh\u1eefng gi\u1ea3i ph\u00e1p h\u1ed9i h\u1ecdp ch\u00ednh h\u00e3ng, t\u1ed1i \u01b0u cho doanh nghi\u1ec7p thu\u1ed9c m\u1ecdi quy m\u00f4, t\u1eeb startup n\u0103ng \u0111\u1ed9ng \u0111\u1ebfn t\u1eadp \u0111o\u00e0n \u0111a qu\u1ed1c gia.","publisher":{"@id":"https:\/\/logitech.cms.com.vn\/en\/#organization"},"alternateName":"C\u00f4ng ty TNHH S\u1ea3n xu\u1ea5t v\u00e0 D\u1ecbch v\u1ee5 CMC","potentialAction":[{"@type":"SearchAction","target":{"@type":"EntryPoint","urlTemplate":"https:\/\/logitech.cms.com.vn\/en\/?s={search_term_string}"},"query-input":{"@type":"PropertyValueSpecification","valueRequired":true,"valueName":"search_term_string"}}],"inLanguage":"en-US"},{"@type":"Organization","@id":"https:\/\/logitech.cms.com.vn\/en\/#organization","name":"CMS X LOGITECH","alternateName":"C\u00f4ng ty TNHH S\u1ea3n xu\u1ea5t v\u00e0 D\u1ecbch v\u1ee5 CMC","url":"https:\/\/logitech.cms.com.vn\/en\/","logo":{"@type":"ImageObject","inLanguage":"en-US","@id":"https:\/\/logitech.cms.com.vn\/en\/#\/schema\/logo\/image\/","url":"https:\/\/logitech.cms.com.vn\/wp-content\/uploads\/2026\/03\/Logitech_idrFIUkALf_3.png","contentUrl":"https:\/\/logitech.cms.com.vn\/wp-content\/uploads\/2026\/03\/Logitech_idrFIUkALf_3.png","width":400,"height":400,"caption":"CMS X LOGITECH"},"image":{"@id":"https:\/\/logitech.cms.com.vn\/en\/#\/schema\/logo\/image\/"},"sameAs":["https:\/\/www.facebook.com\/CMSCo.Ltd"]}]}},"_links":{"self":[{"href":"https:\/\/logitech.cms.com.vn\/en\/wp-json\/wp\/v2\/product\/3750","targetHints":{"allow":["GET"]}}],"collection":[{"href":"https:\/\/logitech.cms.com.vn\/en\/wp-json\/wp\/v2\/product"}],"about":[{"href":"https:\/\/logitech.cms.com.vn\/en\/wp-json\/wp\/v2\/types\/product"}],"replies":[{"embeddable":true,"href":"https:\/\/logitech.cms.com.vn\/en\/wp-json\/wp\/v2\/comments?post=3750"}],"wp:featuredmedia":[{"embeddable":true,"href":"https:\/\/logitech.cms.com.vn\/en\/wp-json\/wp\/v2\/media\/4268"}],"wp:attachment":[{"href":"https:\/\/logitech.cms.com.vn\/en\/wp-json\/wp\/v2\/media?parent=3750"}],"wp:term":[{"taxonomy":"product_brand","embeddable":true,"href":"https:\/\/logitech.cms.com.vn\/en\/wp-json\/wp\/v2\/product_brand?post=3750"},{"taxonomy":"product_cat","embeddable":true,"href":"https:\/\/logitech.cms.com.vn\/en\/wp-json\/wp\/v2\/product_cat?post=3750"},{"taxonomy":"product_tag","embeddable":true,"href":"https:\/\/logitech.cms.com.vn\/en\/wp-json\/wp\/v2\/product_tag?post=3750"}],"curies":[{"name":"wp","href":"https:\/\/api.w.org\/{rel}","templated":true}]}}