{"id":1255,"date":"2013-08-11T19:54:47","date_gmt":"2013-08-11T19:54:47","guid":{"rendered":"https:\/\/logitech.cms.com.vn\/buttons\/"},"modified":"2013-08-11T19:54:47","modified_gmt":"2013-08-11T19:54:47","slug":"buttons","status":"publish","type":"page","link":"https:\/\/logitech.cms.com.vn\/en\/elements\/buttons\/","title":{"rendered":"Buttons"},"content":{"rendered":"\n  <div class=\"banner has-hover\" id=\"banner-61509503\">\n          <div class=\"banner-inner fill\">\n        <div class=\"banner-bg fill\" >\n            <img decoding=\"async\" width=\"1000\" height=\"650\" src=\"https:\/\/logitech.cms.com.vn\/wp-content\/uploads\/2016\/08\/dummy-2-1.jpg\" class=\"bg attachment-large size-large\" alt=\"\" \/>                        <div class=\"overlay\"><\/div>            \n                    <\/div>\n\t\t\n        <div class=\"banner-layers container\">\n            <div class=\"fill banner-link\"><\/div>            \n   <div id=\"text-box-1917545021\" class=\"text-box banner-layer x50 md-x50 lg-x50 y50 md-y50 lg-y50 res-text\">\n                                <div class=\"text-box-content text dark\">\n              \n              <div class=\"text-inner text-center\">\n                  \n<h1>Buttons<\/h1>\n<p class=\"lead\">Create beautiful Call to Action buttons with the amazing Button Element<\/p>\n<a href=\"http:\/\/test?asdf&#038;asdf=asdf&#038;asdf&#038;\" class=\"button primary is-shade\" >\n\t\t<span>Primary Button<\/span>\n\t<\/a>\n\n              <\/div>\n           <\/div>\n                            \n<style>\n#text-box-1917545021 {\n  width: 76%;\n}\n#text-box-1917545021 .text-box-content {\n  font-size: 100%;\n}\n<\/style>\n    <\/div>\n \n        <\/div>\n      <\/div>\n\n            \n<style>\n#banner-61509503 {\n  padding-top: 500px;\n}\n#banner-61509503 .overlay {\n  background-color: rgba(0, 0, 0, 0.49);\n}\n<\/style>\n  <\/div>\n\n\n<div class=\"row\"  id=\"row-1561833484\">\n\n\t<div id=\"col-1661964901\" class=\"col medium-3 large-3\"  >\n\t\t\t\t<div class=\"col-inner\"  >\n\t\t\t\n\t\t\t\n<h3>Unlimited Variations<\/h3>\n<p>Lorem ipsum dolor sit amet, consectetuer adipiscing elit, sed diam nonummy nibh euismod tincidunt ut laoreet dolore magna aliquam erat volutpat&#8230;.<\/p>\n\t\t<\/div>\n\t\t\t\t\t<\/div>\n\n\t\n\n\t<div id=\"col-2121867749\" class=\"col medium-9 large-9\"  >\n\t\t\t\t<div class=\"col-inner\"  >\n\t\t\t\n\t\t\t\n<a class=\"button primary\" >\n\t\t<span>Primary Color<\/span>\n\t<\/a>\n\n<a class=\"button secondary\" style=\"border-radius:12px;\">\n\t\t<span>Secondary Color<\/span>\n\t<\/a>\n\n<a class=\"button alert\" >\n\t\t<span>Alert Color<\/span>\n\t<i class=\"icon-heart\" aria-hidden=\"true\"><\/i><\/a>\n\n<a class=\"button success\" >\n\t\t<span>Success Color<\/span>\n\t<\/a>\n\n<a class=\"button white\" >\n\t\t<span>White Color<\/span>\n\t<\/a>\n\n<a class=\"button primary is-outline\" >\n\t\t<span>Primary Color<\/span>\n\t<\/a>\n\n<a class=\"button success is-outline\" style=\"border-radius:99px;\">\n\t\t<span>Success Color<\/span>\n\t<\/a>\n\n<a class=\"button alert is-outline reveal-icon\" style=\"border-radius:6px;\">\n\t\t<span>Alert Color<\/span>\n\t<i class=\"icon-heart\" aria-hidden=\"true\"><\/i><\/a>\n\n<a class=\"button secondary is-outline\" >\n\t\t<span>Secondary Color<\/span>\n\t<\/a>\n\n\t\t<\/div>\n\t\t\t\t\t<\/div>\n\n\t\n<\/div>\n\n\t<section class=\"section dark\" id=\"section_273641613\">\n\t\t<div class=\"section-bg fill\" >\n\t\t\t\t\t\t\t\t\t\n\t\t\t\n\n\t\t<\/div>\n\n\t\t\n\n\t\t<div class=\"section-content relative\">\n\t\t\t\n<div class=\"row\"  id=\"row-948706757\">\n\n\t<div id=\"col-2033341571\" class=\"col medium-3 large-3\"  >\n\t\t\t\t<div class=\"col-inner\"  >\n\t\t\t\n\t\t\t\n<h3>Buttons on Dark background<\/h3>\n\t\t<\/div>\n\t\t\t\t\t<\/div>\n\n\t\n\n\t<div id=\"col-657880100\" class=\"col medium-9 large-9\"  >\n\t\t\t\t<div class=\"col-inner\"  >\n\t\t\t\n\t\t\t\n<a class=\"button primary\" >\n\t\t<span>Primary Color<\/span>\n\t<\/a>\n\n<a class=\"button secondary\" >\n\t\t<span>Secondary Color<\/span>\n\t<\/a>\n\n<a class=\"button alert\" >\n\t\t<span>Alert Color<\/span>\n\t<\/a>\n\n<a class=\"button success\" >\n\t\t<span>Success Color<\/span>\n\t<\/a>\n\n<a class=\"button white\" >\n\t\t<span>White Color<\/span>\n\t<\/a>\n\n<a class=\"button primary is-outline\" >\n\t\t<span>Primary Color<\/span>\n\t<\/a>\n\n<a class=\"button success is-outline\" >\n\t\t<span>Success Color<\/span>\n\t<\/a>\n\n<a class=\"button alert is-outline\" >\n\t\t<span>Alert Color<\/span>\n\t<\/a>\n\n<a class=\"button secondary is-outline\" >\n\t\t<span>Secondary Color<\/span>\n\t<\/a>\n\n<a class=\"button white is-outline\" >\n\t\t<span>White outline<\/span>\n\t<\/a>\n\n\t\t<\/div>\n\t\t\t\t\t<\/div>\n\n\t\n<\/div>\n\t\t<\/div>\n\n\t\t\n<style>\n#section_273641613 {\n  padding-top: 30px;\n  padding-bottom: 30px;\n  background-color: rgb(44, 44, 44);\n}\n<\/style>\n\t<\/section>\n\t\n<div class=\"row\"  id=\"row-818881085\">\n\n\t<div id=\"col-1310573866\" class=\"col medium-3 large-3\"  >\n\t\t\t\t<div class=\"col-inner\"  >\n\t\t\t\n\t\t\t\n<h3>Button\u00a0Styles<\/h3>\n<p>Select between many different button styles.<\/p>\n\t\t<\/div>\n\t\t\t\t\t<\/div>\n\n\t\n\n\t<div id=\"col-1939307035\" class=\"col medium-9 large-9\"  >\n\t\t\t\t<div class=\"col-inner\"  >\n\t\t\t\n\t\t\t\n<a class=\"button primary is-link\" >\n\t\t<span>Simple link<\/span>\n\t<\/a>\n\n<a class=\"button primary is-underline\" >\n\t\t<span>Underline<\/span>\n\t<\/a>\n\n<a class=\"button primary is-outline box-shadow-2 box-shadow-2-hover\" >\n\t\t<span>Outline<\/span>\n\t<\/a>\n\n<a class=\"button primary box-shadow-2 box-shadow-5-hover\" >\n\t\t<span>Normal<\/span>\n\t<\/a>\n\n<a class=\"button primary is-gloss box-shadow-2 box-shadow-5-hover\" style=\"border-radius:99px;\">\n\t\t<span>Gloss<\/span>\n\t<\/a>\n\n<a class=\"button primary is-shade box-shadow-2 box-shadow-5-hover\" style=\"border-radius:7px;\">\n\t\t<span>Shade<\/span>\n\t<\/a>\n\n<a class=\"button primary is-bevel box-shadow-2 box-shadow-5-hover\" style=\"border-radius:12px;\">\n\t\t<span>Bevel<\/span>\n\t<\/a>\n\n\t\t<\/div>\n\t\t\t\t\t<\/div>\n\n\t\n<\/div>\n<div class=\"row\"  id=\"row-728113960\">\n\n\t<div id=\"col-683091779\" class=\"col medium-3 large-3\"  >\n\t\t\t\t<div class=\"col-inner\"  >\n\t\t\t\n\t\t\t\n<h3>Button with\u00a0icon<\/h3>\n<p>Choose between many included Flatsome Icons.<\/p>\n\t\t<\/div>\n\t\t\t\t\t<\/div>\n\n\t\n\n\t<div id=\"col-1526795769\" class=\"col medium-9 large-9\"  >\n\t\t\t\t<div class=\"col-inner\"  >\n\t\t\t\n\t\t\t\n<a class=\"button primary is-bevel\" style=\"border-radius:8px;\">\n\t<i class=\"icon-twitter\" aria-hidden=\"true\"><\/i>\t<span>Icon Button<\/span>\n\t<\/a>\n\n<a class=\"button primary is-outline\" style=\"border-radius:6px;\">\n\t\t<span>Icon Left<\/span>\n\t<i class=\"icon-instagram\" aria-hidden=\"true\"><\/i><\/a>\n\n<a class=\"button primary is-outline reveal-icon\" >\n\t<i class=\"icon-play\" aria-hidden=\"true\"><\/i>\t<span>Reveal Left<\/span>\n\t<\/a>\n\n<a class=\"button primary reveal-icon\" >\n\t\t<span>Reveal Right<\/span>\n\t<i class=\"icon-angle-right\" aria-hidden=\"true\"><\/i><\/a>\n\n<a class=\"button primary is-bevel is-xlarge\" style=\"border-radius:8px;\">\n\t<i class=\"icon-twitter\" aria-hidden=\"true\"><\/i>\t<span>Large Button<\/span>\n\t<\/a>\n\n<a class=\"button primary is-bevel is-xlarge reveal-icon\" style=\"border-radius:8px;\">\n\t<i class=\"icon-checkmark\" aria-hidden=\"true\"><\/i>\t<span>Large Reveal<\/span>\n\t<\/a>\n\n\t\t<\/div>\n\t\t\t\t\t<\/div>\n\n\t\n<\/div>\n<div class=\"row\"  id=\"row-198654851\">\n\n\t<div id=\"col-1537908226\" class=\"col medium-3 large-3\"  >\n\t\t\t\t<div class=\"col-inner\"  >\n\t\t\t\n\t\t\t\n<h3>Simple Button Styles<\/h3>\n\t\t<\/div>\n\t\t\t\t\t<\/div>\n\n\t\n\n\t<div id=\"col-1439544853\" class=\"col medium-9 large-9\"  >\n\t\t\t\t<div class=\"col-inner\"  >\n\t\t\t\n\t\t\t\n<a class=\"button primary is-link reveal-icon\" >\n\t\t<span>Primary Color<\/span>\n\t<i class=\"icon-play\" aria-hidden=\"true\"><\/i><\/a>\n\n<a class=\"button secondary is-link\" >\n\t\t<span>Secondary Color<\/span>\n\t<\/a>\n\n<a class=\"button success is-link\" >\n\t\t<span>Success Color<\/span>\n\t<\/a>\n\n<a class=\"button alert is-link\" >\n\t\t<span>Alert Color<\/span>\n\t<\/a>\n\n\t\t<\/div>\n\t\t\t\t\t<\/div>\n\n\t\n<\/div>\n<div class=\"row\"  id=\"row-1359673605\">\n\n\t<div id=\"col-1963256117\" class=\"col medium-3 large-3\"  >\n\t\t\t\t<div class=\"col-inner\"  >\n\t\t\t\n\t\t\t\n<h3>Button Radius<\/h3>\n<p>Add custom radius to buttons<\/p>\n\t\t<\/div>\n\t\t\t\t\t<\/div>\n\n\t\n\n\t<div id=\"col-1938362115\" class=\"col medium-9 large-9\"  >\n\t\t\t\t<div class=\"col-inner\"  >\n\t\t\t\n\t\t\t\n<a class=\"button primary is-large\" >\n\t\t<span>Normal Button<\/span>\n\t<\/a>\n\n<a class=\"button primary is-large\" style=\"border-radius:10px;\">\n\t\t<span>Round Button<\/span>\n\t<\/a>\n\n<a class=\"button primary is-large\" style=\"border-radius:99px;\">\n\t\t<span>Circle Button<\/span>\n\t<\/a>\n\n<a class=\"button primary is-outline is-large\" >\n\t\t<span>Normal Button<\/span>\n\t<\/a>\n\n<a class=\"button primary is-outline is-large\" style=\"border-radius:10px;\">\n\t\t<span>Round Button<\/span>\n\t<\/a>\n\n<a class=\"button primary is-outline is-large\" style=\"border-radius:99px;\">\n\t\t<span>Circle Button<\/span>\n\t<\/a>\n\n\t\t<\/div>\n\t\t\t\t\t<\/div>\n\n\t\n<\/div>\n<div class=\"row\"  id=\"row-1772725707\">\n\n\t<div id=\"col-1766281162\" class=\"col medium-3 large-3\"  >\n\t\t\t\t<div class=\"col-inner\"  >\n\t\t\t\n\t\t\t\n<h3>Button\u00a0Shadow<\/h3>\n<p>Add drop shadow to buttons to make them stand out more.<\/p>\n\t\t<\/div>\n\t\t\t\t\t<\/div>\n\n\t\n\n\t<div id=\"col-419085289\" class=\"col medium-9 large-9\"  >\n\t\t\t\t<div class=\"col-inner\"  >\n\t\t\t\n\t\t\t\n<a class=\"button primary is-bevel is-large box-shadow-5 box-shadow-4-hover\" >\n\t\t<span>Large Shadow<\/span>\n\t<\/a>\n\n<a class=\"button primary is-bevel is-large box-shadow-3 box-shadow-4-hover\" >\n\t\t<span>Medium Shadow<\/span>\n\t<\/a>\n\n<a class=\"button primary is-bevel is-large box-shadow-1 box-shadow-2-hover\" >\n\t\t<span>Small Shadow<\/span>\n\t<\/a>\n\n\t\t<\/div>\n\t\t\t\t\t<\/div>\n\n\t\n<\/div>\n<div class=\"row\"  id=\"row-390436271\">\n\n\t<div id=\"col-981659372\" class=\"col medium-3 large-3\"  >\n\t\t\t\t<div class=\"col-inner\"  >\n\t\t\t\n\t\t\t\n<h3>Button\u00a0Sizes<\/h3>\n\t\t<\/div>\n\t\t\t\t\t<\/div>\n\n\t\n\n\t<div id=\"col-954183289\" class=\"col medium-9 large-9\"  >\n\t\t\t\t<div class=\"col-inner\"  >\n\t\t\t\n\t\t\t\n<a class=\"button primary is-xsmall\" >\n\t\t<span>x Small<\/span>\n\t<\/a>\n\n<a class=\"button primary is-smaller\" >\n\t\t<span>Smaller<\/span>\n\t<\/a>\n\n<a class=\"button primary is-small\" >\n\t\t<span>Small<\/span>\n\t<\/a>\n\n<a class=\"button primary\" >\n\t\t<span>Normal<\/span>\n\t<\/a>\n\n<a class=\"button primary is-large\" >\n\t\t<span>Large<\/span>\n\t<\/a>\n\n<a class=\"button primary is-larger\" >\n\t\t<span>Larger<\/span>\n\t<\/a>\n\n<a class=\"button primary is-xlarge\" >\n\t\t<span>X LARGE<\/span>\n\t<\/a>\n\n\t\t<\/div>\n\t\t\t\t\t<\/div>\n\n\t\n<\/div>\n<div class=\"row\"  id=\"row-1656953182\">\n\n\t<div id=\"col-2099637604\" class=\"col medium-3 large-3\"  >\n\t\t\t\t<div class=\"col-inner\"  >\n\t\t\t\n\t\t\t\n<h3>Smart Links<\/h3>\n<p>Add simple text to button links to link to various WordPress and WooCommerce pages.<\/p>\n\t\t<\/div>\n\t\t\t\t\t<\/div>\n\n\t\n\n\t<div id=\"col-879489558\" class=\"col medium-4 large-4\"  >\n\t\t\t\t<div class=\"col-inner\"  >\n\t\t\t\n\t\t\t\n<p>&#8216;<strong>shop<\/strong>&#8216; : Goes to Shop page<\/p>\n<p>&#8216;<strong>account&#8217;<\/strong> Goes to My Account Page<\/p>\n<p>&#8216;<strong>checkout&#8217;<\/strong> Goes to Checkout page<\/p>\n<p>&#8216;<strong>blog&#8217;<\/strong> Goes to blog page<\/p>\n\t\t<\/div>\n\t\t\t\t\t<\/div>\n\n\t\n\n\t<div id=\"col-121207887\" class=\"col medium-4 small-12 large-4\"  >\n\t\t\t\t<div class=\"col-inner\"  >\n\t\t\t\n\t\t\t\n<p>&#8216;<strong>home<\/strong>&#8216; Goes to homepage<\/p>\n<p><strong>&#8216;wishlist<\/strong>&#8216; Goes to wishlist page<\/p>\n<p>&#8216;<strong>Page Title<\/strong>&#8216; Goes to page by Title.<\/p>\n\t\t<\/div>\n\t\t\t\t\t<\/div>\n\n\t\n<\/div>\n","protected":false},"excerpt":{"rendered":"","protected":false},"author":1,"featured_media":1001,"parent":1265,"menu_order":6,"comment_status":"closed","ping_status":"closed","template":"page-blank.php","meta":{"footnotes":""},"class_list":["post-1255","page","type-page","status-publish","has-post-thumbnail","hentry"],"acf":[],"yoast_head":"<!-- This site is optimized with the Yoast SEO plugin v26.5 - https:\/\/yoast.com\/wordpress\/plugins\/seo\/ -->\n<title>Buttons - CMS-LOGITECH<\/title>\n<meta name=\"robots\" content=\"index, follow, max-snippet:-1, max-image-preview:large, max-video-preview:-1\" \/>\n<link rel=\"canonical\" href=\"https:\/\/logitech.cms.com.vn\/en\/elements\/buttons\/\" \/>\n<meta property=\"og:locale\" content=\"en_US\" \/>\n<meta property=\"og:type\" content=\"article\" \/>\n<meta property=\"og:title\" content=\"Buttons - CMS-LOGITECH\" \/>\n<meta property=\"og:url\" content=\"https:\/\/logitech.cms.com.vn\/en\/elements\/buttons\/\" \/>\n<meta property=\"og:site_name\" content=\"CMS-LOGITECH\" \/>\n<meta property=\"article:publisher\" content=\"https:\/\/www.facebook.com\/CMSCo.Ltd\" \/>\n<meta property=\"og:image\" content=\"https:\/\/logitech.cms.com.vn\/wp-content\/uploads\/2016\/08\/dummy-1-1.jpg\" \/>\n\t<meta property=\"og:image:width\" content=\"400\" \/>\n\t<meta property=\"og:image:height\" content=\"260\" \/>\n\t<meta property=\"og:image:type\" content=\"image\/jpeg\" \/>\n<meta name=\"twitter:card\" content=\"summary_large_image\" \/>\n<meta name=\"twitter:label1\" content=\"Est. reading time\" \/>\n\t<meta name=\"twitter:data1\" content=\"3 minutes\" \/>\n<script type=\"application\/ld+json\" class=\"yoast-schema-graph\">{\"@context\":\"https:\/\/schema.org\",\"@graph\":[{\"@type\":\"WebPage\",\"@id\":\"https:\/\/logitech.cms.com.vn\/en\/elements\/buttons\/\",\"url\":\"https:\/\/logitech.cms.com.vn\/en\/elements\/buttons\/\",\"name\":\"Buttons - CMS-LOGITECH\",\"isPartOf\":{\"@id\":\"https:\/\/logitech.cms.com.vn\/en\/#website\"},\"primaryImageOfPage\":{\"@id\":\"https:\/\/logitech.cms.com.vn\/en\/elements\/buttons\/#primaryimage\"},\"image\":{\"@id\":\"https:\/\/logitech.cms.com.vn\/en\/elements\/buttons\/#primaryimage\"},\"thumbnailUrl\":\"https:\/\/logitech.cms.com.vn\/wp-content\/uploads\/2016\/08\/dummy-1-1.jpg\",\"datePublished\":\"2013-08-11T19:54:47+00:00\",\"breadcrumb\":{\"@id\":\"https:\/\/logitech.cms.com.vn\/en\/elements\/buttons\/#breadcrumb\"},\"inLanguage\":\"en-US\",\"potentialAction\":[{\"@type\":\"ReadAction\",\"target\":[\"https:\/\/logitech.cms.com.vn\/en\/elements\/buttons\/\"]}]},{\"@type\":\"ImageObject\",\"inLanguage\":\"en-US\",\"@id\":\"https:\/\/logitech.cms.com.vn\/en\/elements\/buttons\/#primaryimage\",\"url\":\"https:\/\/logitech.cms.com.vn\/wp-content\/uploads\/2016\/08\/dummy-1-1.jpg\",\"contentUrl\":\"https:\/\/logitech.cms.com.vn\/wp-content\/uploads\/2016\/08\/dummy-1-1.jpg\",\"width\":400,\"height\":260},{\"@type\":\"BreadcrumbList\",\"@id\":\"https:\/\/logitech.cms.com.vn\/en\/elements\/buttons\/#breadcrumb\",\"itemListElement\":[{\"@type\":\"ListItem\",\"position\":1,\"name\":\"Home\",\"item\":\"https:\/\/logitech.cms.com.vn\/en\/\"},{\"@type\":\"ListItem\",\"position\":2,\"name\":\"Elements\",\"item\":\"https:\/\/logitech.cms.com.vn\/en\/elements\/\"},{\"@type\":\"ListItem\",\"position\":3,\"name\":\"Buttons\"}]},{\"@type\":\"WebSite\",\"@id\":\"https:\/\/logitech.cms.com.vn\/en\/#website\",\"url\":\"https:\/\/logitech.cms.com.vn\/en\/\",\"name\":\"CMS X LOGITECH\",\"description\":\"L\u00e0 nh\u00e0 ph\u00e2n ph\u1ed1i chi\u1ebfn l\u01b0\u1ee3c c\u1ee7a Logitech t\u1ea1i Vi\u1ec7t Nam, C\u00f4ng ty TNHH S\u1ea3n xu\u1ea5t v\u00e0 D\u1ecbch v\u1ee5 CMC (CMS) t\u1ef1 h\u00e0o mang \u0111\u1ebfn cho th\u1ecb tr\u01b0\u1eddng nh\u1eefng gi\u1ea3i ph\u00e1p h\u1ed9i h\u1ecdp ch\u00ednh h\u00e3ng, t\u1ed1i \u01b0u cho doanh nghi\u1ec7p thu\u1ed9c m\u1ecdi quy m\u00f4, t\u1eeb startup n\u0103ng \u0111\u1ed9ng \u0111\u1ebfn t\u1eadp \u0111o\u00e0n \u0111a qu\u1ed1c gia.\",\"publisher\":{\"@id\":\"https:\/\/logitech.cms.com.vn\/en\/#organization\"},\"alternateName\":\"C\u00f4ng ty TNHH S\u1ea3n xu\u1ea5t v\u00e0 D\u1ecbch v\u1ee5 CMC\",\"potentialAction\":[{\"@type\":\"SearchAction\",\"target\":{\"@type\":\"EntryPoint\",\"urlTemplate\":\"https:\/\/logitech.cms.com.vn\/en\/?s={search_term_string}\"},\"query-input\":{\"@type\":\"PropertyValueSpecification\",\"valueRequired\":true,\"valueName\":\"search_term_string\"}}],\"inLanguage\":\"en-US\"},{\"@type\":\"Organization\",\"@id\":\"https:\/\/logitech.cms.com.vn\/en\/#organization\",\"name\":\"CMS X LOGITECH\",\"alternateName\":\"C\u00f4ng ty TNHH S\u1ea3n xu\u1ea5t v\u00e0 D\u1ecbch v\u1ee5 CMC\",\"url\":\"https:\/\/logitech.cms.com.vn\/en\/\",\"logo\":{\"@type\":\"ImageObject\",\"inLanguage\":\"en-US\",\"@id\":\"https:\/\/logitech.cms.com.vn\/en\/#\/schema\/logo\/image\/\",\"url\":\"https:\/\/logitech.cms.com.vn\/wp-content\/uploads\/2026\/03\/Logitech_idrFIUkALf_3.png\",\"contentUrl\":\"https:\/\/logitech.cms.com.vn\/wp-content\/uploads\/2026\/03\/Logitech_idrFIUkALf_3.png\",\"width\":400,\"height\":400,\"caption\":\"CMS X LOGITECH\"},\"image\":{\"@id\":\"https:\/\/logitech.cms.com.vn\/en\/#\/schema\/logo\/image\/\"},\"sameAs\":[\"https:\/\/www.facebook.com\/CMSCo.Ltd\"]}]}<\/script>\n<!-- \/ Yoast SEO plugin. -->","yoast_head_json":{"title":"Buttons - CMS-LOGITECH","robots":{"index":"index","follow":"follow","max-snippet":"max-snippet:-1","max-image-preview":"max-image-preview:large","max-video-preview":"max-video-preview:-1"},"canonical":"https:\/\/logitech.cms.com.vn\/en\/elements\/buttons\/","og_locale":"en_US","og_type":"article","og_title":"Buttons - CMS-LOGITECH","og_url":"https:\/\/logitech.cms.com.vn\/en\/elements\/buttons\/","og_site_name":"CMS-LOGITECH","article_publisher":"https:\/\/www.facebook.com\/CMSCo.Ltd","og_image":[{"width":400,"height":260,"url":"https:\/\/logitech.cms.com.vn\/wp-content\/uploads\/2016\/08\/dummy-1-1.jpg","type":"image\/jpeg"}],"twitter_card":"summary_large_image","twitter_misc":{"Est. reading time":"3 minutes"},"schema":{"@context":"https:\/\/schema.org","@graph":[{"@type":"WebPage","@id":"https:\/\/logitech.cms.com.vn\/en\/elements\/buttons\/","url":"https:\/\/logitech.cms.com.vn\/en\/elements\/buttons\/","name":"Buttons - CMS-LOGITECH","isPartOf":{"@id":"https:\/\/logitech.cms.com.vn\/en\/#website"},"primaryImageOfPage":{"@id":"https:\/\/logitech.cms.com.vn\/en\/elements\/buttons\/#primaryimage"},"image":{"@id":"https:\/\/logitech.cms.com.vn\/en\/elements\/buttons\/#primaryimage"},"thumbnailUrl":"https:\/\/logitech.cms.com.vn\/wp-content\/uploads\/2016\/08\/dummy-1-1.jpg","datePublished":"2013-08-11T19:54:47+00:00","breadcrumb":{"@id":"https:\/\/logitech.cms.com.vn\/en\/elements\/buttons\/#breadcrumb"},"inLanguage":"en-US","potentialAction":[{"@type":"ReadAction","target":["https:\/\/logitech.cms.com.vn\/en\/elements\/buttons\/"]}]},{"@type":"ImageObject","inLanguage":"en-US","@id":"https:\/\/logitech.cms.com.vn\/en\/elements\/buttons\/#primaryimage","url":"https:\/\/logitech.cms.com.vn\/wp-content\/uploads\/2016\/08\/dummy-1-1.jpg","contentUrl":"https:\/\/logitech.cms.com.vn\/wp-content\/uploads\/2016\/08\/dummy-1-1.jpg","width":400,"height":260},{"@type":"BreadcrumbList","@id":"https:\/\/logitech.cms.com.vn\/en\/elements\/buttons\/#breadcrumb","itemListElement":[{"@type":"ListItem","position":1,"name":"Home","item":"https:\/\/logitech.cms.com.vn\/en\/"},{"@type":"ListItem","position":2,"name":"Elements","item":"https:\/\/logitech.cms.com.vn\/en\/elements\/"},{"@type":"ListItem","position":3,"name":"Buttons"}]},{"@type":"WebSite","@id":"https:\/\/logitech.cms.com.vn\/en\/#website","url":"https:\/\/logitech.cms.com.vn\/en\/","name":"CMS X LOGITECH","description":"L\u00e0 nh\u00e0 ph\u00e2n ph\u1ed1i chi\u1ebfn l\u01b0\u1ee3c c\u1ee7a Logitech t\u1ea1i Vi\u1ec7t Nam, C\u00f4ng ty TNHH S\u1ea3n xu\u1ea5t v\u00e0 D\u1ecbch v\u1ee5 CMC (CMS) t\u1ef1 h\u00e0o mang \u0111\u1ebfn cho th\u1ecb tr\u01b0\u1eddng nh\u1eefng gi\u1ea3i ph\u00e1p h\u1ed9i h\u1ecdp ch\u00ednh h\u00e3ng, t\u1ed1i \u01b0u cho doanh nghi\u1ec7p thu\u1ed9c m\u1ecdi quy m\u00f4, t\u1eeb startup n\u0103ng \u0111\u1ed9ng \u0111\u1ebfn t\u1eadp \u0111o\u00e0n \u0111a qu\u1ed1c gia.","publisher":{"@id":"https:\/\/logitech.cms.com.vn\/en\/#organization"},"alternateName":"C\u00f4ng ty TNHH S\u1ea3n xu\u1ea5t v\u00e0 D\u1ecbch v\u1ee5 CMC","potentialAction":[{"@type":"SearchAction","target":{"@type":"EntryPoint","urlTemplate":"https:\/\/logitech.cms.com.vn\/en\/?s={search_term_string}"},"query-input":{"@type":"PropertyValueSpecification","valueRequired":true,"valueName":"search_term_string"}}],"inLanguage":"en-US"},{"@type":"Organization","@id":"https:\/\/logitech.cms.com.vn\/en\/#organization","name":"CMS X LOGITECH","alternateName":"C\u00f4ng ty TNHH S\u1ea3n xu\u1ea5t v\u00e0 D\u1ecbch v\u1ee5 CMC","url":"https:\/\/logitech.cms.com.vn\/en\/","logo":{"@type":"ImageObject","inLanguage":"en-US","@id":"https:\/\/logitech.cms.com.vn\/en\/#\/schema\/logo\/image\/","url":"https:\/\/logitech.cms.com.vn\/wp-content\/uploads\/2026\/03\/Logitech_idrFIUkALf_3.png","contentUrl":"https:\/\/logitech.cms.com.vn\/wp-content\/uploads\/2026\/03\/Logitech_idrFIUkALf_3.png","width":400,"height":400,"caption":"CMS X LOGITECH"},"image":{"@id":"https:\/\/logitech.cms.com.vn\/en\/#\/schema\/logo\/image\/"},"sameAs":["https:\/\/www.facebook.com\/CMSCo.Ltd"]}]}},"_links":{"self":[{"href":"https:\/\/logitech.cms.com.vn\/en\/wp-json\/wp\/v2\/pages\/1255","targetHints":{"allow":["GET"]}}],"collection":[{"href":"https:\/\/logitech.cms.com.vn\/en\/wp-json\/wp\/v2\/pages"}],"about":[{"href":"https:\/\/logitech.cms.com.vn\/en\/wp-json\/wp\/v2\/types\/page"}],"author":[{"embeddable":true,"href":"https:\/\/logitech.cms.com.vn\/en\/wp-json\/wp\/v2\/users\/1"}],"replies":[{"embeddable":true,"href":"https:\/\/logitech.cms.com.vn\/en\/wp-json\/wp\/v2\/comments?post=1255"}],"version-history":[{"count":0,"href":"https:\/\/logitech.cms.com.vn\/en\/wp-json\/wp\/v2\/pages\/1255\/revisions"}],"up":[{"embeddable":true,"href":"https:\/\/logitech.cms.com.vn\/en\/wp-json\/wp\/v2\/pages\/1265"}],"wp:featuredmedia":[{"embeddable":true,"href":"https:\/\/logitech.cms.com.vn\/en\/wp-json\/wp\/v2\/media\/1001"}],"wp:attachment":[{"href":"https:\/\/logitech.cms.com.vn\/en\/wp-json\/wp\/v2\/media?parent=1255"}],"curies":[{"name":"wp","href":"https:\/\/api.w.org\/{rel}","templated":true}]}}