{"id":1250,"date":"2013-08-18T14:46:20","date_gmt":"2013-08-18T14:46:20","guid":{"rendered":"https:\/\/logitech.cms.com.vn\/icon-box\/"},"modified":"2013-08-18T14:46:20","modified_gmt":"2013-08-18T14:46:20","slug":"icon-box","status":"publish","type":"page","link":"https:\/\/logitech.cms.com.vn\/en\/elements\/icon-box\/","title":{"rendered":"Icon Box"},"content":{"rendered":"\n  <div class=\"banner has-hover\" id=\"banner-214193123\">\n          <div class=\"banner-inner fill\">\n        <div class=\"banner-bg fill\" >\n            <img decoding=\"async\" width=\"1000\" height=\"650\" src=\"https:\/\/logitech.cms.com.vn\/wp-content\/uploads\/2016\/08\/dummy-2-1.jpg\" class=\"bg attachment-original size-original\" alt=\"\" \/>                        <div class=\"overlay\"><\/div>            \n                    <\/div>\n\t\t\n        <div class=\"banner-layers container\">\n            <div class=\"fill banner-link\"><\/div>            \n   <div id=\"text-box-235023457\" class=\"text-box banner-layer x50 md-x50 lg-x50 y50 md-y50 lg-y50 res-text\">\n                                <div class=\"text-box-content text dark\">\n              \n              <div class=\"text-inner text-center\">\n                  \n<h3 class=\"uppercase\"><strong>ICON BOX ELEMENT<\/strong><\/h3>\n<p class=\"lead\">Create simple icon boxes with this element. Upload any SVG icon or image. You can find beautiful SVG icons here:\u00a0<\/p>\n              <\/div>\n           <\/div>\n                            \n<style>\n#text-box-235023457 {\n  width: 60%;\n}\n#text-box-235023457 .text-box-content {\n  font-size: 100%;\n}\n<\/style>\n    <\/div>\n \n        <\/div>\n      <\/div>\n\n            \n<style>\n#banner-214193123 {\n  padding-top: 500px;\n}\n#banner-214193123 .overlay {\n  background-color: rgba(0, 0, 0, 0.12);\n}\n<\/style>\n  <\/div>\n\n\n<div class=\"container section-title-container\" ><h3 class=\"section-title section-title-center\"><b aria-hidden=\"true\"><\/b><span class=\"section-title-main\" >Top Align<\/span><b aria-hidden=\"true\"><\/b><\/h3><\/div>\n<div class=\"row\"  id=\"row-1469050188\">\n\n\t<div id=\"col-333372117\" class=\"col medium-4 small-12 large-4\"  >\n\t\t\t\t<div class=\"col-inner\"  >\n\t\t\t\n\t\t\t\n\n\t\t<div class=\"icon-box featured-box icon-box-center text-center\"  style=\"margin:px px px px;\">\n\t\t\t\t\t<div class=\"icon-box-img\" style=\"width: 60px\">\n\t\t\t\t<div class=\"icon\">\n\t\t\t\t\t<div class=\"icon-inner\" >\n\t\t\t\t\t\t<img decoding=\"async\" width=\"300\" height=\"195\" src=\"https:\/\/logitech.cms.com.vn\/wp-content\/uploads\/2016\/08\/dummy-1-1-300x195.jpg\" class=\"attachment-medium size-medium\" alt=\"\" srcset=\"https:\/\/logitech.cms.com.vn\/wp-content\/uploads\/2016\/08\/dummy-1-1-300x195.jpg 300w, https:\/\/logitech.cms.com.vn\/wp-content\/uploads\/2016\/08\/dummy-1-1.jpg 400w\" sizes=\"(max-width: 300px) 100vw, 300px\" \/>\t\t\t\t\t<\/div>\n\t\t\t\t<\/div>\n\t\t\t<\/div>\n\t\t\t\t<div class=\"icon-box-text last-reset\">\n\t\t\t\t\t\t\t\t\t\n<h3>Lorem ipsum dolor sit amet<\/h3>\n<p>Lorem ipsum dolor sit amet, consectetuer adipiscing elit, sed diam nonummy nibh euismod tincidunt ut laoreet dolore magna aliquam erat volutpat&#8230;.<\/p>\n\t\t<\/div>\n\t<\/div>\n\t\n\t\n\t\t<\/div>\n\t\t\t\t\t<\/div>\n\n\t\n\n\t<div id=\"col-464750296\" class=\"col medium-4 small-12 large-4\"  >\n\t\t\t\t<div class=\"col-inner\"  >\n\t\t\t\n\t\t\t\n\n\t\t<div class=\"icon-box featured-box icon-box-center text-center\"  style=\"margin:px px px px;\">\n\t\t\t\t\t<div class=\"icon-box-img\" style=\"width: 60px\">\n\t\t\t\t<div class=\"icon\">\n\t\t\t\t\t<div class=\"icon-inner\" >\n\t\t\t\t\t\t<img decoding=\"async\" width=\"300\" height=\"195\" src=\"https:\/\/logitech.cms.com.vn\/wp-content\/uploads\/2016\/08\/dummy-1-1-300x195.jpg\" class=\"attachment-medium size-medium\" alt=\"\" srcset=\"https:\/\/logitech.cms.com.vn\/wp-content\/uploads\/2016\/08\/dummy-1-1-300x195.jpg 300w, https:\/\/logitech.cms.com.vn\/wp-content\/uploads\/2016\/08\/dummy-1-1.jpg 400w\" sizes=\"(max-width: 300px) 100vw, 300px\" \/>\t\t\t\t\t<\/div>\n\t\t\t\t<\/div>\n\t\t\t<\/div>\n\t\t\t\t<div class=\"icon-box-text last-reset\">\n\t\t\t\t\t\t\t\t\t\n<h3>Lorem ipsum dolor sit amet<\/h3>\n<p>Lorem ipsum dolor sit amet, consectetuer adipiscing elit, sed diam nonummy nibh euismod tincidunt ut laoreet dolore magna aliquam erat volutpat&#8230;.<\/p>\n\t\t<\/div>\n\t<\/div>\n\t\n\t\n\t\t<\/div>\n\t\t\t\t\t<\/div>\n\n\t\n\n\t<div id=\"col-543336132\" class=\"col medium-4 small-12 large-4\"  >\n\t\t\t\t<div class=\"col-inner\"  >\n\t\t\t\n\t\t\t\n\n\t\t<div class=\"icon-box featured-box icon-box-center text-center\"  style=\"margin:px px px px;\">\n\t\t\t\t\t<div class=\"icon-box-img\" style=\"width: 60px\">\n\t\t\t\t<div class=\"icon\">\n\t\t\t\t\t<div class=\"icon-inner\" >\n\t\t\t\t\t\t<img decoding=\"async\" width=\"300\" height=\"195\" src=\"https:\/\/logitech.cms.com.vn\/wp-content\/uploads\/2016\/08\/dummy-1-1-300x195.jpg\" class=\"attachment-medium size-medium\" alt=\"\" srcset=\"https:\/\/logitech.cms.com.vn\/wp-content\/uploads\/2016\/08\/dummy-1-1-300x195.jpg 300w, https:\/\/logitech.cms.com.vn\/wp-content\/uploads\/2016\/08\/dummy-1-1.jpg 400w\" sizes=\"(max-width: 300px) 100vw, 300px\" \/>\t\t\t\t\t<\/div>\n\t\t\t\t<\/div>\n\t\t\t<\/div>\n\t\t\t\t<div class=\"icon-box-text last-reset\">\n\t\t\t\t\t\t\t\t\t\n<h3>Lorem ipsum dolor sit amet<\/h3>\n<p>Lorem ipsum dolor sit amet, consectetuer adipiscing elit, sed diam nonummy nibh euismod tincidunt ut laoreet dolore magna aliquam erat volutpat&#8230;.<\/p>\n\t\t<\/div>\n\t<\/div>\n\t\n\t\n\t\t<\/div>\n\t\t\t\t\t<\/div>\n\n\t\n<\/div>\n<div class=\"container section-title-container\" ><h3 class=\"section-title section-title-center\"><b aria-hidden=\"true\"><\/b><span class=\"section-title-main\" >Top Align with border<\/span><b aria-hidden=\"true\"><\/b><\/h3><\/div>\n<div class=\"row\"  id=\"row-1459654168\">\n\n\t<div id=\"col-224009610\" class=\"col medium-4 small-12 large-4\"  >\n\t\t\t\t<div class=\"col-inner\"  >\n\t\t\t\n\t\t\t\n\n\t\t<div class=\"icon-box featured-box icon-box-center text-center\"  style=\"margin:px px px px;\">\n\t\t\t\t\t<div class=\"icon-box-img has-icon-bg\" style=\"width: 60px\">\n\t\t\t\t<div class=\"icon\">\n\t\t\t\t\t<div class=\"icon-inner\" style=\"border-width:3px;\">\n\t\t\t\t\t\t<img decoding=\"async\" width=\"300\" height=\"195\" src=\"https:\/\/logitech.cms.com.vn\/wp-content\/uploads\/2016\/08\/dummy-1-1-300x195.jpg\" class=\"attachment-medium size-medium\" alt=\"\" srcset=\"https:\/\/logitech.cms.com.vn\/wp-content\/uploads\/2016\/08\/dummy-1-1-300x195.jpg 300w, https:\/\/logitech.cms.com.vn\/wp-content\/uploads\/2016\/08\/dummy-1-1.jpg 400w\" sizes=\"(max-width: 300px) 100vw, 300px\" \/>\t\t\t\t\t<\/div>\n\t\t\t\t<\/div>\n\t\t\t<\/div>\n\t\t\t\t<div class=\"icon-box-text last-reset\">\n\t\t\t\t\t\t\t\t\t\n<h3>Lorem ipsum dolor sit amet<\/h3>\n<p>Lorem ipsum dolor sit amet, consectetuer adipiscing elit, sed diam nonummy nibh euismod tincidunt ut laoreet dolore magna aliquam erat volutpat&#8230;.<\/p>\n\t\t<\/div>\n\t<\/div>\n\t\n\t\n\t\t<\/div>\n\t\t\t\t\t<\/div>\n\n\t\n\n\t<div id=\"col-1938015391\" class=\"col medium-4 small-12 large-4\"  >\n\t\t\t\t<div class=\"col-inner\"  >\n\t\t\t\n\t\t\t\n\n\t\t<div class=\"icon-box featured-box icon-box-center text-center\"  style=\"margin:px px px px;\">\n\t\t\t\t\t<div class=\"icon-box-img has-icon-bg\" style=\"width: 60px\">\n\t\t\t\t<div class=\"icon\">\n\t\t\t\t\t<div class=\"icon-inner\" style=\"border-width:3px;\">\n\t\t\t\t\t\t<img decoding=\"async\" width=\"300\" height=\"195\" src=\"https:\/\/logitech.cms.com.vn\/wp-content\/uploads\/2016\/08\/dummy-1-1-300x195.jpg\" class=\"attachment-medium size-medium\" alt=\"\" srcset=\"https:\/\/logitech.cms.com.vn\/wp-content\/uploads\/2016\/08\/dummy-1-1-300x195.jpg 300w, https:\/\/logitech.cms.com.vn\/wp-content\/uploads\/2016\/08\/dummy-1-1.jpg 400w\" sizes=\"(max-width: 300px) 100vw, 300px\" \/>\t\t\t\t\t<\/div>\n\t\t\t\t<\/div>\n\t\t\t<\/div>\n\t\t\t\t<div class=\"icon-box-text last-reset\">\n\t\t\t\t\t\t\t\t\t\n<h3>Lorem ipsum dolor sit amet<\/h3>\n<p>Lorem ipsum dolor sit amet, consectetuer adipiscing elit, sed diam nonummy nibh euismod tincidunt ut laoreet dolore magna aliquam erat volutpat&#8230;.<\/p>\n\t\t<\/div>\n\t<\/div>\n\t\n\t\n\t\t<\/div>\n\t\t\t\t\t<\/div>\n\n\t\n\n\t<div id=\"col-413979613\" class=\"col medium-4 small-12 large-4\"  >\n\t\t\t\t<div class=\"col-inner\"  >\n\t\t\t\n\t\t\t\n\n\t\t<div class=\"icon-box featured-box icon-box-center text-center\"  style=\"margin:px px px px;\">\n\t\t\t\t\t<div class=\"icon-box-img has-icon-bg\" style=\"width: 60px\">\n\t\t\t\t<div class=\"icon\">\n\t\t\t\t\t<div class=\"icon-inner\" style=\"border-width:3px;\">\n\t\t\t\t\t\t<img decoding=\"async\" width=\"300\" height=\"195\" src=\"https:\/\/logitech.cms.com.vn\/wp-content\/uploads\/2016\/08\/dummy-1-1-300x195.jpg\" class=\"attachment-medium size-medium\" alt=\"\" srcset=\"https:\/\/logitech.cms.com.vn\/wp-content\/uploads\/2016\/08\/dummy-1-1-300x195.jpg 300w, https:\/\/logitech.cms.com.vn\/wp-content\/uploads\/2016\/08\/dummy-1-1.jpg 400w\" sizes=\"(max-width: 300px) 100vw, 300px\" \/>\t\t\t\t\t<\/div>\n\t\t\t\t<\/div>\n\t\t\t<\/div>\n\t\t\t\t<div class=\"icon-box-text last-reset\">\n\t\t\t\t\t\t\t\t\t\n<h3>Lorem ipsum dolor sit amet<\/h3>\n<p>Lorem ipsum dolor sit amet, consectetuer adipiscing elit, sed diam nonummy nibh euismod tincidunt ut laoreet dolore magna aliquam erat volutpat&#8230;.<\/p>\n\t\t<\/div>\n\t<\/div>\n\t\n\t\n\t\t<\/div>\n\t\t\t\t\t<\/div>\n\n\t\n<\/div>\n<div class=\"container section-title-container\" ><h3 class=\"section-title section-title-center\"><b aria-hidden=\"true\"><\/b><span class=\"section-title-main\" >Left Align<\/span><b aria-hidden=\"true\"><\/b><\/h3><\/div>\n<div class=\"row\"  id=\"row-1563659108\">\n\n\t<div id=\"col-1213279974\" class=\"col medium-4 small-12 large-4\"  >\n\t\t\t\t<div class=\"col-inner\"  >\n\t\t\t\n\t\t\t\n\n\t\t<div class=\"icon-box featured-box icon-box-left text-left\"  style=\"margin:px px px px;\">\n\t\t\t\t\t<div class=\"icon-box-img\" style=\"width: 35px\">\n\t\t\t\t<div class=\"icon\">\n\t\t\t\t\t<div class=\"icon-inner\" >\n\t\t\t\t\t\t<img decoding=\"async\" width=\"300\" height=\"195\" src=\"https:\/\/logitech.cms.com.vn\/wp-content\/uploads\/2016\/08\/dummy-1-1-300x195.jpg\" class=\"attachment-medium size-medium\" alt=\"\" srcset=\"https:\/\/logitech.cms.com.vn\/wp-content\/uploads\/2016\/08\/dummy-1-1-300x195.jpg 300w, https:\/\/logitech.cms.com.vn\/wp-content\/uploads\/2016\/08\/dummy-1-1.jpg 400w\" sizes=\"(max-width: 300px) 100vw, 300px\" \/>\t\t\t\t\t<\/div>\n\t\t\t\t<\/div>\n\t\t\t<\/div>\n\t\t\t\t<div class=\"icon-box-text last-reset\">\n\t\t\t\t\t\t\t\t\t\n<h3 class=\"uppercase\">Lorem ipsum dolor sit amet<\/h3>\n<p>Lorem ipsum dolor sit amet, consectetuer adipiscing elit, sed diam nonummy nibh euismod tincidunt ut laoreet dolore magna aliquam erat volutpat&#8230;.<\/p>\n\t\t<\/div>\n\t<\/div>\n\t\n\t\n\t\t<\/div>\n\t\t\t\t\t<\/div>\n\n\t\n\n\t<div id=\"col-1615908842\" class=\"col medium-4 small-12 large-4\"  >\n\t\t\t\t<div class=\"col-inner\"  >\n\t\t\t\n\t\t\t\n\n\t\t<div class=\"icon-box featured-box icon-box-left text-left\"  style=\"margin:px px px px;\">\n\t\t\t\t\t<div class=\"icon-box-img\" style=\"width: 35px\">\n\t\t\t\t<div class=\"icon\">\n\t\t\t\t\t<div class=\"icon-inner\" >\n\t\t\t\t\t\t<img decoding=\"async\" width=\"300\" height=\"195\" src=\"https:\/\/logitech.cms.com.vn\/wp-content\/uploads\/2016\/08\/dummy-1-1-300x195.jpg\" class=\"attachment-medium size-medium\" alt=\"\" srcset=\"https:\/\/logitech.cms.com.vn\/wp-content\/uploads\/2016\/08\/dummy-1-1-300x195.jpg 300w, https:\/\/logitech.cms.com.vn\/wp-content\/uploads\/2016\/08\/dummy-1-1.jpg 400w\" sizes=\"(max-width: 300px) 100vw, 300px\" \/>\t\t\t\t\t<\/div>\n\t\t\t\t<\/div>\n\t\t\t<\/div>\n\t\t\t\t<div class=\"icon-box-text last-reset\">\n\t\t\t\t\t\t\t\t\t\n<h3 class=\"uppercase\">Lorem ipsum dolor sit amet<\/h3>\n<p>Lorem ipsum dolor sit amet, consectetuer adipiscing elit, sed diam nonummy nibh euismod tincidunt ut laoreet dolore magna aliquam erat volutpat&#8230;.<\/p>\n\t\t<\/div>\n\t<\/div>\n\t\n\t\n\t\t<\/div>\n\t\t\t\t\t<\/div>\n\n\t\n\n\t<div id=\"col-1566887838\" class=\"col medium-4 small-12 large-4\"  >\n\t\t\t\t<div class=\"col-inner\"  >\n\t\t\t\n\t\t\t\n\n\t\t<div class=\"icon-box featured-box icon-box-left text-left\"  style=\"margin:px px px px;\">\n\t\t\t\t\t<div class=\"icon-box-img\" style=\"width: 35px\">\n\t\t\t\t<div class=\"icon\">\n\t\t\t\t\t<div class=\"icon-inner\" >\n\t\t\t\t\t\t<img decoding=\"async\" width=\"300\" height=\"195\" src=\"https:\/\/logitech.cms.com.vn\/wp-content\/uploads\/2016\/08\/dummy-1-1-300x195.jpg\" class=\"attachment-medium size-medium\" alt=\"\" srcset=\"https:\/\/logitech.cms.com.vn\/wp-content\/uploads\/2016\/08\/dummy-1-1-300x195.jpg 300w, https:\/\/logitech.cms.com.vn\/wp-content\/uploads\/2016\/08\/dummy-1-1.jpg 400w\" sizes=\"(max-width: 300px) 100vw, 300px\" \/>\t\t\t\t\t<\/div>\n\t\t\t\t<\/div>\n\t\t\t<\/div>\n\t\t\t\t<div class=\"icon-box-text last-reset\">\n\t\t\t\t\t\t\t\t\t\n<h3 class=\"uppercase\">Lorem ipsum dolor sit amet<\/h3>\n<p>Lorem ipsum dolor sit amet, consectetuer adipiscing elit, sed diam nonummy nibh euismod tincidunt ut laoreet dolore magna aliquam erat volutpat&#8230;.<\/p>\n\t\t<\/div>\n\t<\/div>\n\t\n\t\n\t\t<\/div>\n\t\t\t\t\t<\/div>\n\n\t\n<\/div>\n<div class=\"row\"  id=\"row-1307170544\">\n\n\t<div id=\"col-1035790263\" class=\"col medium-4 small-12 large-4\"  >\n\t\t\t\t<div class=\"col-inner\"  >\n\t\t\t\n\t\t\t\n\n\t\t<div class=\"icon-box featured-box icon-box-left text-left\"  style=\"margin:px px px px;\">\n\t\t\t\t\t<div class=\"icon-box-img has-icon-bg\" style=\"width: 35px\">\n\t\t\t\t<div class=\"icon\">\n\t\t\t\t\t<div class=\"icon-inner\" style=\"border-width:2px;color:rgb(140, 188, 25);\">\n\t\t\t\t\t\t<img decoding=\"async\" width=\"300\" height=\"195\" src=\"https:\/\/logitech.cms.com.vn\/wp-content\/uploads\/2016\/08\/dummy-1-1-300x195.jpg\" class=\"attachment-medium size-medium\" alt=\"\" srcset=\"https:\/\/logitech.cms.com.vn\/wp-content\/uploads\/2016\/08\/dummy-1-1-300x195.jpg 300w, https:\/\/logitech.cms.com.vn\/wp-content\/uploads\/2016\/08\/dummy-1-1.jpg 400w\" sizes=\"(max-width: 300px) 100vw, 300px\" \/>\t\t\t\t\t<\/div>\n\t\t\t\t<\/div>\n\t\t\t<\/div>\n\t\t\t\t<div class=\"icon-box-text last-reset\">\n\t\t\t\t\t\t\t\t\t\n<h3 class=\"uppercase\">Lorem ipsum dolor sit amet<\/h3>\n<p>Lorem ipsum dolor sit amet, consectetuer adipiscing elit, sed diam nonummy nibh euismod tincidunt ut laoreet dolore magna aliquam erat volutpat&#8230;.<\/p>\n\t\t<\/div>\n\t<\/div>\n\t\n\t\n\t\t<\/div>\n\t\t\t\t\t<\/div>\n\n\t\n\n\t<div id=\"col-1184907940\" class=\"col medium-4 small-12 large-4\"  >\n\t\t\t\t<div class=\"col-inner\"  >\n\t\t\t\n\t\t\t\n\n\t\t<div class=\"icon-box featured-box icon-box-left text-left\"  style=\"margin:px px px px;\">\n\t\t\t\t\t<div class=\"icon-box-img has-icon-bg\" style=\"width: 35px\">\n\t\t\t\t<div class=\"icon\">\n\t\t\t\t\t<div class=\"icon-inner\" style=\"border-width:2px;color:rgb(25, 130, 188);\">\n\t\t\t\t\t\t<img decoding=\"async\" width=\"300\" height=\"195\" src=\"https:\/\/logitech.cms.com.vn\/wp-content\/uploads\/2016\/08\/dummy-1-1-300x195.jpg\" class=\"attachment-medium size-medium\" alt=\"\" srcset=\"https:\/\/logitech.cms.com.vn\/wp-content\/uploads\/2016\/08\/dummy-1-1-300x195.jpg 300w, https:\/\/logitech.cms.com.vn\/wp-content\/uploads\/2016\/08\/dummy-1-1.jpg 400w\" sizes=\"(max-width: 300px) 100vw, 300px\" \/>\t\t\t\t\t<\/div>\n\t\t\t\t<\/div>\n\t\t\t<\/div>\n\t\t\t\t<div class=\"icon-box-text last-reset\">\n\t\t\t\t\t\t\t\t\t\n<h3 class=\"uppercase\">Lorem ipsum dolor sit amet<\/h3>\n<p>Lorem ipsum dolor sit amet, consectetuer adipiscing elit, sed diam nonummy nibh euismod tincidunt ut laoreet dolore magna aliquam erat volutpat&#8230;.<\/p>\n\t\t<\/div>\n\t<\/div>\n\t\n\t\n\t\t<\/div>\n\t\t\t\t\t<\/div>\n\n\t\n\n\t<div id=\"col-341813364\" class=\"col medium-4 small-12 large-4\"  >\n\t\t\t\t<div class=\"col-inner\"  >\n\t\t\t\n\t\t\t\n\n\t\t<div class=\"icon-box featured-box icon-box-left text-left\"  style=\"margin:px px px px;\">\n\t\t\t\t\t<div class=\"icon-box-img has-icon-bg\" style=\"width: 35px\">\n\t\t\t\t<div class=\"icon\">\n\t\t\t\t\t<div class=\"icon-inner\" style=\"border-width:2px;color:rgb(188, 69, 25);\">\n\t\t\t\t\t\t<img decoding=\"async\" width=\"300\" height=\"195\" src=\"https:\/\/logitech.cms.com.vn\/wp-content\/uploads\/2016\/08\/dummy-1-1-300x195.jpg\" class=\"attachment-medium size-medium\" alt=\"\" srcset=\"https:\/\/logitech.cms.com.vn\/wp-content\/uploads\/2016\/08\/dummy-1-1-300x195.jpg 300w, https:\/\/logitech.cms.com.vn\/wp-content\/uploads\/2016\/08\/dummy-1-1.jpg 400w\" sizes=\"(max-width: 300px) 100vw, 300px\" \/>\t\t\t\t\t<\/div>\n\t\t\t\t<\/div>\n\t\t\t<\/div>\n\t\t\t\t<div class=\"icon-box-text last-reset\">\n\t\t\t\t\t\t\t\t\t\n<h3 class=\"uppercase\">Lorem ipsum dolor sit amet<\/h3>\n<p>Lorem ipsum dolor sit amet, consectetuer adipiscing elit, sed diam nonummy nibh euismod tincidunt ut laoreet dolore magna aliquam erat volutpat&#8230;.<\/p>\n\t\t<\/div>\n\t<\/div>\n\t\n\t\n\t\t<\/div>\n\t\t\t\t\t<\/div>\n\n\t\n<\/div>\n","protected":false},"excerpt":{"rendered":"","protected":false},"author":1,"featured_media":1001,"parent":1265,"menu_order":14,"comment_status":"closed","ping_status":"closed","template":"page-blank.php","meta":{"footnotes":""},"class_list":["post-1250","page","type-page","status-publish","has-post-thumbnail","hentry"],"acf":[],"yoast_head":"<!-- This site is optimized with the Yoast SEO plugin v26.5 - https:\/\/yoast.com\/wordpress\/plugins\/seo\/ -->\n<title>Icon Box - CMS-LOGITECH<\/title>\n<meta name=\"robots\" content=\"index, follow, max-snippet:-1, max-image-preview:large, max-video-preview:-1\" \/>\n<link rel=\"canonical\" href=\"https:\/\/logitech.cms.com.vn\/en\/elements\/icon-box\/\" \/>\n<meta property=\"og:locale\" content=\"en_US\" \/>\n<meta property=\"og:type\" content=\"article\" \/>\n<meta property=\"og:title\" content=\"Icon Box - CMS-LOGITECH\" \/>\n<meta property=\"og:url\" content=\"https:\/\/logitech.cms.com.vn\/en\/elements\/icon-box\/\" \/>\n<meta property=\"og:site_name\" content=\"CMS-LOGITECH\" \/>\n<meta property=\"article:publisher\" content=\"https:\/\/www.facebook.com\/CMSCo.Ltd\" \/>\n<meta property=\"og:image\" content=\"https:\/\/logitech.cms.com.vn\/wp-content\/uploads\/2016\/08\/dummy-1-1.jpg\" \/>\n\t<meta property=\"og:image:width\" content=\"400\" \/>\n\t<meta property=\"og:image:height\" content=\"260\" \/>\n\t<meta property=\"og:image:type\" content=\"image\/jpeg\" \/>\n<meta name=\"twitter:card\" content=\"summary_large_image\" \/>\n<meta name=\"twitter:label1\" content=\"Est. reading time\" \/>\n\t<meta name=\"twitter:data1\" content=\"3 minutes\" \/>\n<script type=\"application\/ld+json\" class=\"yoast-schema-graph\">{\"@context\":\"https:\/\/schema.org\",\"@graph\":[{\"@type\":\"WebPage\",\"@id\":\"https:\/\/logitech.cms.com.vn\/en\/elements\/icon-box\/\",\"url\":\"https:\/\/logitech.cms.com.vn\/en\/elements\/icon-box\/\",\"name\":\"Icon Box - CMS-LOGITECH\",\"isPartOf\":{\"@id\":\"https:\/\/logitech.cms.com.vn\/en\/#website\"},\"primaryImageOfPage\":{\"@id\":\"https:\/\/logitech.cms.com.vn\/en\/elements\/icon-box\/#primaryimage\"},\"image\":{\"@id\":\"https:\/\/logitech.cms.com.vn\/en\/elements\/icon-box\/#primaryimage\"},\"thumbnailUrl\":\"https:\/\/logitech.cms.com.vn\/wp-content\/uploads\/2016\/08\/dummy-1-1.jpg\",\"datePublished\":\"2013-08-18T14:46:20+00:00\",\"breadcrumb\":{\"@id\":\"https:\/\/logitech.cms.com.vn\/en\/elements\/icon-box\/#breadcrumb\"},\"inLanguage\":\"en-US\",\"potentialAction\":[{\"@type\":\"ReadAction\",\"target\":[\"https:\/\/logitech.cms.com.vn\/en\/elements\/icon-box\/\"]}]},{\"@type\":\"ImageObject\",\"inLanguage\":\"en-US\",\"@id\":\"https:\/\/logitech.cms.com.vn\/en\/elements\/icon-box\/#primaryimage\",\"url\":\"https:\/\/logitech.cms.com.vn\/wp-content\/uploads\/2016\/08\/dummy-1-1.jpg\",\"contentUrl\":\"https:\/\/logitech.cms.com.vn\/wp-content\/uploads\/2016\/08\/dummy-1-1.jpg\",\"width\":400,\"height\":260},{\"@type\":\"BreadcrumbList\",\"@id\":\"https:\/\/logitech.cms.com.vn\/en\/elements\/icon-box\/#breadcrumb\",\"itemListElement\":[{\"@type\":\"ListItem\",\"position\":1,\"name\":\"Home\",\"item\":\"https:\/\/logitech.cms.com.vn\/en\/\"},{\"@type\":\"ListItem\",\"position\":2,\"name\":\"Elements\",\"item\":\"https:\/\/logitech.cms.com.vn\/en\/elements\/\"},{\"@type\":\"ListItem\",\"position\":3,\"name\":\"Icon Box\"}]},{\"@type\":\"WebSite\",\"@id\":\"https:\/\/logitech.cms.com.vn\/en\/#website\",\"url\":\"https:\/\/logitech.cms.com.vn\/en\/\",\"name\":\"CMS X LOGITECH\",\"description\":\"L\u00e0 nh\u00e0 ph\u00e2n ph\u1ed1i chi\u1ebfn l\u01b0\u1ee3c c\u1ee7a Logitech t\u1ea1i Vi\u1ec7t Nam, C\u00f4ng ty TNHH S\u1ea3n xu\u1ea5t v\u00e0 D\u1ecbch v\u1ee5 CMC (CMS) t\u1ef1 h\u00e0o mang \u0111\u1ebfn cho th\u1ecb tr\u01b0\u1eddng nh\u1eefng gi\u1ea3i ph\u00e1p h\u1ed9i h\u1ecdp ch\u00ednh h\u00e3ng, t\u1ed1i \u01b0u cho doanh nghi\u1ec7p thu\u1ed9c m\u1ecdi quy m\u00f4, t\u1eeb startup n\u0103ng \u0111\u1ed9ng \u0111\u1ebfn t\u1eadp \u0111o\u00e0n \u0111a qu\u1ed1c gia.\",\"publisher\":{\"@id\":\"https:\/\/logitech.cms.com.vn\/en\/#organization\"},\"alternateName\":\"C\u00f4ng ty TNHH S\u1ea3n xu\u1ea5t v\u00e0 D\u1ecbch v\u1ee5 CMC\",\"potentialAction\":[{\"@type\":\"SearchAction\",\"target\":{\"@type\":\"EntryPoint\",\"urlTemplate\":\"https:\/\/logitech.cms.com.vn\/en\/?s={search_term_string}\"},\"query-input\":{\"@type\":\"PropertyValueSpecification\",\"valueRequired\":true,\"valueName\":\"search_term_string\"}}],\"inLanguage\":\"en-US\"},{\"@type\":\"Organization\",\"@id\":\"https:\/\/logitech.cms.com.vn\/en\/#organization\",\"name\":\"CMS X LOGITECH\",\"alternateName\":\"C\u00f4ng ty TNHH S\u1ea3n xu\u1ea5t v\u00e0 D\u1ecbch v\u1ee5 CMC\",\"url\":\"https:\/\/logitech.cms.com.vn\/en\/\",\"logo\":{\"@type\":\"ImageObject\",\"inLanguage\":\"en-US\",\"@id\":\"https:\/\/logitech.cms.com.vn\/en\/#\/schema\/logo\/image\/\",\"url\":\"https:\/\/logitech.cms.com.vn\/wp-content\/uploads\/2026\/03\/Logitech_idrFIUkALf_3.png\",\"contentUrl\":\"https:\/\/logitech.cms.com.vn\/wp-content\/uploads\/2026\/03\/Logitech_idrFIUkALf_3.png\",\"width\":400,\"height\":400,\"caption\":\"CMS X LOGITECH\"},\"image\":{\"@id\":\"https:\/\/logitech.cms.com.vn\/en\/#\/schema\/logo\/image\/\"},\"sameAs\":[\"https:\/\/www.facebook.com\/CMSCo.Ltd\"]}]}<\/script>\n<!-- \/ Yoast SEO plugin. -->","yoast_head_json":{"title":"Icon Box - CMS-LOGITECH","robots":{"index":"index","follow":"follow","max-snippet":"max-snippet:-1","max-image-preview":"max-image-preview:large","max-video-preview":"max-video-preview:-1"},"canonical":"https:\/\/logitech.cms.com.vn\/en\/elements\/icon-box\/","og_locale":"en_US","og_type":"article","og_title":"Icon Box - CMS-LOGITECH","og_url":"https:\/\/logitech.cms.com.vn\/en\/elements\/icon-box\/","og_site_name":"CMS-LOGITECH","article_publisher":"https:\/\/www.facebook.com\/CMSCo.Ltd","og_image":[{"width":400,"height":260,"url":"https:\/\/logitech.cms.com.vn\/wp-content\/uploads\/2016\/08\/dummy-1-1.jpg","type":"image\/jpeg"}],"twitter_card":"summary_large_image","twitter_misc":{"Est. reading time":"3 minutes"},"schema":{"@context":"https:\/\/schema.org","@graph":[{"@type":"WebPage","@id":"https:\/\/logitech.cms.com.vn\/en\/elements\/icon-box\/","url":"https:\/\/logitech.cms.com.vn\/en\/elements\/icon-box\/","name":"Icon Box - CMS-LOGITECH","isPartOf":{"@id":"https:\/\/logitech.cms.com.vn\/en\/#website"},"primaryImageOfPage":{"@id":"https:\/\/logitech.cms.com.vn\/en\/elements\/icon-box\/#primaryimage"},"image":{"@id":"https:\/\/logitech.cms.com.vn\/en\/elements\/icon-box\/#primaryimage"},"thumbnailUrl":"https:\/\/logitech.cms.com.vn\/wp-content\/uploads\/2016\/08\/dummy-1-1.jpg","datePublished":"2013-08-18T14:46:20+00:00","breadcrumb":{"@id":"https:\/\/logitech.cms.com.vn\/en\/elements\/icon-box\/#breadcrumb"},"inLanguage":"en-US","potentialAction":[{"@type":"ReadAction","target":["https:\/\/logitech.cms.com.vn\/en\/elements\/icon-box\/"]}]},{"@type":"ImageObject","inLanguage":"en-US","@id":"https:\/\/logitech.cms.com.vn\/en\/elements\/icon-box\/#primaryimage","url":"https:\/\/logitech.cms.com.vn\/wp-content\/uploads\/2016\/08\/dummy-1-1.jpg","contentUrl":"https:\/\/logitech.cms.com.vn\/wp-content\/uploads\/2016\/08\/dummy-1-1.jpg","width":400,"height":260},{"@type":"BreadcrumbList","@id":"https:\/\/logitech.cms.com.vn\/en\/elements\/icon-box\/#breadcrumb","itemListElement":[{"@type":"ListItem","position":1,"name":"Home","item":"https:\/\/logitech.cms.com.vn\/en\/"},{"@type":"ListItem","position":2,"name":"Elements","item":"https:\/\/logitech.cms.com.vn\/en\/elements\/"},{"@type":"ListItem","position":3,"name":"Icon Box"}]},{"@type":"WebSite","@id":"https:\/\/logitech.cms.com.vn\/en\/#website","url":"https:\/\/logitech.cms.com.vn\/en\/","name":"CMS X LOGITECH","description":"L\u00e0 nh\u00e0 ph\u00e2n ph\u1ed1i chi\u1ebfn l\u01b0\u1ee3c c\u1ee7a Logitech t\u1ea1i Vi\u1ec7t Nam, C\u00f4ng ty TNHH S\u1ea3n xu\u1ea5t v\u00e0 D\u1ecbch v\u1ee5 CMC (CMS) t\u1ef1 h\u00e0o mang \u0111\u1ebfn cho th\u1ecb tr\u01b0\u1eddng nh\u1eefng gi\u1ea3i ph\u00e1p h\u1ed9i h\u1ecdp ch\u00ednh h\u00e3ng, t\u1ed1i \u01b0u cho doanh nghi\u1ec7p thu\u1ed9c m\u1ecdi quy m\u00f4, t\u1eeb startup n\u0103ng \u0111\u1ed9ng \u0111\u1ebfn t\u1eadp \u0111o\u00e0n \u0111a qu\u1ed1c gia.","publisher":{"@id":"https:\/\/logitech.cms.com.vn\/en\/#organization"},"alternateName":"C\u00f4ng ty TNHH S\u1ea3n xu\u1ea5t v\u00e0 D\u1ecbch v\u1ee5 CMC","potentialAction":[{"@type":"SearchAction","target":{"@type":"EntryPoint","urlTemplate":"https:\/\/logitech.cms.com.vn\/en\/?s={search_term_string}"},"query-input":{"@type":"PropertyValueSpecification","valueRequired":true,"valueName":"search_term_string"}}],"inLanguage":"en-US"},{"@type":"Organization","@id":"https:\/\/logitech.cms.com.vn\/en\/#organization","name":"CMS X LOGITECH","alternateName":"C\u00f4ng ty TNHH S\u1ea3n xu\u1ea5t v\u00e0 D\u1ecbch v\u1ee5 CMC","url":"https:\/\/logitech.cms.com.vn\/en\/","logo":{"@type":"ImageObject","inLanguage":"en-US","@id":"https:\/\/logitech.cms.com.vn\/en\/#\/schema\/logo\/image\/","url":"https:\/\/logitech.cms.com.vn\/wp-content\/uploads\/2026\/03\/Logitech_idrFIUkALf_3.png","contentUrl":"https:\/\/logitech.cms.com.vn\/wp-content\/uploads\/2026\/03\/Logitech_idrFIUkALf_3.png","width":400,"height":400,"caption":"CMS X LOGITECH"},"image":{"@id":"https:\/\/logitech.cms.com.vn\/en\/#\/schema\/logo\/image\/"},"sameAs":["https:\/\/www.facebook.com\/CMSCo.Ltd"]}]}},"_links":{"self":[{"href":"https:\/\/logitech.cms.com.vn\/en\/wp-json\/wp\/v2\/pages\/1250","targetHints":{"allow":["GET"]}}],"collection":[{"href":"https:\/\/logitech.cms.com.vn\/en\/wp-json\/wp\/v2\/pages"}],"about":[{"href":"https:\/\/logitech.cms.com.vn\/en\/wp-json\/wp\/v2\/types\/page"}],"author":[{"embeddable":true,"href":"https:\/\/logitech.cms.com.vn\/en\/wp-json\/wp\/v2\/users\/1"}],"replies":[{"embeddable":true,"href":"https:\/\/logitech.cms.com.vn\/en\/wp-json\/wp\/v2\/comments?post=1250"}],"version-history":[{"count":0,"href":"https:\/\/logitech.cms.com.vn\/en\/wp-json\/wp\/v2\/pages\/1250\/revisions"}],"up":[{"embeddable":true,"href":"https:\/\/logitech.cms.com.vn\/en\/wp-json\/wp\/v2\/pages\/1265"}],"wp:featuredmedia":[{"embeddable":true,"href":"https:\/\/logitech.cms.com.vn\/en\/wp-json\/wp\/v2\/media\/1001"}],"wp:attachment":[{"href":"https:\/\/logitech.cms.com.vn\/en\/wp-json\/wp\/v2\/media?parent=1250"}],"curies":[{"name":"wp","href":"https:\/\/api.w.org\/{rel}","templated":true}]}}