{"id":1245,"date":"2013-08-19T19:35:32","date_gmt":"2013-08-19T19:35:32","guid":{"rendered":"https:\/\/logitech.cms.com.vn\/message-box\/"},"modified":"2013-08-19T19:35:32","modified_gmt":"2013-08-19T19:35:32","slug":"message-box","status":"publish","type":"page","link":"https:\/\/logitech.cms.com.vn\/en\/elements\/message-box\/","title":{"rendered":"Message box"},"content":{"rendered":"\n  <div class=\"banner has-hover has-parallax\" id=\"banner-295472814\">\n          <div class=\"banner-inner fill\">\n        <div class=\"banner-bg fill\" data-parallax=\"-3\" data-parallax-container=\".banner\" data-parallax-background>\n            <img decoding=\"async\" width=\"1000\" height=\"650\" src=\"https:\/\/logitech.cms.com.vn\/wp-content\/uploads\/2016\/08\/dummy-2-1.jpg\" class=\"bg attachment-large size-large\" alt=\"\" \/>                        <div class=\"overlay\"><\/div>            \n                    <\/div>\n\t\t\n        <div class=\"banner-layers container\">\n            <div class=\"fill banner-link\"><\/div>            \n   <div id=\"text-box-1668728906\" class=\"text-box banner-layer x50 md-x50 lg-x50 y50 md-y50 lg-y50 res-text\">\n              <div data-parallax=\"2\" data-parallax-fade=\"true\">                  <div class=\"text-box-content text \">\n              \n              <div class=\"text-inner text-center\">\n                  \n<h2 class=\"uppercase\"><strong>Message Box Element<\/strong><\/h2>\n<p class=\"lead\">Create beautiful Call to Action areas.<\/p>\n              <\/div>\n           <\/div>\n              <\/div>              \n<style>\n#text-box-1668728906 {\n  width: 60%;\n}\n#text-box-1668728906 .text-box-content {\n  font-size: 100%;\n}\n<\/style>\n    <\/div>\n \n        <\/div>\n      <\/div>\n\n            \n<style>\n#banner-295472814 {\n  padding-top: 500px;\n}\n#banner-295472814 .overlay {\n  background-color: rgba(255, 255, 255, 0.61);\n}\n#banner-295472814 .banner-bg img {\n  object-position: 41% 71%;\n}\n<\/style>\n  <\/div>\n\n\n<div class=\"row\"  id=\"row-397649703\">\n\n\t<div id=\"col-1744638798\" class=\"col small-12 large-12\"  >\n\t\t\t\t<div class=\"col-inner\"  >\n\t\t\t\n\t\t\t\n<div class=\"container section-title-container\" ><h3 class=\"section-title section-title-center\"><b aria-hidden=\"true\"><\/b><span class=\"section-title-main\" >Message Box Element<\/span><b aria-hidden=\"true\"><\/b><\/h3><\/div>\n<div class=\"message-box relative dark\" style=\"padding-top:27px;padding-bottom:27px;\"><div class=\"message-box-bg-image bg-fill fill\" ><\/div><div class=\"message-box-bg-overlay bg-fill fill\" ><\/div><div class=\"container relative\"><div class=\"inner last-reset\">\n<div class=\"row align-middle align-center\"  id=\"row-1972377152\">\n\n\t<div id=\"col-1863139284\" class=\"col medium-9 small-12 large-9\"  >\n\t\t\t\t<div class=\"col-inner\"  >\n\t\t\t\n\t\t\t\n<p>Lorem ipsum dolor sit amet, consectetuer adipiscing elit, sed diam nonummy nibh euismod tincidunt ut laoreet dolore magna aliquam erat volutpat.<\/p>\n\t\t<\/div>\n\t\t\t\t\t<\/div>\n\n\t\n\n\t<div id=\"col-1880824971\" class=\"col medium-2 small-12 large-2\"  >\n\t\t\t\t<div class=\"col-inner text-center\"  >\n\t\t\t\n\t\t\t\n<a class=\"button white is-outline\" style=\"border-radius:99px;\">\n\t\t<span>Click me<\/span>\n\t<\/a>\n\n\t\t<\/div>\n\t\t\t\t\t<\/div>\n\n\t\n<\/div>\n<\/div><\/div><\/div>\n<div class=\"container section-title-container\" style=\"margin-top:23px;\"><h3 class=\"section-title section-title-center\"><b aria-hidden=\"true\"><\/b><span class=\"section-title-main\" >Use to Create Call to Actions areas<\/span><b aria-hidden=\"true\"><\/b><\/h3><\/div>\n<div class=\"message-box relative dark\" style=\"padding-top:27px;padding-bottom:27px;\"><div class=\"message-box-bg-image bg-fill fill\" style=\"background-image:url(https:\/\/logitech.cms.com.vn\/wp-content\/uploads\/2016\/08\/dummy-2-1.jpg);\"><\/div><div class=\"message-box-bg-overlay bg-fill fill\" style=\"background-color:rgba(0, 0, 0, 0.62);\"><\/div><div class=\"container relative\"><div class=\"inner last-reset\">\n<div class=\"row align-middle align-center\"  id=\"row-1673301223\">\n\n\t<div id=\"col-1572889356\" class=\"col medium-8 small-12 large-8\"  >\n\t\t\t\t<div class=\"col-inner\"  >\n\t\t\t\n\t\t\t\n<h2 class=\"uppercase\">Use Message Boxes to create Call to action messages<\/h2>\n\t\t<\/div>\n\t\t\t\t\t<\/div>\n\n\t\n\n\t<div id=\"col-1266308403\" class=\"col medium-3 small-12 large-3\"  >\n\t\t\t\t<div class=\"col-inner text-center\"  >\n\t\t\t\n\t\t\t\n<a class=\"button white is-outline is-larger\" style=\"border-radius:99px;\">\n\t\t<span>Click me now<\/span>\n\t<\/a>\n\n\t\t<\/div>\n\t\t\t\t\t<\/div>\n\n\t\n<\/div>\n<\/div><\/div><\/div>\n\t\t<\/div>\n\t\t\t\t\t<\/div>\n\n\t\n<\/div>\n<div class=\"container section-title-container\" style=\"margin-top:23px;\"><h3 class=\"section-title section-title-center\"><b aria-hidden=\"true\"><\/b><span class=\"section-title-main\" >Full Width Message box<\/span><b aria-hidden=\"true\"><\/b><\/h3><\/div>\n<div class=\"message-box relative dark\" style=\"padding-top:27px;padding-bottom:27px;\"><div class=\"message-box-bg-image bg-fill fill\" style=\"background-image:url(https:\/\/logitech.cms.com.vn\/wp-content\/uploads\/2016\/08\/dummy-2-1.jpg);\"><\/div><div class=\"message-box-bg-overlay bg-fill fill\" style=\"background-color:rgba(0, 0, 0, 0.75);\"><\/div><div class=\"container relative\"><div class=\"inner last-reset\">\n<div class=\"row align-middle align-center\"  id=\"row-219811217\">\n\n\t<div id=\"col-1880691117\" class=\"col medium-6 small-15 large-6\"  >\n\t\t\t\t<div class=\"col-inner\"  >\n\t\t\t\n\t\t\t\n<h3 class=\"uppercase\">Signup for Newsletter and get <span class=\"fancy-underline\">50% off<\/span> your next purchase<\/h3>\n\t\t<\/div>\n\t\t\t\t\t<\/div>\n\n\t\n\n\t<div id=\"col-170538077\" class=\"col medium-5 small-17 large-5\"  >\n\t\t\t\t<div class=\"col-inner text-right\"  >\n\t\t\t\n\t\t\t\n<p>(insert contact form here)<\/p>\n\t\t<\/div>\n\t\t\t\t\t<\/div>\n\n\t\n<\/div>\n<\/div><\/div><\/div>\n","protected":false},"excerpt":{"rendered":"","protected":false},"author":1,"featured_media":1001,"parent":1265,"menu_order":21,"comment_status":"closed","ping_status":"closed","template":"page-blank.php","meta":{"footnotes":""},"class_list":["post-1245","page","type-page","status-publish","has-post-thumbnail","hentry"],"acf":[],"yoast_head":"<!-- This site is optimized with the Yoast SEO plugin v26.5 - https:\/\/yoast.com\/wordpress\/plugins\/seo\/ -->\n<title>Message box - CMS-LOGITECH<\/title>\n<meta name=\"robots\" content=\"index, follow, max-snippet:-1, max-image-preview:large, max-video-preview:-1\" \/>\n<link rel=\"canonical\" href=\"https:\/\/logitech.cms.com.vn\/en\/elements\/message-box\/\" \/>\n<meta property=\"og:locale\" content=\"en_US\" \/>\n<meta property=\"og:type\" content=\"article\" \/>\n<meta property=\"og:title\" content=\"Message box - CMS-LOGITECH\" \/>\n<meta property=\"og:url\" content=\"https:\/\/logitech.cms.com.vn\/en\/elements\/message-box\/\" \/>\n<meta property=\"og:site_name\" content=\"CMS-LOGITECH\" \/>\n<meta property=\"article:publisher\" content=\"https:\/\/www.facebook.com\/CMSCo.Ltd\" \/>\n<meta property=\"og:image\" content=\"https:\/\/logitech.cms.com.vn\/wp-content\/uploads\/2016\/08\/dummy-1-1.jpg\" \/>\n\t<meta property=\"og:image:width\" content=\"400\" \/>\n\t<meta property=\"og:image:height\" content=\"260\" \/>\n\t<meta property=\"og:image:type\" content=\"image\/jpeg\" \/>\n<meta name=\"twitter:card\" content=\"summary_large_image\" \/>\n<meta name=\"twitter:label1\" content=\"Est. reading time\" \/>\n\t<meta name=\"twitter:data1\" content=\"1 minute\" \/>\n<script type=\"application\/ld+json\" class=\"yoast-schema-graph\">{\"@context\":\"https:\/\/schema.org\",\"@graph\":[{\"@type\":\"WebPage\",\"@id\":\"https:\/\/logitech.cms.com.vn\/en\/elements\/message-box\/\",\"url\":\"https:\/\/logitech.cms.com.vn\/en\/elements\/message-box\/\",\"name\":\"Message box - CMS-LOGITECH\",\"isPartOf\":{\"@id\":\"https:\/\/logitech.cms.com.vn\/en\/#website\"},\"primaryImageOfPage\":{\"@id\":\"https:\/\/logitech.cms.com.vn\/en\/elements\/message-box\/#primaryimage\"},\"image\":{\"@id\":\"https:\/\/logitech.cms.com.vn\/en\/elements\/message-box\/#primaryimage\"},\"thumbnailUrl\":\"https:\/\/logitech.cms.com.vn\/wp-content\/uploads\/2016\/08\/dummy-1-1.jpg\",\"datePublished\":\"2013-08-19T19:35:32+00:00\",\"breadcrumb\":{\"@id\":\"https:\/\/logitech.cms.com.vn\/en\/elements\/message-box\/#breadcrumb\"},\"inLanguage\":\"en-US\",\"potentialAction\":[{\"@type\":\"ReadAction\",\"target\":[\"https:\/\/logitech.cms.com.vn\/en\/elements\/message-box\/\"]}]},{\"@type\":\"ImageObject\",\"inLanguage\":\"en-US\",\"@id\":\"https:\/\/logitech.cms.com.vn\/en\/elements\/message-box\/#primaryimage\",\"url\":\"https:\/\/logitech.cms.com.vn\/wp-content\/uploads\/2016\/08\/dummy-1-1.jpg\",\"contentUrl\":\"https:\/\/logitech.cms.com.vn\/wp-content\/uploads\/2016\/08\/dummy-1-1.jpg\",\"width\":400,\"height\":260},{\"@type\":\"BreadcrumbList\",\"@id\":\"https:\/\/logitech.cms.com.vn\/en\/elements\/message-box\/#breadcrumb\",\"itemListElement\":[{\"@type\":\"ListItem\",\"position\":1,\"name\":\"Home\",\"item\":\"https:\/\/logitech.cms.com.vn\/en\/\"},{\"@type\":\"ListItem\",\"position\":2,\"name\":\"Elements\",\"item\":\"https:\/\/logitech.cms.com.vn\/en\/elements\/\"},{\"@type\":\"ListItem\",\"position\":3,\"name\":\"Message box\"}]},{\"@type\":\"WebSite\",\"@id\":\"https:\/\/logitech.cms.com.vn\/en\/#website\",\"url\":\"https:\/\/logitech.cms.com.vn\/en\/\",\"name\":\"CMS X LOGITECH\",\"description\":\"L\u00e0 nh\u00e0 ph\u00e2n ph\u1ed1i chi\u1ebfn l\u01b0\u1ee3c c\u1ee7a Logitech t\u1ea1i Vi\u1ec7t Nam, C\u00f4ng ty TNHH S\u1ea3n xu\u1ea5t v\u00e0 D\u1ecbch v\u1ee5 CMC (CMS) t\u1ef1 h\u00e0o mang \u0111\u1ebfn cho th\u1ecb tr\u01b0\u1eddng nh\u1eefng gi\u1ea3i ph\u00e1p h\u1ed9i h\u1ecdp ch\u00ednh h\u00e3ng, t\u1ed1i \u01b0u cho doanh nghi\u1ec7p thu\u1ed9c m\u1ecdi quy m\u00f4, t\u1eeb startup n\u0103ng \u0111\u1ed9ng \u0111\u1ebfn t\u1eadp \u0111o\u00e0n \u0111a qu\u1ed1c gia.\",\"publisher\":{\"@id\":\"https:\/\/logitech.cms.com.vn\/en\/#organization\"},\"alternateName\":\"C\u00f4ng ty TNHH S\u1ea3n xu\u1ea5t v\u00e0 D\u1ecbch v\u1ee5 CMC\",\"potentialAction\":[{\"@type\":\"SearchAction\",\"target\":{\"@type\":\"EntryPoint\",\"urlTemplate\":\"https:\/\/logitech.cms.com.vn\/en\/?s={search_term_string}\"},\"query-input\":{\"@type\":\"PropertyValueSpecification\",\"valueRequired\":true,\"valueName\":\"search_term_string\"}}],\"inLanguage\":\"en-US\"},{\"@type\":\"Organization\",\"@id\":\"https:\/\/logitech.cms.com.vn\/en\/#organization\",\"name\":\"CMS X LOGITECH\",\"alternateName\":\"C\u00f4ng ty TNHH S\u1ea3n xu\u1ea5t v\u00e0 D\u1ecbch v\u1ee5 CMC\",\"url\":\"https:\/\/logitech.cms.com.vn\/en\/\",\"logo\":{\"@type\":\"ImageObject\",\"inLanguage\":\"en-US\",\"@id\":\"https:\/\/logitech.cms.com.vn\/en\/#\/schema\/logo\/image\/\",\"url\":\"https:\/\/logitech.cms.com.vn\/wp-content\/uploads\/2026\/03\/Logitech_idrFIUkALf_3.png\",\"contentUrl\":\"https:\/\/logitech.cms.com.vn\/wp-content\/uploads\/2026\/03\/Logitech_idrFIUkALf_3.png\",\"width\":400,\"height\":400,\"caption\":\"CMS X LOGITECH\"},\"image\":{\"@id\":\"https:\/\/logitech.cms.com.vn\/en\/#\/schema\/logo\/image\/\"},\"sameAs\":[\"https:\/\/www.facebook.com\/CMSCo.Ltd\"]}]}<\/script>\n<!-- \/ Yoast SEO plugin. -->","yoast_head_json":{"title":"Message box - CMS-LOGITECH","robots":{"index":"index","follow":"follow","max-snippet":"max-snippet:-1","max-image-preview":"max-image-preview:large","max-video-preview":"max-video-preview:-1"},"canonical":"https:\/\/logitech.cms.com.vn\/en\/elements\/message-box\/","og_locale":"en_US","og_type":"article","og_title":"Message box - CMS-LOGITECH","og_url":"https:\/\/logitech.cms.com.vn\/en\/elements\/message-box\/","og_site_name":"CMS-LOGITECH","article_publisher":"https:\/\/www.facebook.com\/CMSCo.Ltd","og_image":[{"width":400,"height":260,"url":"https:\/\/logitech.cms.com.vn\/wp-content\/uploads\/2016\/08\/dummy-1-1.jpg","type":"image\/jpeg"}],"twitter_card":"summary_large_image","twitter_misc":{"Est. reading time":"1 minute"},"schema":{"@context":"https:\/\/schema.org","@graph":[{"@type":"WebPage","@id":"https:\/\/logitech.cms.com.vn\/en\/elements\/message-box\/","url":"https:\/\/logitech.cms.com.vn\/en\/elements\/message-box\/","name":"Message box - CMS-LOGITECH","isPartOf":{"@id":"https:\/\/logitech.cms.com.vn\/en\/#website"},"primaryImageOfPage":{"@id":"https:\/\/logitech.cms.com.vn\/en\/elements\/message-box\/#primaryimage"},"image":{"@id":"https:\/\/logitech.cms.com.vn\/en\/elements\/message-box\/#primaryimage"},"thumbnailUrl":"https:\/\/logitech.cms.com.vn\/wp-content\/uploads\/2016\/08\/dummy-1-1.jpg","datePublished":"2013-08-19T19:35:32+00:00","breadcrumb":{"@id":"https:\/\/logitech.cms.com.vn\/en\/elements\/message-box\/#breadcrumb"},"inLanguage":"en-US","potentialAction":[{"@type":"ReadAction","target":["https:\/\/logitech.cms.com.vn\/en\/elements\/message-box\/"]}]},{"@type":"ImageObject","inLanguage":"en-US","@id":"https:\/\/logitech.cms.com.vn\/en\/elements\/message-box\/#primaryimage","url":"https:\/\/logitech.cms.com.vn\/wp-content\/uploads\/2016\/08\/dummy-1-1.jpg","contentUrl":"https:\/\/logitech.cms.com.vn\/wp-content\/uploads\/2016\/08\/dummy-1-1.jpg","width":400,"height":260},{"@type":"BreadcrumbList","@id":"https:\/\/logitech.cms.com.vn\/en\/elements\/message-box\/#breadcrumb","itemListElement":[{"@type":"ListItem","position":1,"name":"Home","item":"https:\/\/logitech.cms.com.vn\/en\/"},{"@type":"ListItem","position":2,"name":"Elements","item":"https:\/\/logitech.cms.com.vn\/en\/elements\/"},{"@type":"ListItem","position":3,"name":"Message box"}]},{"@type":"WebSite","@id":"https:\/\/logitech.cms.com.vn\/en\/#website","url":"https:\/\/logitech.cms.com.vn\/en\/","name":"CMS X LOGITECH","description":"L\u00e0 nh\u00e0 ph\u00e2n ph\u1ed1i chi\u1ebfn l\u01b0\u1ee3c c\u1ee7a Logitech t\u1ea1i Vi\u1ec7t Nam, C\u00f4ng ty TNHH S\u1ea3n xu\u1ea5t v\u00e0 D\u1ecbch v\u1ee5 CMC (CMS) t\u1ef1 h\u00e0o mang \u0111\u1ebfn cho th\u1ecb tr\u01b0\u1eddng nh\u1eefng gi\u1ea3i ph\u00e1p h\u1ed9i h\u1ecdp ch\u00ednh h\u00e3ng, t\u1ed1i \u01b0u cho doanh nghi\u1ec7p thu\u1ed9c m\u1ecdi quy m\u00f4, t\u1eeb startup n\u0103ng \u0111\u1ed9ng \u0111\u1ebfn t\u1eadp \u0111o\u00e0n \u0111a qu\u1ed1c gia.","publisher":{"@id":"https:\/\/logitech.cms.com.vn\/en\/#organization"},"alternateName":"C\u00f4ng ty TNHH S\u1ea3n xu\u1ea5t v\u00e0 D\u1ecbch v\u1ee5 CMC","potentialAction":[{"@type":"SearchAction","target":{"@type":"EntryPoint","urlTemplate":"https:\/\/logitech.cms.com.vn\/en\/?s={search_term_string}"},"query-input":{"@type":"PropertyValueSpecification","valueRequired":true,"valueName":"search_term_string"}}],"inLanguage":"en-US"},{"@type":"Organization","@id":"https:\/\/logitech.cms.com.vn\/en\/#organization","name":"CMS X LOGITECH","alternateName":"C\u00f4ng ty TNHH S\u1ea3n xu\u1ea5t v\u00e0 D\u1ecbch v\u1ee5 CMC","url":"https:\/\/logitech.cms.com.vn\/en\/","logo":{"@type":"ImageObject","inLanguage":"en-US","@id":"https:\/\/logitech.cms.com.vn\/en\/#\/schema\/logo\/image\/","url":"https:\/\/logitech.cms.com.vn\/wp-content\/uploads\/2026\/03\/Logitech_idrFIUkALf_3.png","contentUrl":"https:\/\/logitech.cms.com.vn\/wp-content\/uploads\/2026\/03\/Logitech_idrFIUkALf_3.png","width":400,"height":400,"caption":"CMS X LOGITECH"},"image":{"@id":"https:\/\/logitech.cms.com.vn\/en\/#\/schema\/logo\/image\/"},"sameAs":["https:\/\/www.facebook.com\/CMSCo.Ltd"]}]}},"_links":{"self":[{"href":"https:\/\/logitech.cms.com.vn\/en\/wp-json\/wp\/v2\/pages\/1245","targetHints":{"allow":["GET"]}}],"collection":[{"href":"https:\/\/logitech.cms.com.vn\/en\/wp-json\/wp\/v2\/pages"}],"about":[{"href":"https:\/\/logitech.cms.com.vn\/en\/wp-json\/wp\/v2\/types\/page"}],"author":[{"embeddable":true,"href":"https:\/\/logitech.cms.com.vn\/en\/wp-json\/wp\/v2\/users\/1"}],"replies":[{"embeddable":true,"href":"https:\/\/logitech.cms.com.vn\/en\/wp-json\/wp\/v2\/comments?post=1245"}],"version-history":[{"count":0,"href":"https:\/\/logitech.cms.com.vn\/en\/wp-json\/wp\/v2\/pages\/1245\/revisions"}],"up":[{"embeddable":true,"href":"https:\/\/logitech.cms.com.vn\/en\/wp-json\/wp\/v2\/pages\/1265"}],"wp:featuredmedia":[{"embeddable":true,"href":"https:\/\/logitech.cms.com.vn\/en\/wp-json\/wp\/v2\/media\/1001"}],"wp:attachment":[{"href":"https:\/\/logitech.cms.com.vn\/en\/wp-json\/wp\/v2\/media?parent=1245"}],"curies":[{"name":"wp","href":"https:\/\/api.w.org\/{rel}","templated":true}]}}