{"id":1222,"date":"2016-03-31T14:08:59","date_gmt":"2016-03-31T14:08:59","guid":{"rendered":"https:\/\/logitech.cms.com.vn\/portfolio\/"},"modified":"2016-03-31T14:08:59","modified_gmt":"2016-03-31T14:08:59","slug":"portfolio","status":"publish","type":"page","link":"https:\/\/logitech.cms.com.vn\/en\/elements\/pages\/portfolio\/","title":{"rendered":"Portfolio"},"content":{"rendered":"\n  <div class=\"banner has-hover has-parallax\" id=\"banner-1017092954\">\n          <div class=\"banner-inner fill\">\n        <div class=\"banner-bg fill\" data-parallax=\"-2\" data-parallax-container=\".banner\" data-parallax-background>\n            <img decoding=\"async\" width=\"1000\" height=\"650\" src=\"https:\/\/logitech.cms.com.vn\/wp-content\/uploads\/2016\/08\/dummy-2-1.jpg\" class=\"bg attachment-large size-large\" alt=\"\" \/>                        <div class=\"overlay\"><\/div>            \n                    <\/div>\n\t\t\n        <div class=\"banner-layers container\">\n            <div class=\"fill banner-link\"><\/div>            \n   <div id=\"text-box-577562397\" class=\"text-box banner-layer x50 md-x50 lg-x50 y50 md-y50 lg-y50 res-text\">\n                                <div class=\"text-box-content text \">\n              \n              <div class=\"text-inner text-center\">\n                  \n<h3 class=\"uppercase\"><strong>Portfolio Element<\/strong><\/h3>\n<p>Showcase work or other elements<\/p>\n<div class=\"is-divider divider clearfix\" style=\"max-width:67px;height:5px;\"><\/div>\n              <\/div>\n           <\/div>\n                            \n<style>\n#text-box-577562397 {\n  width: 60%;\n}\n#text-box-577562397 .text-box-content {\n  font-size: 100%;\n}\n<\/style>\n    <\/div>\n \n        <\/div>\n      <\/div>\n\n            \n<style>\n#banner-1017092954 {\n  padding-top: 364px;\n}\n#banner-1017092954 .overlay {\n  background-color: rgba(255, 255, 255, 0.87);\n}\n#banner-1017092954 .banner-bg img {\n  object-position: 80% 19%;\n}\n<\/style>\n  <\/div>\n\n\n<div class=\"container section-title-container\" ><h3 class=\"section-title section-title-center\"><b aria-hidden=\"true\"><\/b><span class=\"section-title-main\" style=\"font-size:undefined%;\">Simple with Filtering<\/span><b aria-hidden=\"true\"><\/b><\/h3><\/div>\n[ux_portfolio style=&#8221;overlay&#8221; filter=&#8221;true&#8221; orderby=&#8221;name&#8221; type=&#8221;masonry&#8221; grid=&#8221;3&#8243; image_hover=&#8221;overlay-add-50&#8243; image_hover_alt=&#8221;zoom&#8221; text_pos=&#8221;middle&#8221; text_size=&#8221;large&#8221; text_hover=&#8221;slide&#8221;]\n<div class=\"container section-title-container\" ><h3 class=\"section-title section-title-center\"><b aria-hidden=\"true\"><\/b><span class=\"section-title-main\" style=\"font-size:undefined%;\">Ouline Filter style<\/span><b aria-hidden=\"true\"><\/b><\/h3><\/div>\n[ux_portfolio style=&#8221;overlay&#8221; filter=&#8221;true&#8221; filter_nav=&#8221;outline&#8221; orderby=&#8221;name&#8221; type=&#8221;masonry&#8221; grid=&#8221;3&#8243; image_hover=&#8221;overlay-add-50&#8243; image_hover_alt=&#8221;blur&#8221; text_pos=&#8221;middle&#8221;]\n<div class=\"row\"  id=\"row-1961863287\">\n\n\t<div id=\"col-2043431471\" class=\"col small-12 large-12\"  >\n\t\t\t\t<div class=\"col-inner\"  >\n\t\t\t\n\t\t\t\n<p class=\"lead\" style=\"text-align: center;\">You can choose between many differnt filter navigation style and align them to left or right.<\/p>\n\t\t<\/div>\n\t\t\t\t\t<\/div>\n\n\t\n<\/div>\n<div class=\"container section-title-container\" ><h3 class=\"section-title section-title-center\"><b aria-hidden=\"true\"><\/b><span class=\"section-title-main\" style=\"font-size:undefined%;\">Slider Style<\/span><b aria-hidden=\"true\"><\/b><\/h3><\/div>\n[ux_portfolio style=&#8221;shade&#8221; filter_nav=&#8221;outline&#8221; orderby=&#8221;name&#8221; grid=&#8221;3&#8243; columns=&#8221;5&#8243; image_hover=&#8221;zoom&#8221; image_hover_alt=&#8221;grayscale&#8221;]\n<div class=\"container section-title-container\" ><h3 class=\"section-title section-title-center\"><b aria-hidden=\"true\"><\/b><span class=\"section-title-main\" style=\"font-size:undefined%;\">Grid Style<\/span><b aria-hidden=\"true\"><\/b><\/h3><\/div>\n[ux_portfolio style=&#8221;overlay&#8221; filter=&#8221;true&#8221; filter_nav=&#8221;outline&#8221; number=&#8221;4&#8243; offset=&#8221;4&#8243; orderby=&#8221;name&#8221; type=&#8221;grid&#8221; grid=&#8221;3&#8243; image_hover=&#8221;overlay-add-50&#8243; image_hover_alt=&#8221;zoom&#8221; text_align=&#8221;left&#8221; text_size=&#8221;large&#8221; text_hover=&#8221;bounce&#8221;]\n<div class=\"container section-title-container\" ><h3 class=\"section-title section-title-center\"><b aria-hidden=\"true\"><\/b><span class=\"section-title-main\" style=\"font-size:undefined%;\">Collapsed Full width Grid<\/span><b aria-hidden=\"true\"><\/b><\/h3><\/div>\n[ux_portfolio style=&#8221;overlay&#8221; filter=&#8221;true&#8221; filter_nav=&#8221;outline&#8221; number=&#8221;4&#8243; orderby=&#8221;name&#8221; type=&#8221;grid&#8221; grid=&#8221;3&#8243; width=&#8221;full-width&#8221; col_spacing=&#8221;collapse&#8221; image_hover=&#8221;overlay-add-50&#8243; image_hover_alt=&#8221;zoom&#8221; text_align=&#8221;left&#8221; text_size=&#8221;large&#8221; text_hover=&#8221;bounce&#8221;]\n<div class=\"row\"  id=\"row-438747839\">\n\n\t<div id=\"col-1162226100\" class=\"col small-12 large-12\"  >\n\t\t\t\t<div class=\"col-inner\"  >\n\t\t\t\n\t\t\t\n<p class=\"lead\" style=\"text-align: center;\">Choose\u00a0between 14 differnt premade grid layouts.<\/p>\n\t\t<\/div>\n\t\t\t\t\t<\/div>\n\n\t\n<\/div>\n<div class=\"container section-title-container\" ><h3 class=\"section-title section-title-center\"><b aria-hidden=\"true\"><\/b><span class=\"section-title-main\" >Open in a ligtbox<\/span><b aria-hidden=\"true\"><\/b><\/h3><\/div>\n[ux_portfolio lightbox=&#8221;true&#8221;]\n","protected":false},"excerpt":{"rendered":"[ux_portfolio style=&#8221;overlay&#8221; filter=&#8221;true&#8221; orderby=&#8221;name&#8221; type=&#8221;masonry&#8221; grid=&#8221;3&#8243; image_hover=&#8221;overlay-add-50&#8243; image_hover_alt=&#8221;zoom&#8221; text_pos=&#8221;middle&#8221; text_size=&#8221;large&#8221; text_hover=&#8221;slide&#8221;] [ux_portfolio style=&#8221;overlay&#8221; filter=&#8221;true&#8221; filter_nav=&#8221;outline&#8221; orderby=&#8221;name&#8221; type=&#8221;masonry&#8221; grid=&#8221;3&#8243; image_hover=&#8221;overlay-add-50&#8243; image_hover_alt=&#8221;blur&#8221; text_pos=&#8221;middle&#8221;] [ux_portfolio style=&#8221;shade&#8221; filter_nav=&#8221;outline&#8221; orderby=&#8221;name&#8221; grid=&#8221;3&#8243; columns=&#8221;5&#8243; image_hover=&#8221;zoom&#8221; image_hover_alt=&#8221;grayscale&#8221;] [ux_portfolio style=&#8221;overlay&#8221; filter=&#8221;true&#8221; filter_nav=&#8221;outline&#8221; number=&#8221;4&#8243; offset=&#8221;4&#8243; orderby=&#8221;name&#8221; type=&#8221;grid&#8221; grid=&#8221;3&#8243; image_hover=&#8221;overlay-add-50&#8243; image_hover_alt=&#8221;zoom&#8221; text_align=&#8221;left&#8221; text_size=&#8221;large&#8221; text_hover=&#8221;bounce&#8221;] [ux_portfolio style=&#8221;overlay&#8221; filter=&#8221;true&#8221; filter_nav=&#8221;outline&#8221; number=&#8221;4&#8243; orderby=&#8221;name&#8221; type=&#8221;grid&#8221; grid=&#8221;3&#8243; width=&#8221;full-width&#8221; col_spacing=&#8221;collapse&#8221; image_hover=&#8221;overlay-add-50&#8243; image_hover_alt=&#8221;zoom&#8221; [&#8230;]\n","protected":false},"author":1,"featured_media":1001,"parent":1223,"menu_order":19,"comment_status":"closed","ping_status":"closed","template":"page-blank.php","meta":{"footnotes":""},"class_list":["post-1222","page","type-page","status-publish","has-post-thumbnail","hentry"],"acf":[],"yoast_head":"<!-- This site is optimized with the Yoast SEO plugin v26.5 - https:\/\/yoast.com\/wordpress\/plugins\/seo\/ -->\n<title>Portfolio - CMS-LOGITECH<\/title>\n<meta name=\"robots\" content=\"index, follow, max-snippet:-1, max-image-preview:large, max-video-preview:-1\" \/>\n<link rel=\"canonical\" href=\"https:\/\/logitech.cms.com.vn\/en\/elements\/pages\/portfolio\/\" \/>\n<meta property=\"og:locale\" content=\"en_US\" \/>\n<meta property=\"og:type\" content=\"article\" \/>\n<meta property=\"og:title\" content=\"Portfolio - CMS-LOGITECH\" \/>\n<meta property=\"og:description\" content=\"[ux_portfolio style=&#8221;overlay&#8221; filter=&#8221;true&#8221; orderby=&#8221;name&#8221; type=&#8221;masonry&#8221; grid=&#8221;3&#8243; image_hover=&#8221;overlay-add-50&#8243; image_hover_alt=&#8221;zoom&#8221; text_pos=&#8221;middle&#8221; text_size=&#8221;large&#8221; text_hover=&#8221;slide&#8221;] [ux_portfolio style=&#8221;overlay&#8221; filter=&#8221;true&#8221; filter_nav=&#8221;outline&#8221; orderby=&#8221;name&#8221; type=&#8221;masonry&#8221; grid=&#8221;3&#8243; image_hover=&#8221;overlay-add-50&#8243; image_hover_alt=&#8221;blur&#8221; text_pos=&#8221;middle&#8221;] [ux_portfolio style=&#8221;shade&#8221; filter_nav=&#8221;outline&#8221; orderby=&#8221;name&#8221; grid=&#8221;3&#8243; columns=&#8221;5&#8243; image_hover=&#8221;zoom&#8221; image_hover_alt=&#8221;grayscale&#8221;] [ux_portfolio style=&#8221;overlay&#8221; filter=&#8221;true&#8221; filter_nav=&#8221;outline&#8221; number=&#8221;4&#8243; offset=&#8221;4&#8243; orderby=&#8221;name&#8221; type=&#8221;grid&#8221; grid=&#8221;3&#8243; image_hover=&#8221;overlay-add-50&#8243; image_hover_alt=&#8221;zoom&#8221; text_align=&#8221;left&#8221; text_size=&#8221;large&#8221; text_hover=&#8221;bounce&#8221;] [ux_portfolio style=&#8221;overlay&#8221; filter=&#8221;true&#8221; filter_nav=&#8221;outline&#8221; number=&#8221;4&#8243; orderby=&#8221;name&#8221; type=&#8221;grid&#8221; grid=&#8221;3&#8243; width=&#8221;full-width&#8221; col_spacing=&#8221;collapse&#8221; image_hover=&#8221;overlay-add-50&#8243; image_hover_alt=&#8221;zoom&#8221; [...]\" \/>\n<meta property=\"og:url\" content=\"https:\/\/logitech.cms.com.vn\/en\/elements\/pages\/portfolio\/\" \/>\n<meta property=\"og:site_name\" content=\"CMS-LOGITECH\" \/>\n<meta property=\"article:publisher\" content=\"https:\/\/www.facebook.com\/CMSCo.Ltd\" \/>\n<meta property=\"og:image\" content=\"https:\/\/logitech.cms.com.vn\/wp-content\/uploads\/2016\/08\/dummy-1-1.jpg\" \/>\n\t<meta property=\"og:image:width\" content=\"400\" \/>\n\t<meta property=\"og:image:height\" content=\"260\" \/>\n\t<meta property=\"og:image:type\" content=\"image\/jpeg\" \/>\n<meta name=\"twitter:card\" content=\"summary_large_image\" \/>\n<meta name=\"twitter:label1\" content=\"Est. reading time\" \/>\n\t<meta name=\"twitter:data1\" content=\"1 minute\" \/>\n<script type=\"application\/ld+json\" class=\"yoast-schema-graph\">{\"@context\":\"https:\/\/schema.org\",\"@graph\":[{\"@type\":\"WebPage\",\"@id\":\"https:\/\/logitech.cms.com.vn\/en\/elements\/pages\/portfolio\/\",\"url\":\"https:\/\/logitech.cms.com.vn\/en\/elements\/pages\/portfolio\/\",\"name\":\"Portfolio - CMS-LOGITECH\",\"isPartOf\":{\"@id\":\"https:\/\/logitech.cms.com.vn\/en\/#website\"},\"primaryImageOfPage\":{\"@id\":\"https:\/\/logitech.cms.com.vn\/en\/elements\/pages\/portfolio\/#primaryimage\"},\"image\":{\"@id\":\"https:\/\/logitech.cms.com.vn\/en\/elements\/pages\/portfolio\/#primaryimage\"},\"thumbnailUrl\":\"https:\/\/logitech.cms.com.vn\/wp-content\/uploads\/2016\/08\/dummy-1-1.jpg\",\"datePublished\":\"2016-03-31T14:08:59+00:00\",\"breadcrumb\":{\"@id\":\"https:\/\/logitech.cms.com.vn\/en\/elements\/pages\/portfolio\/#breadcrumb\"},\"inLanguage\":\"en-US\",\"potentialAction\":[{\"@type\":\"ReadAction\",\"target\":[\"https:\/\/logitech.cms.com.vn\/en\/elements\/pages\/portfolio\/\"]}]},{\"@type\":\"ImageObject\",\"inLanguage\":\"en-US\",\"@id\":\"https:\/\/logitech.cms.com.vn\/en\/elements\/pages\/portfolio\/#primaryimage\",\"url\":\"https:\/\/logitech.cms.com.vn\/wp-content\/uploads\/2016\/08\/dummy-1-1.jpg\",\"contentUrl\":\"https:\/\/logitech.cms.com.vn\/wp-content\/uploads\/2016\/08\/dummy-1-1.jpg\",\"width\":400,\"height\":260},{\"@type\":\"BreadcrumbList\",\"@id\":\"https:\/\/logitech.cms.com.vn\/en\/elements\/pages\/portfolio\/#breadcrumb\",\"itemListElement\":[{\"@type\":\"ListItem\",\"position\":1,\"name\":\"Home\",\"item\":\"https:\/\/logitech.cms.com.vn\/en\/\"},{\"@type\":\"ListItem\",\"position\":2,\"name\":\"Elements\",\"item\":\"https:\/\/logitech.cms.com.vn\/en\/elements\/\"},{\"@type\":\"ListItem\",\"position\":3,\"name\":\"Pages\",\"item\":\"https:\/\/logitech.cms.com.vn\/en\/elements\/pages\/\"},{\"@type\":\"ListItem\",\"position\":4,\"name\":\"Portfolio\"}]},{\"@type\":\"WebSite\",\"@id\":\"https:\/\/logitech.cms.com.vn\/en\/#website\",\"url\":\"https:\/\/logitech.cms.com.vn\/en\/\",\"name\":\"CMS X LOGITECH\",\"description\":\"L\u00e0 nh\u00e0 ph\u00e2n ph\u1ed1i chi\u1ebfn l\u01b0\u1ee3c c\u1ee7a Logitech t\u1ea1i Vi\u1ec7t Nam, C\u00f4ng ty TNHH S\u1ea3n xu\u1ea5t v\u00e0 D\u1ecbch v\u1ee5 CMC (CMS) t\u1ef1 h\u00e0o mang \u0111\u1ebfn cho th\u1ecb tr\u01b0\u1eddng nh\u1eefng gi\u1ea3i ph\u00e1p h\u1ed9i h\u1ecdp ch\u00ednh h\u00e3ng, t\u1ed1i \u01b0u cho doanh nghi\u1ec7p thu\u1ed9c m\u1ecdi quy m\u00f4, t\u1eeb startup n\u0103ng \u0111\u1ed9ng \u0111\u1ebfn t\u1eadp \u0111o\u00e0n \u0111a qu\u1ed1c gia.\",\"publisher\":{\"@id\":\"https:\/\/logitech.cms.com.vn\/en\/#organization\"},\"alternateName\":\"C\u00f4ng ty TNHH S\u1ea3n xu\u1ea5t v\u00e0 D\u1ecbch v\u1ee5 CMC\",\"potentialAction\":[{\"@type\":\"SearchAction\",\"target\":{\"@type\":\"EntryPoint\",\"urlTemplate\":\"https:\/\/logitech.cms.com.vn\/en\/?s={search_term_string}\"},\"query-input\":{\"@type\":\"PropertyValueSpecification\",\"valueRequired\":true,\"valueName\":\"search_term_string\"}}],\"inLanguage\":\"en-US\"},{\"@type\":\"Organization\",\"@id\":\"https:\/\/logitech.cms.com.vn\/en\/#organization\",\"name\":\"CMS X LOGITECH\",\"alternateName\":\"C\u00f4ng ty TNHH S\u1ea3n xu\u1ea5t v\u00e0 D\u1ecbch v\u1ee5 CMC\",\"url\":\"https:\/\/logitech.cms.com.vn\/en\/\",\"logo\":{\"@type\":\"ImageObject\",\"inLanguage\":\"en-US\",\"@id\":\"https:\/\/logitech.cms.com.vn\/en\/#\/schema\/logo\/image\/\",\"url\":\"https:\/\/logitech.cms.com.vn\/wp-content\/uploads\/2026\/03\/Logitech_idrFIUkALf_3.png\",\"contentUrl\":\"https:\/\/logitech.cms.com.vn\/wp-content\/uploads\/2026\/03\/Logitech_idrFIUkALf_3.png\",\"width\":400,\"height\":400,\"caption\":\"CMS X LOGITECH\"},\"image\":{\"@id\":\"https:\/\/logitech.cms.com.vn\/en\/#\/schema\/logo\/image\/\"},\"sameAs\":[\"https:\/\/www.facebook.com\/CMSCo.Ltd\"]}]}<\/script>\n<!-- \/ Yoast SEO plugin. -->","yoast_head_json":{"title":"Portfolio - CMS-LOGITECH","robots":{"index":"index","follow":"follow","max-snippet":"max-snippet:-1","max-image-preview":"max-image-preview:large","max-video-preview":"max-video-preview:-1"},"canonical":"https:\/\/logitech.cms.com.vn\/en\/elements\/pages\/portfolio\/","og_locale":"en_US","og_type":"article","og_title":"Portfolio - CMS-LOGITECH","og_description":"[ux_portfolio style=&#8221;overlay&#8221; filter=&#8221;true&#8221; orderby=&#8221;name&#8221; type=&#8221;masonry&#8221; grid=&#8221;3&#8243; image_hover=&#8221;overlay-add-50&#8243; image_hover_alt=&#8221;zoom&#8221; text_pos=&#8221;middle&#8221; text_size=&#8221;large&#8221; text_hover=&#8221;slide&#8221;] [ux_portfolio style=&#8221;overlay&#8221; filter=&#8221;true&#8221; filter_nav=&#8221;outline&#8221; orderby=&#8221;name&#8221; type=&#8221;masonry&#8221; grid=&#8221;3&#8243; image_hover=&#8221;overlay-add-50&#8243; image_hover_alt=&#8221;blur&#8221; text_pos=&#8221;middle&#8221;] [ux_portfolio style=&#8221;shade&#8221; filter_nav=&#8221;outline&#8221; orderby=&#8221;name&#8221; grid=&#8221;3&#8243; columns=&#8221;5&#8243; image_hover=&#8221;zoom&#8221; image_hover_alt=&#8221;grayscale&#8221;] [ux_portfolio style=&#8221;overlay&#8221; filter=&#8221;true&#8221; filter_nav=&#8221;outline&#8221; number=&#8221;4&#8243; offset=&#8221;4&#8243; orderby=&#8221;name&#8221; type=&#8221;grid&#8221; grid=&#8221;3&#8243; image_hover=&#8221;overlay-add-50&#8243; image_hover_alt=&#8221;zoom&#8221; text_align=&#8221;left&#8221; text_size=&#8221;large&#8221; text_hover=&#8221;bounce&#8221;] [ux_portfolio style=&#8221;overlay&#8221; filter=&#8221;true&#8221; filter_nav=&#8221;outline&#8221; number=&#8221;4&#8243; orderby=&#8221;name&#8221; type=&#8221;grid&#8221; grid=&#8221;3&#8243; width=&#8221;full-width&#8221; col_spacing=&#8221;collapse&#8221; image_hover=&#8221;overlay-add-50&#8243; image_hover_alt=&#8221;zoom&#8221; [...]","og_url":"https:\/\/logitech.cms.com.vn\/en\/elements\/pages\/portfolio\/","og_site_name":"CMS-LOGITECH","article_publisher":"https:\/\/www.facebook.com\/CMSCo.Ltd","og_image":[{"width":400,"height":260,"url":"https:\/\/logitech.cms.com.vn\/wp-content\/uploads\/2016\/08\/dummy-1-1.jpg","type":"image\/jpeg"}],"twitter_card":"summary_large_image","twitter_misc":{"Est. reading time":"1 minute"},"schema":{"@context":"https:\/\/schema.org","@graph":[{"@type":"WebPage","@id":"https:\/\/logitech.cms.com.vn\/en\/elements\/pages\/portfolio\/","url":"https:\/\/logitech.cms.com.vn\/en\/elements\/pages\/portfolio\/","name":"Portfolio - CMS-LOGITECH","isPartOf":{"@id":"https:\/\/logitech.cms.com.vn\/en\/#website"},"primaryImageOfPage":{"@id":"https:\/\/logitech.cms.com.vn\/en\/elements\/pages\/portfolio\/#primaryimage"},"image":{"@id":"https:\/\/logitech.cms.com.vn\/en\/elements\/pages\/portfolio\/#primaryimage"},"thumbnailUrl":"https:\/\/logitech.cms.com.vn\/wp-content\/uploads\/2016\/08\/dummy-1-1.jpg","datePublished":"2016-03-31T14:08:59+00:00","breadcrumb":{"@id":"https:\/\/logitech.cms.com.vn\/en\/elements\/pages\/portfolio\/#breadcrumb"},"inLanguage":"en-US","potentialAction":[{"@type":"ReadAction","target":["https:\/\/logitech.cms.com.vn\/en\/elements\/pages\/portfolio\/"]}]},{"@type":"ImageObject","inLanguage":"en-US","@id":"https:\/\/logitech.cms.com.vn\/en\/elements\/pages\/portfolio\/#primaryimage","url":"https:\/\/logitech.cms.com.vn\/wp-content\/uploads\/2016\/08\/dummy-1-1.jpg","contentUrl":"https:\/\/logitech.cms.com.vn\/wp-content\/uploads\/2016\/08\/dummy-1-1.jpg","width":400,"height":260},{"@type":"BreadcrumbList","@id":"https:\/\/logitech.cms.com.vn\/en\/elements\/pages\/portfolio\/#breadcrumb","itemListElement":[{"@type":"ListItem","position":1,"name":"Home","item":"https:\/\/logitech.cms.com.vn\/en\/"},{"@type":"ListItem","position":2,"name":"Elements","item":"https:\/\/logitech.cms.com.vn\/en\/elements\/"},{"@type":"ListItem","position":3,"name":"Pages","item":"https:\/\/logitech.cms.com.vn\/en\/elements\/pages\/"},{"@type":"ListItem","position":4,"name":"Portfolio"}]},{"@type":"WebSite","@id":"https:\/\/logitech.cms.com.vn\/en\/#website","url":"https:\/\/logitech.cms.com.vn\/en\/","name":"CMS X LOGITECH","description":"L\u00e0 nh\u00e0 ph\u00e2n ph\u1ed1i chi\u1ebfn l\u01b0\u1ee3c c\u1ee7a Logitech t\u1ea1i Vi\u1ec7t Nam, C\u00f4ng ty TNHH S\u1ea3n xu\u1ea5t v\u00e0 D\u1ecbch v\u1ee5 CMC (CMS) t\u1ef1 h\u00e0o mang \u0111\u1ebfn cho th\u1ecb tr\u01b0\u1eddng nh\u1eefng gi\u1ea3i ph\u00e1p h\u1ed9i h\u1ecdp ch\u00ednh h\u00e3ng, t\u1ed1i \u01b0u cho doanh nghi\u1ec7p thu\u1ed9c m\u1ecdi quy m\u00f4, t\u1eeb startup n\u0103ng \u0111\u1ed9ng \u0111\u1ebfn t\u1eadp \u0111o\u00e0n \u0111a qu\u1ed1c gia.","publisher":{"@id":"https:\/\/logitech.cms.com.vn\/en\/#organization"},"alternateName":"C\u00f4ng ty TNHH S\u1ea3n xu\u1ea5t v\u00e0 D\u1ecbch v\u1ee5 CMC","potentialAction":[{"@type":"SearchAction","target":{"@type":"EntryPoint","urlTemplate":"https:\/\/logitech.cms.com.vn\/en\/?s={search_term_string}"},"query-input":{"@type":"PropertyValueSpecification","valueRequired":true,"valueName":"search_term_string"}}],"inLanguage":"en-US"},{"@type":"Organization","@id":"https:\/\/logitech.cms.com.vn\/en\/#organization","name":"CMS X LOGITECH","alternateName":"C\u00f4ng ty TNHH S\u1ea3n xu\u1ea5t v\u00e0 D\u1ecbch v\u1ee5 CMC","url":"https:\/\/logitech.cms.com.vn\/en\/","logo":{"@type":"ImageObject","inLanguage":"en-US","@id":"https:\/\/logitech.cms.com.vn\/en\/#\/schema\/logo\/image\/","url":"https:\/\/logitech.cms.com.vn\/wp-content\/uploads\/2026\/03\/Logitech_idrFIUkALf_3.png","contentUrl":"https:\/\/logitech.cms.com.vn\/wp-content\/uploads\/2026\/03\/Logitech_idrFIUkALf_3.png","width":400,"height":400,"caption":"CMS X LOGITECH"},"image":{"@id":"https:\/\/logitech.cms.com.vn\/en\/#\/schema\/logo\/image\/"},"sameAs":["https:\/\/www.facebook.com\/CMSCo.Ltd"]}]}},"_links":{"self":[{"href":"https:\/\/logitech.cms.com.vn\/en\/wp-json\/wp\/v2\/pages\/1222","targetHints":{"allow":["GET"]}}],"collection":[{"href":"https:\/\/logitech.cms.com.vn\/en\/wp-json\/wp\/v2\/pages"}],"about":[{"href":"https:\/\/logitech.cms.com.vn\/en\/wp-json\/wp\/v2\/types\/page"}],"author":[{"embeddable":true,"href":"https:\/\/logitech.cms.com.vn\/en\/wp-json\/wp\/v2\/users\/1"}],"replies":[{"embeddable":true,"href":"https:\/\/logitech.cms.com.vn\/en\/wp-json\/wp\/v2\/comments?post=1222"}],"version-history":[{"count":0,"href":"https:\/\/logitech.cms.com.vn\/en\/wp-json\/wp\/v2\/pages\/1222\/revisions"}],"up":[{"embeddable":true,"href":"https:\/\/logitech.cms.com.vn\/en\/wp-json\/wp\/v2\/pages\/1223"}],"wp:featuredmedia":[{"embeddable":true,"href":"https:\/\/logitech.cms.com.vn\/en\/wp-json\/wp\/v2\/media\/1001"}],"wp:attachment":[{"href":"https:\/\/logitech.cms.com.vn\/en\/wp-json\/wp\/v2\/media?parent=1222"}],"curies":[{"name":"wp","href":"https:\/\/api.w.org\/{rel}","templated":true}]}}