{"id":1201,"date":"2025-05-12T08:17:51","date_gmt":"2025-05-12T08:17:51","guid":{"rendered":"https:\/\/logitech.cms.com.vn\/trang-mau\/"},"modified":"2025-05-12T08:17:51","modified_gmt":"2025-05-12T08:17:51","slug":"trang-mau","status":"publish","type":"page","link":"https:\/\/logitech.cms.com.vn\/en\/trang-mau\/","title":{"rendered":"Trang m\u1eabu"},"content":{"rendered":"\n<p>\u0110\u00e2y l\u00e0 trang m\u1eabu. N\u00f3 kh\u00e1c v\u1edbi b\u00e0i vi\u1ebft b\u1edfi v\u00ec n\u00f3 th\u01b0\u1eddng c\u1ed1 \u0111\u1ecbnh v\u00e0 hi\u1ec3n th\u1ecb trong menu c\u1ee7a b\u1ea1n. Nhi\u1ec1u ng\u01b0\u1eddi b\u1eaft \u0111\u1ea7u v\u1edbi trang Gi\u1edbi thi\u1ec7u n\u01a1i b\u1ea1n chia s\u1ebb th\u00f4ng tin cho nh\u1eefng ai gh\u00e9 th\u0103m. N\u00f3 c\u00f3 th\u1ec3 b\u1eaft \u0111\u1ea7u nh\u01b0 th\u1ebf n\u00e0y:<\/p>\n\n\n\n<blockquote class=\"wp-block-quote is-layout-flow wp-block-quote-is-layout-flow\"><p>Ch\u00e0o b\u1ea1n! T\u00f4i l\u00e0 m\u1ed9t ng\u01b0\u1eddi b\u00e1n h\u00e0ng, v\u00e0 \u0111\u00e2y l\u00e0 website c\u1ee7a t\u00f4i. T\u00f4i s\u1ed1ng \u1edf H\u00e0 N\u1ed9i, c\u00f3 m\u1ed9t gia \u0111\u00ecnh nh\u1ecf, v\u00e0 t\u00f4i th\u1ea5y c\u00e1ch s\u1eed d\u1ee5ng WordPress r\u1ea5t th\u00fa v\u1ecb.<\/p><\/blockquote>\n\n\n\n<p>&#8230; ho\u1eb7c c\u00e1i g\u00ec \u0111\u00f3 nh\u01b0 th\u1ebf n\u00e0y:<\/p>\n\n\n\n<blockquote class=\"wp-block-quote is-layout-flow wp-block-quote-is-layout-flow\"><p>C\u00f4ng ty ch\u00fang t\u00f4i \u0111\u01b0\u1ee3c th\u00e0nh l\u1eadp n\u0103m 2010, v\u00e0 cung c\u1ea5p d\u1ecbch v\u1ee5 ch\u1ea5t l\u01b0\u1ee3ng cho r\u1ea5t nhi\u1ec1u s\u1ef1 ki\u1ec7n t\u1ea1i kh\u1eafp Vi\u1ec7t Nam. V\u1edbi v\u0103n ph\u00f2ng \u0111\u1eb7t t\u1ea1i H\u00e0 N\u1ed9i, TP. H\u1ed3 Ch\u00ed Minh c\u00f9ng h\u01a1n 40 nh\u00e2n s\u1ef1, ch\u00fang t\u00f4i l\u00e0 n\u01a1i nhi\u1ec1u \u0111\u1ed1i t\u00e1c tin t\u01b0\u1edfng giao cho t\u1ed5 ch\u1ee9c c\u00e1c s\u1ef1 ki\u1ec7n l\u1edbn.<\/p><\/blockquote>\n\n\n\n<p>L\u00e0 m\u1ed9t ng\u01b0\u1eddi d\u00f9ng WordPress m\u1edbi, b\u1ea1n n\u00ean gh\u00e9 th\u0103m <a href=\"https:\/\/logitech.cms.com.vn\/wp-admin\/\">b\u1ea3ng tin<\/a> \u0111\u1ec3 x\u00f3a trang n\u00e0y v\u00e0 t\u1ea1o trang m\u1edbi cho n\u1ed9i dung c\u1ee7a ch\u00ednh b\u1ea1n. Ch\u00fac b\u1ea1n vui v\u1ebb!<\/p>\n","protected":false},"excerpt":{"rendered":"<p>\u0110\u00e2y l\u00e0 trang m\u1eabu. N\u00f3 kh\u00e1c v\u1edbi b\u00e0i vi\u1ebft b\u1edfi v\u00ec n\u00f3 th\u01b0\u1eddng c\u1ed1 \u0111\u1ecbnh v\u00e0 hi\u1ec3n th\u1ecb trong menu c\u1ee7a b\u1ea1n. Nhi\u1ec1u ng\u01b0\u1eddi b\u1eaft \u0111\u1ea7u v\u1edbi trang Gi\u1edbi thi\u1ec7u n\u01a1i b\u1ea1n chia s\u1ebb th\u00f4ng tin cho nh\u1eefng ai gh\u00e9 th\u0103m. N\u00f3 c\u00f3 th\u1ec3 b\u1eaft \u0111\u1ea7u nh\u01b0 th\u1ebf n\u00e0y: Ch\u00e0o b\u1ea1n! T\u00f4i l\u00e0 m\u1ed9t ng\u01b0\u1eddi [&#8230;]\n","protected":false},"author":1,"featured_media":0,"parent":0,"menu_order":0,"comment_status":"closed","ping_status":"open","template":"","meta":{"footnotes":""},"class_list":["post-1201","page","type-page","status-publish","hentry"],"acf":[],"yoast_head":"<!-- This site is optimized with the Yoast SEO plugin v26.5 - https:\/\/yoast.com\/wordpress\/plugins\/seo\/ -->\n<title>Trang m\u1eabu - CMS-LOGITECH<\/title>\n<meta name=\"robots\" content=\"index, follow, max-snippet:-1, max-image-preview:large, max-video-preview:-1\" \/>\n<link rel=\"canonical\" href=\"https:\/\/logitech.cms.com.vn\/en\/trang-mau\/\" \/>\n<meta property=\"og:locale\" content=\"en_US\" \/>\n<meta property=\"og:type\" content=\"article\" \/>\n<meta property=\"og:title\" content=\"Trang m\u1eabu - CMS-LOGITECH\" \/>\n<meta property=\"og:description\" content=\"\u0110\u00e2y l\u00e0 trang m\u1eabu. N\u00f3 kh\u00e1c v\u1edbi b\u00e0i vi\u1ebft b\u1edfi v\u00ec n\u00f3 th\u01b0\u1eddng c\u1ed1 \u0111\u1ecbnh v\u00e0 hi\u1ec3n th\u1ecb trong menu c\u1ee7a b\u1ea1n. Nhi\u1ec1u ng\u01b0\u1eddi b\u1eaft \u0111\u1ea7u v\u1edbi trang Gi\u1edbi thi\u1ec7u n\u01a1i b\u1ea1n chia s\u1ebb th\u00f4ng tin cho nh\u1eefng ai gh\u00e9 th\u0103m. N\u00f3 c\u00f3 th\u1ec3 b\u1eaft \u0111\u1ea7u nh\u01b0 th\u1ebf n\u00e0y: Ch\u00e0o b\u1ea1n! T\u00f4i l\u00e0 m\u1ed9t ng\u01b0\u1eddi [...]\" \/>\n<meta property=\"og:url\" content=\"https:\/\/logitech.cms.com.vn\/en\/trang-mau\/\" \/>\n<meta property=\"og:site_name\" content=\"CMS-LOGITECH\" \/>\n<meta property=\"article:publisher\" content=\"https:\/\/www.facebook.com\/CMSCo.Ltd\" \/>\n<meta property=\"og:image\" content=\"https:\/\/logitech.cms.com.vn\/wp-content\/uploads\/2026\/03\/le-ra-mat-nha-phan-phoi-giai-phap-hoi-hop-logitech.jpg\" \/>\n\t<meta property=\"og:image:width\" content=\"2048\" \/>\n\t<meta property=\"og:image:height\" content=\"1303\" \/>\n\t<meta property=\"og:image:type\" content=\"image\/jpeg\" \/>\n<meta name=\"twitter:card\" content=\"summary_large_image\" \/>\n<meta name=\"twitter:label1\" content=\"Est. reading time\" \/>\n\t<meta name=\"twitter:data1\" content=\"1 minute\" \/>\n<script type=\"application\/ld+json\" class=\"yoast-schema-graph\">{\"@context\":\"https:\/\/schema.org\",\"@graph\":[{\"@type\":\"WebPage\",\"@id\":\"https:\/\/logitech.cms.com.vn\/en\/trang-mau\/\",\"url\":\"https:\/\/logitech.cms.com.vn\/en\/trang-mau\/\",\"name\":\"Trang m\u1eabu - CMS-LOGITECH\",\"isPartOf\":{\"@id\":\"https:\/\/logitech.cms.com.vn\/en\/#website\"},\"datePublished\":\"2025-05-12T08:17:51+00:00\",\"breadcrumb\":{\"@id\":\"https:\/\/logitech.cms.com.vn\/en\/trang-mau\/#breadcrumb\"},\"inLanguage\":\"en-US\",\"potentialAction\":[{\"@type\":\"ReadAction\",\"target\":[\"https:\/\/logitech.cms.com.vn\/en\/trang-mau\/\"]}]},{\"@type\":\"BreadcrumbList\",\"@id\":\"https:\/\/logitech.cms.com.vn\/en\/trang-mau\/#breadcrumb\",\"itemListElement\":[{\"@type\":\"ListItem\",\"position\":1,\"name\":\"Home\",\"item\":\"https:\/\/logitech.cms.com.vn\/en\/\"},{\"@type\":\"ListItem\",\"position\":2,\"name\":\"Trang m\u1eabu\"}]},{\"@type\":\"WebSite\",\"@id\":\"https:\/\/logitech.cms.com.vn\/en\/#website\",\"url\":\"https:\/\/logitech.cms.com.vn\/en\/\",\"name\":\"CMS X LOGITECH\",\"description\":\"L\u00e0 nh\u00e0 ph\u00e2n ph\u1ed1i chi\u1ebfn l\u01b0\u1ee3c c\u1ee7a Logitech t\u1ea1i Vi\u1ec7t Nam, C\u00f4ng ty TNHH S\u1ea3n xu\u1ea5t v\u00e0 D\u1ecbch v\u1ee5 CMC (CMS) t\u1ef1 h\u00e0o mang \u0111\u1ebfn cho th\u1ecb tr\u01b0\u1eddng nh\u1eefng gi\u1ea3i ph\u00e1p h\u1ed9i h\u1ecdp ch\u00ednh h\u00e3ng, t\u1ed1i \u01b0u cho doanh nghi\u1ec7p thu\u1ed9c m\u1ecdi quy m\u00f4, t\u1eeb startup n\u0103ng \u0111\u1ed9ng \u0111\u1ebfn t\u1eadp \u0111o\u00e0n \u0111a qu\u1ed1c gia.\",\"publisher\":{\"@id\":\"https:\/\/logitech.cms.com.vn\/en\/#organization\"},\"alternateName\":\"C\u00f4ng ty TNHH S\u1ea3n xu\u1ea5t v\u00e0 D\u1ecbch v\u1ee5 CMC\",\"potentialAction\":[{\"@type\":\"SearchAction\",\"target\":{\"@type\":\"EntryPoint\",\"urlTemplate\":\"https:\/\/logitech.cms.com.vn\/en\/?s={search_term_string}\"},\"query-input\":{\"@type\":\"PropertyValueSpecification\",\"valueRequired\":true,\"valueName\":\"search_term_string\"}}],\"inLanguage\":\"en-US\"},{\"@type\":\"Organization\",\"@id\":\"https:\/\/logitech.cms.com.vn\/en\/#organization\",\"name\":\"CMS X LOGITECH\",\"alternateName\":\"C\u00f4ng ty TNHH S\u1ea3n xu\u1ea5t v\u00e0 D\u1ecbch v\u1ee5 CMC\",\"url\":\"https:\/\/logitech.cms.com.vn\/en\/\",\"logo\":{\"@type\":\"ImageObject\",\"inLanguage\":\"en-US\",\"@id\":\"https:\/\/logitech.cms.com.vn\/en\/#\/schema\/logo\/image\/\",\"url\":\"https:\/\/logitech.cms.com.vn\/wp-content\/uploads\/2026\/03\/Logitech_idrFIUkALf_3.png\",\"contentUrl\":\"https:\/\/logitech.cms.com.vn\/wp-content\/uploads\/2026\/03\/Logitech_idrFIUkALf_3.png\",\"width\":400,\"height\":400,\"caption\":\"CMS X LOGITECH\"},\"image\":{\"@id\":\"https:\/\/logitech.cms.com.vn\/en\/#\/schema\/logo\/image\/\"},\"sameAs\":[\"https:\/\/www.facebook.com\/CMSCo.Ltd\"]}]}<\/script>\n<!-- \/ Yoast SEO plugin. -->","yoast_head_json":{"title":"Trang m\u1eabu - CMS-LOGITECH","robots":{"index":"index","follow":"follow","max-snippet":"max-snippet:-1","max-image-preview":"max-image-preview:large","max-video-preview":"max-video-preview:-1"},"canonical":"https:\/\/logitech.cms.com.vn\/en\/trang-mau\/","og_locale":"en_US","og_type":"article","og_title":"Trang m\u1eabu - CMS-LOGITECH","og_description":"\u0110\u00e2y l\u00e0 trang m\u1eabu. N\u00f3 kh\u00e1c v\u1edbi b\u00e0i vi\u1ebft b\u1edfi v\u00ec n\u00f3 th\u01b0\u1eddng c\u1ed1 \u0111\u1ecbnh v\u00e0 hi\u1ec3n th\u1ecb trong menu c\u1ee7a b\u1ea1n. Nhi\u1ec1u ng\u01b0\u1eddi b\u1eaft \u0111\u1ea7u v\u1edbi trang Gi\u1edbi thi\u1ec7u n\u01a1i b\u1ea1n chia s\u1ebb th\u00f4ng tin cho nh\u1eefng ai gh\u00e9 th\u0103m. N\u00f3 c\u00f3 th\u1ec3 b\u1eaft \u0111\u1ea7u nh\u01b0 th\u1ebf n\u00e0y: Ch\u00e0o b\u1ea1n! T\u00f4i l\u00e0 m\u1ed9t ng\u01b0\u1eddi [...]","og_url":"https:\/\/logitech.cms.com.vn\/en\/trang-mau\/","og_site_name":"CMS-LOGITECH","article_publisher":"https:\/\/www.facebook.com\/CMSCo.Ltd","og_image":[{"width":2048,"height":1303,"url":"https:\/\/logitech.cms.com.vn\/wp-content\/uploads\/2026\/03\/le-ra-mat-nha-phan-phoi-giai-phap-hoi-hop-logitech.jpg","type":"image\/jpeg"}],"twitter_card":"summary_large_image","twitter_misc":{"Est. reading time":"1 minute"},"schema":{"@context":"https:\/\/schema.org","@graph":[{"@type":"WebPage","@id":"https:\/\/logitech.cms.com.vn\/en\/trang-mau\/","url":"https:\/\/logitech.cms.com.vn\/en\/trang-mau\/","name":"Trang m\u1eabu - CMS-LOGITECH","isPartOf":{"@id":"https:\/\/logitech.cms.com.vn\/en\/#website"},"datePublished":"2025-05-12T08:17:51+00:00","breadcrumb":{"@id":"https:\/\/logitech.cms.com.vn\/en\/trang-mau\/#breadcrumb"},"inLanguage":"en-US","potentialAction":[{"@type":"ReadAction","target":["https:\/\/logitech.cms.com.vn\/en\/trang-mau\/"]}]},{"@type":"BreadcrumbList","@id":"https:\/\/logitech.cms.com.vn\/en\/trang-mau\/#breadcrumb","itemListElement":[{"@type":"ListItem","position":1,"name":"Home","item":"https:\/\/logitech.cms.com.vn\/en\/"},{"@type":"ListItem","position":2,"name":"Trang m\u1eabu"}]},{"@type":"WebSite","@id":"https:\/\/logitech.cms.com.vn\/en\/#website","url":"https:\/\/logitech.cms.com.vn\/en\/","name":"CMS X LOGITECH","description":"L\u00e0 nh\u00e0 ph\u00e2n ph\u1ed1i chi\u1ebfn l\u01b0\u1ee3c c\u1ee7a Logitech t\u1ea1i Vi\u1ec7t Nam, C\u00f4ng ty TNHH S\u1ea3n xu\u1ea5t v\u00e0 D\u1ecbch v\u1ee5 CMC (CMS) t\u1ef1 h\u00e0o mang \u0111\u1ebfn cho th\u1ecb tr\u01b0\u1eddng nh\u1eefng gi\u1ea3i ph\u00e1p h\u1ed9i h\u1ecdp ch\u00ednh h\u00e3ng, t\u1ed1i \u01b0u cho doanh nghi\u1ec7p thu\u1ed9c m\u1ecdi quy m\u00f4, t\u1eeb startup n\u0103ng \u0111\u1ed9ng \u0111\u1ebfn t\u1eadp \u0111o\u00e0n \u0111a qu\u1ed1c gia.","publisher":{"@id":"https:\/\/logitech.cms.com.vn\/en\/#organization"},"alternateName":"C\u00f4ng ty TNHH S\u1ea3n xu\u1ea5t v\u00e0 D\u1ecbch v\u1ee5 CMC","potentialAction":[{"@type":"SearchAction","target":{"@type":"EntryPoint","urlTemplate":"https:\/\/logitech.cms.com.vn\/en\/?s={search_term_string}"},"query-input":{"@type":"PropertyValueSpecification","valueRequired":true,"valueName":"search_term_string"}}],"inLanguage":"en-US"},{"@type":"Organization","@id":"https:\/\/logitech.cms.com.vn\/en\/#organization","name":"CMS X LOGITECH","alternateName":"C\u00f4ng ty TNHH S\u1ea3n xu\u1ea5t v\u00e0 D\u1ecbch v\u1ee5 CMC","url":"https:\/\/logitech.cms.com.vn\/en\/","logo":{"@type":"ImageObject","inLanguage":"en-US","@id":"https:\/\/logitech.cms.com.vn\/en\/#\/schema\/logo\/image\/","url":"https:\/\/logitech.cms.com.vn\/wp-content\/uploads\/2026\/03\/Logitech_idrFIUkALf_3.png","contentUrl":"https:\/\/logitech.cms.com.vn\/wp-content\/uploads\/2026\/03\/Logitech_idrFIUkALf_3.png","width":400,"height":400,"caption":"CMS X LOGITECH"},"image":{"@id":"https:\/\/logitech.cms.com.vn\/en\/#\/schema\/logo\/image\/"},"sameAs":["https:\/\/www.facebook.com\/CMSCo.Ltd"]}]}},"_links":{"self":[{"href":"https:\/\/logitech.cms.com.vn\/en\/wp-json\/wp\/v2\/pages\/1201","targetHints":{"allow":["GET"]}}],"collection":[{"href":"https:\/\/logitech.cms.com.vn\/en\/wp-json\/wp\/v2\/pages"}],"about":[{"href":"https:\/\/logitech.cms.com.vn\/en\/wp-json\/wp\/v2\/types\/page"}],"author":[{"embeddable":true,"href":"https:\/\/logitech.cms.com.vn\/en\/wp-json\/wp\/v2\/users\/1"}],"replies":[{"embeddable":true,"href":"https:\/\/logitech.cms.com.vn\/en\/wp-json\/wp\/v2\/comments?post=1201"}],"version-history":[{"count":0,"href":"https:\/\/logitech.cms.com.vn\/en\/wp-json\/wp\/v2\/pages\/1201\/revisions"}],"wp:attachment":[{"href":"https:\/\/logitech.cms.com.vn\/en\/wp-json\/wp\/v2\/media?parent=1201"}],"curies":[{"name":"wp","href":"https:\/\/api.w.org\/{rel}","templated":true}]}}